{"id":29835,"date":"2020-12-22T17:54:15","date_gmt":"2020-12-22T16:54:15","guid":{"rendered":"https:\/\/pozitronplus.com\/pravila-kolacica\/"},"modified":"2023-07-30T17:09:12","modified_gmt":"2023-07-30T15:09:12","slug":"pravila-kolacica","status":"publish","type":"page","link":"https:\/\/pozitronplus.com\/hr\/pravila-kolacica\/","title":{"rendered":"Pravila o Kola\u010di\u0107ima"},"content":{"rendered":"\t\t<div data-elementor-type=\"wp-page\" data-elementor-id=\"29835\" class=\"elementor elementor-29835 elementor-5201\">\n\t\t\t\t\t\t<section class=\"elementor-section elementor-top-section elementor-element elementor-element-114dce8 elementor-section-boxed elementor-section-height-default elementor-section-height-default\" data-id=\"114dce8\" data-element_type=\"section\" data-e-type=\"section\">\n\t\t\t\t\t\t<div class=\"elementor-container elementor-column-gap-default\">\n\t\t\t\t\t<div class=\"elementor-column elementor-col-100 elementor-top-column elementor-element elementor-element-1245fc6d\" data-id=\"1245fc6d\" data-element_type=\"column\" data-e-type=\"column\">\n\t\t\t<div class=\"elementor-widget-wrap elementor-element-populated\">\n\t\t\t\t\t\t<div class=\"elementor-element elementor-element-1c1fcc70 elementor-widget elementor-widget-text-editor\" data-id=\"1c1fcc70\" data-element_type=\"widget\" data-e-type=\"widget\" data-widget_type=\"text-editor.default\">\n\t\t\t\t<div class=\"elementor-widget-container\">\n\t\t\t\t\t\t\t\t\t<div class=\"cli_pg_page_contaner\">\n<h2><strong>Pravila o Kola\u010di\u0107ima<\/strong><\/h2>\n<h3><strong>O ovoj politici kola\u010di\u0107a<\/strong><\/h3>\n<div>\n<p>Ova Pravila o kola\u010di\u0107ima obja\u0161njavaju \u0161to su kola\u010di\u0107i i kako ih koristimo. Trebali biste pro\u010ditati ovo pravilo da biste shvatili \u0161to su kola\u010di\u0107i, kako ih koristimo, vrste kola\u010di\u0107a koje koristimo, tj. Podatke koje prikupljamo pomo\u0107u kola\u010di\u0107a i kako se te informacije koriste i kako kontrolirati postavke kola\u010di\u0107a. Za dodatne informacije o tome kako koristimo, pohranjujemo i \u010duvamo va\u0161e osobne podatke, pogledajte na\u0161u Politiku privatnosti.<\/p>\n<p>Mo\u017eete u bilo kojem trenutku promijeniti ili povu\u0107i svoj pristanak iz Izjave o kola\u010di\u0107ima na na\u0161oj web stranici.<\/p>\n<p>Saznajte vi\u0161e o tome tko smo, kako nas mo\u017eete kontaktirati i kako obra\u0111ujemo osobne podatke u na\u0161im Pravilima o privatnosti.<\/p>\n<p>Va\u0161 pristanak odnosi se na sljede\u0107e domene: <a href=\"https:\/\/pozitronplus.com\/hr\/\">pozitronplus.com<\/a><\/p>\n<div class=\"cli_user_consent_state\">Va\u0161e trenutno stanje: Nema pristanka. <a class=\"cli_manage_current_consent\" style=\"cursor:pointer;text-decoration:underline;\">Upravljajte svojim pristankom.<\/a> <\/div>\n<\/div>\n<h3> <\/h3>\n<h3><strong>\u0160to su kola\u010di\u0107i?<\/strong><\/h3>\n<div>\n<p>Kola\u010di\u0107i su male tekstualne datoteke koje se koriste za pohranu malih dijelova informacija. Kola\u010di\u0107i se pohranjuju na va\u0161 ure\u0111aj kada se web stranica u\u010dita u va\u0161 preglednik. Ovi kola\u010di\u0107i poma\u017eu nam da ispravno funkcioniramo web mjesto, u\u010dinimo web mjesto sigurnijim, pru\u017eamo bolje korisni\u010dko iskustvo i razumijemo kako web mjesto funkcionira i analiziramo \u0161to radi i gdje treba pobolj\u0161ati.<\/p>\n<\/p>\n<\/div>\n<h3><strong>Kako koristimo kola\u010di\u0107e?<\/strong><\/h3>\n<div>\n<p>Kao i ve\u0107ina internetskih usluga, na\u0161a web stranica koristi kola\u010di\u0107e kola\u010di\u0107e prve i tre\u0107e strane u brojne svrhe. Kola\u010di\u0107i prve strane uglavnom su potrebni da web mjesto funkcionira na pravi na\u010din i ne prikupljaju nikakve va\u0161e osobne podatke.<\/p>\n<p>Kola\u010di\u0107i tre\u0107e strane koji se upotrebljavaju na na\u0161im web stranicama uglavnom se koriste za razumijevanje izvedbe web mjesta, interakcije s na\u0161om web stranicom, odr\u017eavanje na\u0161ih usluga sigurnim, pru\u017eanje reklama koje su relevantne za vas i sve u svemu pru\u017eamo vam bolje i bolje korisni\u010dko iskustvo i pomo\u0107i vam da ubrzate budu\u0107e interakcije s na\u0161om web stranicom.<\/p>\n<\/p>\n<\/div>\n<h3><strong>Koje vrste kola\u010di\u0107a koristimo?<\/strong><\/h3>\n<div>\n<p><span style=\"font-weight: bold;\">Bitno:<\/span> Neki su kola\u010di\u0107i klju\u010dni kako biste mogli do\u017eivjeti potpunu funkcionalnost na\u0161e web stranice. Omogu\u0107uju nam odr\u017eavanje korisni\u010dkih sesija i sprje\u010davanje bilo kakvih sigurnosnih prijetnji. Ne prikupljaju niti pohranjuju nikakve osobne podatke. Na primjer, ti kola\u010di\u0107i omogu\u0107uju vam da se prijavite na svoj ra\u010dun te dodate proizvode u svoju ko\u0161aricu i na siguran na\u010din.<\/p>\n<p><span style=\"font-weight: bold;\">Statisti\u010dki podaci:<\/span> Ovi kola\u010di\u0107i pohranjuju informacije poput broja posjetitelja web stranice, broja jedinstvenih posjetitelja, koje su stranice posje\u0107ene, izvor posjete itd. Ovi nam podaci poma\u017eu da razumijemo i analiziramo uspje\u0161nost web stranice i tamo gdje treba pobolj\u0161anje.<\/p>\n<p><span style=\"font-weight: bold;\">Marketing:<\/span> Na\u0161a web stranica prikazuje oglase. Ovi kola\u010di\u0107i koriste se za personaliziranje reklama koje vam prikazujemo tako da vam imaju smisla. Ovi kola\u010di\u0107i tako\u0111er nam poma\u017eu da pratimo u\u010dinkovitost ovih oglasnih kampanja.<\/p>\n<p>Informacije pohranjene u ovim kola\u010di\u0107ima tre\u0107i proizvo\u0111a\u010di oglasa mogu tako\u0111er koristiti za prikazivanje oglasa na ostalim web lokacijama u pregledniku.<\/p>\n<p><span style=\"font-weight: bold;\">Funkcionalni:<\/span> Ovo su kola\u010di\u0107i koji poma\u017eu odre\u0111ene nebitne funkcionalnosti na na\u0161oj web stranici. Te funkcionalnosti uklju\u010duju ugradnju sadr\u017eaja poput videozapisa ili dijeljenje sadr\u017eaja na web mjestu na platformama dru\u0161tvenih medija.<\/p>\n<p><span style=\"font-weight: bold;\">Postavke:<\/span> Ovi kola\u010di\u0107i poma\u017eu nam da pohranimo va\u0161e postavke i postavke pretra\u017eivanja poput preferencija jezika, tako da imate bolje i efikasnije iskustvo budu\u0107ih posjeta web mjestu.<\/p>\n<p>The below list details the cookies used in our website.<\/p><table class=\"cookielawinfo-row-cat-table cookielawinfo-classic\"><thead><tr><th class=\"cookielawinfo-column-1\">Kola\u010di\u0107<\/th><th class=\"cookielawinfo-column-4\">Opis<\/th><\/tr><\/thead><tbody><tr class=\"cookielawinfo-row\"><td class=\"cookielawinfo-column-1\">__cfduid<\/td><td class=\"cookielawinfo-column-4\">Kola\u010di\u0107 koriste cdn usluge poput CloudFare za prepoznavanje pojedina\u010dnih klijenata iza zajedni\u010dke IP adrese i primjenu sigurnosnih postavki na osnovi svakog klijenta. Ne odgovara nijednom korisni\u010dkom ID-u u web aplikaciji i ne pohranjuje nikakve osobne podatke.<\/td><\/tr><tr class=\"cookielawinfo-row\"><td class=\"cookielawinfo-column-1\">_ga<\/td><td class=\"cookielawinfo-column-4\">Ovaj kola\u010di\u0107 instalirao je Google Analytics. Ovaj kola\u010di\u0107 instalirao je Google Analytics. Kola\u010di\u0107 se koristi za izra\u010dunavanje podataka o posjetiteljima, sesijama, kampanjama i pra\u0107enje kori\u0161tenja web mjesta za analiti\u010dko izvje\u0161\u0107e web mjesta. Kola\u010di\u0107i anonimno pohranjuju podatke i dodjeljuju slu\u010dajno generirani broj za identificiranje jedinstvenih posjetitelja.<\/td><\/tr><tr class=\"cookielawinfo-row\"><td class=\"cookielawinfo-column-1\">_gat_gtag_UA_143071356_1<\/td><td class=\"cookielawinfo-column-4\">Bez opisa.<\/td><\/tr><tr class=\"cookielawinfo-row\"><td class=\"cookielawinfo-column-1\">_gid<\/td><td class=\"cookielawinfo-column-4\">Ovaj kola\u010di\u0107 instalirao je Google Analytics. Kola\u010di\u0107 se koristi za pohranu podataka o tome kako posjetitelji koriste web stranicu i poma\u017ee u stvaranju analiti\u010dkog izvje\u0161\u0107a o tome kako web stranica radi. Prikupljeni podaci, uklju\u010duju\u0107i broj posjetitelja, izvor odakle dolaze i stranice prikazane su u anonimnom obliku.<\/td><\/tr><tr class=\"cookielawinfo-row\"><td class=\"cookielawinfo-column-1\">CONSENT<\/td><td class=\"cookielawinfo-column-4\">Bez opisa.<\/td><\/tr><tr class=\"cookielawinfo-row\"><td class=\"cookielawinfo-column-1\">cookielawinfo-checkbox-advertisement<\/td><td class=\"cookielawinfo-column-4\">Ovaj kola\u010di\u0107 postavlja dodatak GDPR Cookie Consent. Kola\u010di\u0107 se koristi za pohranu korisni\u010dkog pristanka za kola\u010di\u0107e u kategoriji &#8220;Reklamni Kola\u010di\u0107i&#8221;.<\/td><\/tr><tr class=\"cookielawinfo-row\"><td class=\"cookielawinfo-column-1\">cookielawinfo-checkbox-analytics<\/td><td class=\"cookielawinfo-column-4\">Ovaj kola\u010di\u0107 postavlja dodatak GDPR Cookie Consent. Kola\u010di\u0107 se koristi za pohranu korisni\u010dkog pristanka za kola\u010di\u0107e u kategoriji &#8220;Analiti\u010dki Kola\u010di\u0107i&#8221;.<\/td><\/tr><tr class=\"cookielawinfo-row\"><td class=\"cookielawinfo-column-1\">cookielawinfo-checkbox-functional<\/td><td class=\"cookielawinfo-column-4\">Ovaj kola\u010di\u0107 postavlja dodatak GDPR Cookie Consent za bilje\u017eenje korisni\u010dkog pristanka za kola\u010di\u0107e u kategoriji &#8220;Funkcionalni Kola\u010di\u0107i&#8221;.<\/td><\/tr><tr class=\"cookielawinfo-row\"><td class=\"cookielawinfo-column-1\">cookielawinfo-checkbox-necessary<\/td><td class=\"cookielawinfo-column-4\">Ovaj kola\u010di\u0107 postavlja dodatak GDPR Cookie Consent. Kola\u010di\u0107i se koriste za pohranu korisni\u010dkog pristanka za kola\u010di\u0107e u kategoriji &#8220;Nu\u017eni Kola\u010di\u0107i&#8221;.<\/td><\/tr><tr class=\"cookielawinfo-row\"><td class=\"cookielawinfo-column-1\">cookielawinfo-checkbox-non-necessary<\/td><td class=\"cookielawinfo-column-4\">Ovaj kola\u010di\u0107 postavlja dodatak GDPR Cookie Consent. Kola\u010di\u0107 se koristi za pohranu korisni\u010dkog pristanka za kola\u010di\u0107e u kategoriji &#8220;Opcionalni Kola\u010di\u0107i&#8221;.<\/td><\/tr><tr class=\"cookielawinfo-row\"><td class=\"cookielawinfo-column-1\">cookielawinfo-checkbox-others<\/td><td class=\"cookielawinfo-column-4\">Ovaj kola\u010di\u0107 postavlja dodatak GDPR Cookie Consent. Kola\u010di\u0107 se koristi za pohranu korisni\u010dkog pristanka za kola\u010di\u0107e u kategoriji &#8220;Ostali Kola\u010di\u0107i&#8221;.<\/td><\/tr><tr class=\"cookielawinfo-row\"><td class=\"cookielawinfo-column-1\">cookielawinfo-checkbox-performance<\/td><td class=\"cookielawinfo-column-4\">Ovaj kola\u010di\u0107 postavlja dodatak GDPR Cookie Consent. Kola\u010di\u0107 se koristi za pohranu korisni\u010dkog pristanka za kola\u010di\u0107e u kategoriji &#8220;Kola\u010di\u0107i Izvedbe&#8221;.<\/td><\/tr><tr class=\"cookielawinfo-row\"><td class=\"cookielawinfo-column-1\">IDE<\/td><td class=\"cookielawinfo-column-4\">Koristi ga Google DoubleClick i pohranjuje informacije o tome kako korisnik koristi web mjesto i bilo koji drugi oglas prije posjeta web mjestu. Oni se koristi za predstavljanje korisnika s oglasima koji su im relevantni u skladu s korisni\u010dkim profilom.<\/td><\/tr><tr class=\"cookielawinfo-row\"><td class=\"cookielawinfo-column-1\">RUL<\/td><td class=\"cookielawinfo-column-4\">Bez opisa.<\/td><\/tr><tr class=\"cookielawinfo-row\"><td class=\"cookielawinfo-column-1\">test_cookie<\/td><td class=\"cookielawinfo-column-4\">Ovaj kola\u010di\u0107 postavlja DoubleClick.net. Svrha kola\u010di\u0107a je utvrditi podr\u017eava li korisnikov preglednik kola\u010di\u0107e.<\/td><\/tr><tr class=\"cookielawinfo-row\"><td class=\"cookielawinfo-column-1\">VISITOR_INFO1_LIVE<\/td><td class=\"cookielawinfo-column-4\">Ovaj kola\u010di\u0107 postavlja Youtube. Koristi se za pra\u0107enje informacija ugra\u0111enih YouTube videozapisa na web mjestu.<\/td><\/tr><tr class=\"cookielawinfo-row\"><td class=\"cookielawinfo-column-1\">YSC<\/td><td class=\"cookielawinfo-column-4\">Ove kola\u010di\u0107e postavlja Youtube i koriste se za pra\u0107enje prikaza ugra\u0111enih videozapisa.<\/td><\/tr><\/tbody><\/table>\n<\/p>\n<\/div>\n<h3><strong>Kako mogu kontrolirati postavke kola\u010di\u0107a?<\/strong><\/h3>\n<div>\n<p>Ako odlu\u010dite naknadno promijeniti svoje postavke tijekom sesije pregledavanja, na zaslonu mo\u017eete kliknuti karticu \u201cPrivatnost i kola\u010di\u0107e\u201d. Ovo \u0107e opet prikazati obavijest o pristanku koja \u0107e vam omogu\u0107iti da promijenite svoje postavke ili u potpunosti povu\u010dete svoj pristanak.<\/p>\n<p>Uz to, razli\u010diti preglednici pru\u017eaju razli\u010dite metode za blokiranje i brisanje kola\u010di\u0107a koje koriste web stranice. Mo\u017eete promijeniti postavke preglednika da biste blokirali\/izbrisali kola\u010di\u0107e. Da biste saznali vi\u0161e o upravljanju i brisanju kola\u010di\u0107a, posjetite <a href=\"https:\/\/en.wikipedia.org\/wiki\/HTTP_cookie\" target=\"_blank\" rel=\"nofollow noopener noreferrer\">wikipedia.org<\/a>, <a href=\"http:\/\/www.allaboutcookies.org\/\" target=\"_blank\" rel=\"nofollow noopener noreferrer\">www.allaboutcookies.org.<\/a><\/p>\n<\/div>\n<\/div>\n\t\t\t\t\t\t\t\t<\/div>\n\t\t\t\t<\/div>\n\t\t\t\t\t<\/div>\n\t\t<\/div>\n\t\t\t\t\t<\/div>\n\t\t<\/section>\n\t\t\t\t<\/div>\n\t\t","protected":false},"excerpt":{"rendered":"<p>Pravila o Kola\u010di\u0107ima O ovoj politici kola\u010di\u0107a Ova Pravila o kola\u010di\u0107ima obja\u0161njavaju \u0161to su kola\u010di\u0107i i kako ih koristimo. Trebali biste pro\u010ditati ovo pravilo da biste shvatili \u0161to su kola\u010di\u0107i, kako ih koristimo, vrste kola\u010di\u0107a koje koristimo, tj. Podatke koje prikupljamo pomo\u0107u kola\u010di\u0107a i kako se te informacije koriste i kako kontrolirati postavke kola\u010di\u0107a. Za [&hellip;]<\/p>\n","protected":false},"author":1,"featured_media":0,"parent":0,"menu_order":0,"comment_status":"closed","ping_status":"closed","template":"","meta":{"_exactmetrics_skip_tracking":false,"_exactmetrics_sitenote_active":false,"_exactmetrics_sitenote_note":"","_exactmetrics_sitenote_category":0,"site-sidebar-layout":"no-sidebar","site-content-layout":"plain-container","ast-site-content-layout":"default","site-content-style":"default","site-sidebar-style":"default","ast-global-header-display":"","ast-banner-title-visibility":"","ast-main-header-display":"","ast-hfb-above-header-display":"","ast-hfb-below-header-display":"","ast-hfb-mobile-header-display":"","site-post-title":"disabled","ast-breadcrumbs-content":"","ast-featured-img":"","footer-sml-layout":"","ast-disable-related-posts":"","theme-transparent-header-meta":"disabled","adv-header-id-meta":"","stick-header-meta":"","header-above-stick-meta":"","header-main-stick-meta":"","header-below-stick-meta":"","astra-migrate-meta-layouts":"default","ast-page-background-enabled":"default","ast-page-background-meta":{"desktop":{"background-color":"","background-image":"","background-repeat":"repeat","background-position":"center center","background-size":"auto","background-attachment":"scroll","background-type":"","background-media":"","overlay-type":"","overlay-color":"","overlay-opacity":"","overlay-gradient":""},"tablet":{"background-color":"","background-image":"","background-repeat":"repeat","background-position":"center center","background-size":"auto","background-attachment":"scroll","background-type":"","background-media":"","overlay-type":"","overlay-color":"","overlay-opacity":"","overlay-gradient":""},"mobile":{"background-color":"","background-image":"","background-repeat":"repeat","background-position":"center center","background-size":"auto","background-attachment":"scroll","background-type":"","background-media":"","overlay-type":"","overlay-color":"","overlay-opacity":"","overlay-gradient":""}},"ast-content-background-meta":{"desktop":{"background-color":"var(--ast-global-color-5)","background-image":"","background-repeat":"repeat","background-position":"center center","background-size":"auto","background-attachment":"scroll","background-type":"","background-media":"","overlay-type":"","overlay-color":"","overlay-opacity":"","overlay-gradient":""},"tablet":{"background-color":"var(--ast-global-color-5)","background-image":"","background-repeat":"repeat","background-position":"center center","background-size":"auto","background-attachment":"scroll","background-type":"","background-media":"","overlay-type":"","overlay-color":"","overlay-opacity":"","overlay-gradient":""},"mobile":{"background-color":"var(--ast-global-color-5)","background-image":"","background-repeat":"repeat","background-position":"center center","background-size":"auto","background-attachment":"scroll","background-type":"","background-media":"","overlay-type":"","overlay-color":"","overlay-opacity":"","overlay-gradient":""}},"footnotes":""},"class_list":["post-29835","page","type-page","status-publish","hentry"],"yoast_head":"<title>Politika Kola\u010di\u0107a | POZITRON PLUS<\/title>\n<meta name=\"description\" content=\"Ova Pravila o kola\u010di\u0107ima obja\u0161njavaju \u0161to su kola\u010di\u0107i i kako ih koristimo na na\u0161oj web stranici i web-trgovini pozitronplus.com\/hr.\" \/>\n<meta name=\"robots\" content=\"index, follow, max-snippet:-1, max-image-preview:large, max-video-preview:-1\" \/>\n<link rel=\"canonical\" href=\"https:\/\/pozitronplus.com\/hr\/pravila-kolacica\/\" \/>\n<meta property=\"og:locale\" content=\"hr_HR\" \/>\n<meta property=\"og:type\" content=\"article\" \/>\n<meta property=\"og:title\" content=\"Politika Kola\u010di\u0107a | POZITRON PLUS\" \/>\n<meta property=\"og:description\" content=\"Ova Pravila o kola\u010di\u0107ima obja\u0161njavaju \u0161to su kola\u010di\u0107i i kako ih koristimo na na\u0161oj web stranici i web-trgovini pozitronplus.com\/hr.\" \/>\n<meta property=\"og:url\" content=\"https:\/\/pozitronplus.com\/hr\/pravila-kolacica\/\" \/>\n<meta property=\"og:site_name\" content=\"Pozitron Plus\" \/>\n<meta property=\"article:publisher\" content=\"https:\/\/www.facebook.com\/PozitronPlusProtection\" \/>\n<meta property=\"article:modified_time\" content=\"2023-07-30T15:09:12+00:00\" \/>\n<meta name=\"twitter:card\" content=\"summary_large_image\" \/>\n<meta name=\"twitter:label1\" content=\"Procijenjeno vrijeme \u010ditanja\" \/>\n\t<meta name=\"twitter:data1\" content=\"3 minute\" \/>\n<script type=\"application\/ld+json\" class=\"yoast-schema-graph\">{\"@context\":\"https:\\\/\\\/schema.org\",\"@graph\":[{\"@type\":\"WebPage\",\"@id\":\"https:\\\/\\\/pozitronplus.com\\\/hr\\\/pravila-kolacica\\\/\",\"url\":\"https:\\\/\\\/pozitronplus.com\\\/hr\\\/pravila-kolacica\\\/\",\"name\":\"Politika Kola\u010di\u0107a | POZITRON PLUS\",\"isPartOf\":{\"@id\":\"https:\\\/\\\/pozitronplus.com\\\/hr\\\/#website\"},\"datePublished\":\"2020-12-22T16:54:15+00:00\",\"dateModified\":\"2023-07-30T15:09:12+00:00\",\"description\":\"Ova Pravila o kola\u010di\u0107ima obja\u0161njavaju \u0161to su kola\u010di\u0107i i kako ih koristimo na na\u0161oj web stranici i web-trgovini pozitronplus.com\\\/hr.\",\"breadcrumb\":{\"@id\":\"https:\\\/\\\/pozitronplus.com\\\/hr\\\/pravila-kolacica\\\/#breadcrumb\"},\"inLanguage\":\"hr\",\"potentialAction\":[{\"@type\":\"ReadAction\",\"target\":[\"https:\\\/\\\/pozitronplus.com\\\/hr\\\/pravila-kolacica\\\/\"]}]},{\"@type\":\"BreadcrumbList\",\"@id\":\"https:\\\/\\\/pozitronplus.com\\\/hr\\\/pravila-kolacica\\\/#breadcrumb\",\"itemListElement\":[{\"@type\":\"ListItem\",\"position\":1,\"name\":\"Home\",\"item\":\"https:\\\/\\\/pozitronplus.com\\\/hr\\\/\"},{\"@type\":\"ListItem\",\"position\":2,\"name\":\"Pravila o Kola\u010di\u0107ima\"}]},{\"@type\":\"WebSite\",\"@id\":\"https:\\\/\\\/pozitronplus.com\\\/hr\\\/#website\",\"url\":\"https:\\\/\\\/pozitronplus.com\\\/hr\\\/\",\"name\":\"Pozitron Plus\",\"description\":\"Pozitron Plus\",\"publisher\":{\"@id\":\"https:\\\/\\\/pozitronplus.com\\\/hr\\\/#organization\"},\"potentialAction\":[{\"@type\":\"SearchAction\",\"target\":{\"@type\":\"EntryPoint\",\"urlTemplate\":\"https:\\\/\\\/pozitronplus.com\\\/hr\\\/?s={search_term_string}\"},\"query-input\":{\"@type\":\"PropertyValueSpecification\",\"valueRequired\":true,\"valueName\":\"search_term_string\"}}],\"inLanguage\":\"hr\"},{\"@type\":\"Organization\",\"@id\":\"https:\\\/\\\/pozitronplus.com\\\/hr\\\/#organization\",\"name\":\"Medi Spa d.o.o.\",\"url\":\"https:\\\/\\\/pozitronplus.com\\\/hr\\\/\",\"logo\":{\"@type\":\"ImageObject\",\"inLanguage\":\"hr\",\"@id\":\"https:\\\/\\\/pozitronplus.com\\\/hr\\\/#\\\/schema\\\/logo\\\/image\\\/\",\"url\":\"https:\\\/\\\/pozitronplus.com\\\/wp-content\\\/uploads\\\/2019\\\/11\\\/Pozitron-Plus-New-Design.png\",\"contentUrl\":\"https:\\\/\\\/pozitronplus.com\\\/wp-content\\\/uploads\\\/2019\\\/11\\\/Pozitron-Plus-New-Design.png\",\"width\":399,\"height\":409,\"caption\":\"Medi Spa d.o.o.\"},\"image\":{\"@id\":\"https:\\\/\\\/pozitronplus.com\\\/hr\\\/#\\\/schema\\\/logo\\\/image\\\/\"},\"sameAs\":[\"https:\\\/\\\/www.facebook.com\\\/PozitronPlusProtection\",\"https:\\\/\\\/www.youtube.com\\\/channel\\\/UCHrklf6QjKGeco-8RVsK6Uw\",\"https:\\\/\\\/www.instagram.com\\\/pozitron_plus\\\/\"]}]}<\/script>","yoast_head_json":{"title":"Politika Kola\u010di\u0107a | POZITRON PLUS","description":"Ova Pravila o kola\u010di\u0107ima obja\u0161njavaju \u0161to su kola\u010di\u0107i i kako ih koristimo na na\u0161oj web stranici i web-trgovini pozitronplus.com\/hr.","robots":{"index":"index","follow":"follow","max-snippet":"max-snippet:-1","max-image-preview":"max-image-preview:large","max-video-preview":"max-video-preview:-1"},"canonical":"https:\/\/pozitronplus.com\/hr\/pravila-kolacica\/","og_locale":"hr_HR","og_type":"article","og_title":"Politika Kola\u010di\u0107a | POZITRON PLUS","og_description":"Ova Pravila o kola\u010di\u0107ima obja\u0161njavaju \u0161to su kola\u010di\u0107i i kako ih koristimo na na\u0161oj web stranici i web-trgovini pozitronplus.com\/hr.","og_url":"https:\/\/pozitronplus.com\/hr\/pravila-kolacica\/","og_site_name":"Pozitron Plus","article_publisher":"https:\/\/www.facebook.com\/PozitronPlusProtection","article_modified_time":"2023-07-30T15:09:12+00:00","twitter_card":"summary_large_image","twitter_misc":{"Procijenjeno vrijeme \u010ditanja":"3 minute"},"schema":{"@context":"https:\/\/schema.org","@graph":[{"@type":"WebPage","@id":"https:\/\/pozitronplus.com\/hr\/pravila-kolacica\/","url":"https:\/\/pozitronplus.com\/hr\/pravila-kolacica\/","name":"Politika Kola\u010di\u0107a | POZITRON PLUS","isPartOf":{"@id":"https:\/\/pozitronplus.com\/hr\/#website"},"datePublished":"2020-12-22T16:54:15+00:00","dateModified":"2023-07-30T15:09:12+00:00","description":"Ova Pravila o kola\u010di\u0107ima obja\u0161njavaju \u0161to su kola\u010di\u0107i i kako ih koristimo na na\u0161oj web stranici i web-trgovini pozitronplus.com\/hr.","breadcrumb":{"@id":"https:\/\/pozitronplus.com\/hr\/pravila-kolacica\/#breadcrumb"},"inLanguage":"hr","potentialAction":[{"@type":"ReadAction","target":["https:\/\/pozitronplus.com\/hr\/pravila-kolacica\/"]}]},{"@type":"BreadcrumbList","@id":"https:\/\/pozitronplus.com\/hr\/pravila-kolacica\/#breadcrumb","itemListElement":[{"@type":"ListItem","position":1,"name":"Home","item":"https:\/\/pozitronplus.com\/hr\/"},{"@type":"ListItem","position":2,"name":"Pravila o Kola\u010di\u0107ima"}]},{"@type":"WebSite","@id":"https:\/\/pozitronplus.com\/hr\/#website","url":"https:\/\/pozitronplus.com\/hr\/","name":"Pozitron Plus","description":"Pozitron Plus","publisher":{"@id":"https:\/\/pozitronplus.com\/hr\/#organization"},"potentialAction":[{"@type":"SearchAction","target":{"@type":"EntryPoint","urlTemplate":"https:\/\/pozitronplus.com\/hr\/?s={search_term_string}"},"query-input":{"@type":"PropertyValueSpecification","valueRequired":true,"valueName":"search_term_string"}}],"inLanguage":"hr"},{"@type":"Organization","@id":"https:\/\/pozitronplus.com\/hr\/#organization","name":"Medi Spa d.o.o.","url":"https:\/\/pozitronplus.com\/hr\/","logo":{"@type":"ImageObject","inLanguage":"hr","@id":"https:\/\/pozitronplus.com\/hr\/#\/schema\/logo\/image\/","url":"https:\/\/pozitronplus.com\/wp-content\/uploads\/2019\/11\/Pozitron-Plus-New-Design.png","contentUrl":"https:\/\/pozitronplus.com\/wp-content\/uploads\/2019\/11\/Pozitron-Plus-New-Design.png","width":399,"height":409,"caption":"Medi Spa d.o.o."},"image":{"@id":"https:\/\/pozitronplus.com\/hr\/#\/schema\/logo\/image\/"},"sameAs":["https:\/\/www.facebook.com\/PozitronPlusProtection","https:\/\/www.youtube.com\/channel\/UCHrklf6QjKGeco-8RVsK6Uw","https:\/\/www.instagram.com\/pozitron_plus\/"]}]}},"_links":{"self":[{"href":"https:\/\/pozitronplus.com\/hr\/wp-json\/wp\/v2\/pages\/29835","targetHints":{"allow":["GET"]}}],"collection":[{"href":"https:\/\/pozitronplus.com\/hr\/wp-json\/wp\/v2\/pages"}],"about":[{"href":"https:\/\/pozitronplus.com\/hr\/wp-json\/wp\/v2\/types\/page"}],"author":[{"embeddable":true,"href":"https:\/\/pozitronplus.com\/hr\/wp-json\/wp\/v2\/users\/1"}],"replies":[{"embeddable":true,"href":"https:\/\/pozitronplus.com\/hr\/wp-json\/wp\/v2\/comments?post=29835"}],"version-history":[{"count":15,"href":"https:\/\/pozitronplus.com\/hr\/wp-json\/wp\/v2\/pages\/29835\/revisions"}],"predecessor-version":[{"id":44052,"href":"https:\/\/pozitronplus.com\/hr\/wp-json\/wp\/v2\/pages\/29835\/revisions\/44052"}],"wp:attachment":[{"href":"https:\/\/pozitronplus.com\/hr\/wp-json\/wp\/v2\/media?parent=29835"}],"curies":[{"name":"wp","href":"https:\/\/api.w.org\/{rel}","templated":true}]}}