{"id":5220,"date":"2019-07-01T17:28:25","date_gmt":"2019-07-01T15:28:25","guid":{"rendered":"https:\/\/pozitronplus.com\/affiliate-area\/"},"modified":"2022-05-19T15:02:44","modified_gmt":"2022-05-19T13:02:44","slug":"affiliate-area","status":"publish","type":"page","link":"https:\/\/pozitronplus.com\/hr\/affiliate-area\/","title":{"rendered":"Partnerska Suradnja"},"content":{"rendered":"\n<form id=\"affwp-register-form\" class=\"affwp-form\" action=\"\" method=\"post\">\n\t\n\t<fieldset>\n\t\t<legend>Register a new affiliate account<\/legend>\n\n\t\t\n\t\t<p>\n\t\t\t<label for=\"affwp-user-name\">Your Name<\/label>\n\t\t\t<input id=\"affwp-user-name\" type=\"text\" name=\"affwp_user_name\" value=\"\" title=\"Your Name\"  required='required' \/>\n\t\t<\/p>\n\n\t\t<p>\n\t\t\t<label for=\"affwp-user-login\">Username<\/label>\n\t\t\t<input id=\"affwp-user-login\" required=\"required\" type=\"text\" name=\"affwp_user_login\" maxlength=\"60\" value=\"\" title=\"Username\" \/>\n\t\t<\/p>\n\n\t\t<p>\n\t\t\t<label for=\"affwp-user-email\">Account Email<\/label>\n\t\t\t<input id=\"affwp-user-email\" required=\"required\" type=\"email\" name=\"affwp_user_email\" value=\"\" title=\"Email Address\" \/>\n\t\t<\/p>\n\n\t\t<p>\n\t\t\t<label for=\"affwp-payment-email\">Payment Email<\/label>\n\t\t\t<input id=\"affwp-payment-email\" type=\"email\" name=\"affwp_payment_email\" value=\"\" title=\"Payment Email Address\" required='required' \/>\n\t\t<\/p>\n\n\t\t<p>\n\t\t\t<label for=\"affwp-user-url\">Website URL<\/label>\n\t\t\t<input id=\"affwp-user-url\" type=\"text\" name=\"affwp_user_url\" value=\"\" title=\"Website URL\"  required='required' \/>\n\t\t<\/p>\n\n\t\t<p>\n\t\t\t<label for=\"affwp-promotion-method\">How will you promote us?<\/label>\n\t\t\t<textarea id=\"affwp-promotion-method\" name=\"affwp_promotion_method\" rows=\"5\" cols=\"30\" required='required'><\/textarea>\n\t\t<\/p>\n\n\t\t\n\t\t\t<p>\n\t\t\t\t<label for=\"affwp-user-pass\">Password<\/label>\n\t\t\t\t<input id=\"affwp-user-pass\" required=\"required\" class=\"password\" type=\"password\" name=\"affwp_user_pass\" \/>\n\t\t\t<\/p>\n\n\t\t\t<p>\n\t\t\t\t<label for=\"affwp-user-pass2\">Confirm Password<\/label>\n\t\t\t\t<input id=\"affwp-user-pass2\" required=\"required\" class=\"password\" type=\"password\" name=\"affwp_user_pass2\" \/>\n\t\t\t<\/p>\n\n\t\t\n\t\t\n\t\t\t\t\n\t\t\n\t\t\n\t\t<p>\n\t\t\t<input type=\"hidden\" name=\"affwp_honeypot\" value=\"\" \/>\n\t\t\t<input type=\"hidden\" name=\"affwp_redirect\" value=\"\"\/>\n\t\t\t<input type=\"hidden\" name=\"affwp_register_nonce\" value=\"f27c9f1ed5\" \/>\n\t\t\t<input type=\"hidden\" name=\"affwp_action\" value=\"affiliate_register\" \/>\n\t\t\t<input class=\"button\" type=\"submit\" value=\"Register\" \/>\n\t\t<\/p>\n\n\t\t\t<\/fieldset>\n\n\t<\/form>\n\n<form id=\"affwp-login-form\" class=\"affwp-form\" action=\"\" method=\"post\">\n\t\n\t<fieldset>\n\t\t<legend>Log into your account<\/legend>\n\n\t\t\n\t\t<p>\n\t\t\t<label for=\"affwp-login-user-login\">Username<\/label>\n\t\t\t<input id=\"affwp-login-user-login\" class=\"required\" type=\"text\" name=\"affwp_user_login\" title=\"Username\" \/>\n\t\t<\/p>\n\n\t\t<p>\n\t\t\t<label for=\"affwp-login-user-pass\">Password<\/label>\n\t\t\t<input id=\"affwp-login-user-pass\" class=\"password required\" type=\"password\" name=\"affwp_user_pass\" \/>\n\t\t<\/p>\n\n\t\t<p>\n\t\t\t<label class=\"affwp-user-remember\" for=\"affwp-user-remember\">\n\t\t\t\t<input id=\"affwp-user-remember\" type=\"checkbox\" name=\"affwp_user_remember\" value=\"1\" \/> Remember Me\t\t\t<\/label>\n\t\t<\/p>\n\n\t\t<p>\n\t\t\t<input type=\"hidden\" name=\"affwp_redirect\" value=\"\"\/>\n\t\t\t<input type=\"hidden\" name=\"affwp_login_nonce\" value=\"00026cc2b1\" \/>\n\t\t\t<input type=\"hidden\" name=\"affwp_action\" value=\"user_login\" \/>\n\t\t\t<input type=\"submit\" class=\"button\" value=\"Log In\" \/>\n\t\t<\/p>\n\n\t\t<p class=\"affwp-lost-password\">\n\t\t\t<a href=\"https:\/\/pozitronplus.com\/hr\/moj-racun\/lost-password\/\">Lost your password?<\/a>\n\t\t<\/p>\n\n\t\t\t<\/fieldset>\n\n\t<\/form>\n\n","protected":false},"excerpt":{"rendered":"","protected":false},"author":1,"featured_media":0,"parent":0,"menu_order":0,"comment_status":"closed","ping_status":"closed","template":"","meta":{"_exactmetrics_skip_tracking":false,"_exactmetrics_sitenote_active":false,"_exactmetrics_sitenote_note":"","_exactmetrics_sitenote_category":0,"site-sidebar-layout":"no-sidebar","site-content-layout":"plain-container","ast-site-content-layout":"default","site-content-style":"default","site-sidebar-style":"default","ast-global-header-display":"","ast-banner-title-visibility":"","ast-main-header-display":"","ast-hfb-above-header-display":"","ast-hfb-below-header-display":"","ast-hfb-mobile-header-display":"","site-post-title":"","ast-breadcrumbs-content":"","ast-featured-img":"","footer-sml-layout":"","ast-disable-related-posts":"","theme-transparent-header-meta":"disabled","adv-header-id-meta":"","stick-header-meta":"","header-above-stick-meta":"","header-main-stick-meta":"","header-below-stick-meta":"","astra-migrate-meta-layouts":"default","ast-page-background-enabled":"default","ast-page-background-meta":{"desktop":{"background-color":"","background-image":"","background-repeat":"repeat","background-position":"center center","background-size":"auto","background-attachment":"scroll","background-type":"","background-media":"","overlay-type":"","overlay-color":"","overlay-opacity":"","overlay-gradient":""},"tablet":{"background-color":"","background-image":"","background-repeat":"repeat","background-position":"center center","background-size":"auto","background-attachment":"scroll","background-type":"","background-media":"","overlay-type":"","overlay-color":"","overlay-opacity":"","overlay-gradient":""},"mobile":{"background-color":"","background-image":"","background-repeat":"repeat","background-position":"center center","background-size":"auto","background-attachment":"scroll","background-type":"","background-media":"","overlay-type":"","overlay-color":"","overlay-opacity":"","overlay-gradient":""}},"ast-content-background-meta":{"desktop":{"background-color":"var(--ast-global-color-5)","background-image":"","background-repeat":"repeat","background-position":"center center","background-size":"auto","background-attachment":"scroll","background-type":"","background-media":"","overlay-type":"","overlay-color":"","overlay-opacity":"","overlay-gradient":""},"tablet":{"background-color":"var(--ast-global-color-5)","background-image":"","background-repeat":"repeat","background-position":"center center","background-size":"auto","background-attachment":"scroll","background-type":"","background-media":"","overlay-type":"","overlay-color":"","overlay-opacity":"","overlay-gradient":""},"mobile":{"background-color":"var(--ast-global-color-5)","background-image":"","background-repeat":"repeat","background-position":"center center","background-size":"auto","background-attachment":"scroll","background-type":"","background-media":"","overlay-type":"","overlay-color":"","overlay-opacity":"","overlay-gradient":""}},"footnotes":""},"class_list":["post-5220","page","type-page","status-publish","hentry"],"yoast_head":"<title>Partnerska Suradnja | Za\u0161titi Se i Zaradi | POZITRON PLUS<\/title>\n<meta name=\"description\" content=\"&quot;Za\u0161titi Se i Zaradi&quot; je partnerski program koji vama i va\u0161im potencijalnim kupcima omogu\u0107uje sigurnije kori\u0161tenje modernih tehnologija.\" \/>\n<meta name=\"robots\" content=\"index, follow, max-snippet:-1, max-image-preview:large, max-video-preview:-1\" \/>\n<link rel=\"canonical\" href=\"https:\/\/pozitronplus.com\/hr\/affiliate-area\/\" \/>\n<meta property=\"og:locale\" content=\"hr_HR\" \/>\n<meta property=\"og:type\" content=\"article\" \/>\n<meta property=\"og:title\" content=\"Partnerska Suradnja | Za\u0161titi Se i Zaradi | POZITRON PLUS\" \/>\n<meta property=\"og:description\" content=\"&quot;Za\u0161titi Se i Zaradi&quot; je partnerski program koji vama i va\u0161im potencijalnim kupcima omogu\u0107uje sigurnije kori\u0161tenje modernih tehnologija.\" \/>\n<meta property=\"og:url\" content=\"https:\/\/pozitronplus.com\/hr\/affiliate-area\/\" \/>\n<meta property=\"og:site_name\" content=\"Pozitron Plus\" \/>\n<meta property=\"article:publisher\" content=\"https:\/\/www.facebook.com\/PozitronPlusProtection\" \/>\n<meta property=\"article:modified_time\" content=\"2022-05-19T13:02:44+00:00\" \/>\n<meta name=\"twitter:card\" content=\"summary_large_image\" \/>\n<script type=\"application\/ld+json\" class=\"yoast-schema-graph\">{\"@context\":\"https:\\\/\\\/schema.org\",\"@graph\":[{\"@type\":\"WebPage\",\"@id\":\"https:\\\/\\\/pozitronplus.com\\\/hr\\\/affiliate-area\\\/\",\"url\":\"https:\\\/\\\/pozitronplus.com\\\/hr\\\/affiliate-area\\\/\",\"name\":\"Partnerska Suradnja | Za\u0161titi Se i Zaradi | POZITRON PLUS\",\"isPartOf\":{\"@id\":\"https:\\\/\\\/pozitronplus.com\\\/hr\\\/#website\"},\"datePublished\":\"2019-07-01T15:28:25+00:00\",\"dateModified\":\"2022-05-19T13:02:44+00:00\",\"description\":\"\\\"Za\u0161titi Se i Zaradi\\\" je partnerski program koji vama i va\u0161im potencijalnim kupcima omogu\u0107uje sigurnije kori\u0161tenje modernih tehnologija.\",\"breadcrumb\":{\"@id\":\"https:\\\/\\\/pozitronplus.com\\\/hr\\\/affiliate-area\\\/#breadcrumb\"},\"inLanguage\":\"hr\",\"potentialAction\":[{\"@type\":\"ReadAction\",\"target\":[\"https:\\\/\\\/pozitronplus.com\\\/hr\\\/affiliate-area\\\/\"]}]},{\"@type\":\"BreadcrumbList\",\"@id\":\"https:\\\/\\\/pozitronplus.com\\\/hr\\\/affiliate-area\\\/#breadcrumb\",\"itemListElement\":[{\"@type\":\"ListItem\",\"position\":1,\"name\":\"Home\",\"item\":\"https:\\\/\\\/pozitronplus.com\\\/hr\\\/\"},{\"@type\":\"ListItem\",\"position\":2,\"name\":\"Partnerska Suradnja\"}]},{\"@type\":\"WebSite\",\"@id\":\"https:\\\/\\\/pozitronplus.com\\\/hr\\\/#website\",\"url\":\"https:\\\/\\\/pozitronplus.com\\\/hr\\\/\",\"name\":\"Pozitron Plus\",\"description\":\"Pozitron Plus\",\"publisher\":{\"@id\":\"https:\\\/\\\/pozitronplus.com\\\/hr\\\/#organization\"},\"potentialAction\":[{\"@type\":\"SearchAction\",\"target\":{\"@type\":\"EntryPoint\",\"urlTemplate\":\"https:\\\/\\\/pozitronplus.com\\\/hr\\\/?s={search_term_string}\"},\"query-input\":{\"@type\":\"PropertyValueSpecification\",\"valueRequired\":true,\"valueName\":\"search_term_string\"}}],\"inLanguage\":\"hr\"},{\"@type\":\"Organization\",\"@id\":\"https:\\\/\\\/pozitronplus.com\\\/hr\\\/#organization\",\"name\":\"Medi Spa d.o.o.\",\"url\":\"https:\\\/\\\/pozitronplus.com\\\/hr\\\/\",\"logo\":{\"@type\":\"ImageObject\",\"inLanguage\":\"hr\",\"@id\":\"https:\\\/\\\/pozitronplus.com\\\/hr\\\/#\\\/schema\\\/logo\\\/image\\\/\",\"url\":\"https:\\\/\\\/pozitronplus.com\\\/wp-content\\\/uploads\\\/2019\\\/11\\\/Pozitron-Plus-New-Design.png\",\"contentUrl\":\"https:\\\/\\\/pozitronplus.com\\\/wp-content\\\/uploads\\\/2019\\\/11\\\/Pozitron-Plus-New-Design.png\",\"width\":399,\"height\":409,\"caption\":\"Medi Spa d.o.o.\"},\"image\":{\"@id\":\"https:\\\/\\\/pozitronplus.com\\\/hr\\\/#\\\/schema\\\/logo\\\/image\\\/\"},\"sameAs\":[\"https:\\\/\\\/www.facebook.com\\\/PozitronPlusProtection\",\"https:\\\/\\\/www.youtube.com\\\/channel\\\/UCHrklf6QjKGeco-8RVsK6Uw\",\"https:\\\/\\\/www.instagram.com\\\/pozitron_plus\\\/\"]}]}<\/script>","yoast_head_json":{"title":"Partnerska Suradnja | Za\u0161titi Se i Zaradi | POZITRON PLUS","description":"\"Za\u0161titi Se i Zaradi\" je partnerski program koji vama i va\u0161im potencijalnim kupcima omogu\u0107uje sigurnije kori\u0161tenje modernih tehnologija.","robots":{"index":"index","follow":"follow","max-snippet":"max-snippet:-1","max-image-preview":"max-image-preview:large","max-video-preview":"max-video-preview:-1"},"canonical":"https:\/\/pozitronplus.com\/hr\/affiliate-area\/","og_locale":"hr_HR","og_type":"article","og_title":"Partnerska Suradnja | Za\u0161titi Se i Zaradi | POZITRON PLUS","og_description":"\"Za\u0161titi Se i Zaradi\" je partnerski program koji vama i va\u0161im potencijalnim kupcima omogu\u0107uje sigurnije kori\u0161tenje modernih tehnologija.","og_url":"https:\/\/pozitronplus.com\/hr\/affiliate-area\/","og_site_name":"Pozitron Plus","article_publisher":"https:\/\/www.facebook.com\/PozitronPlusProtection","article_modified_time":"2022-05-19T13:02:44+00:00","twitter_card":"summary_large_image","schema":{"@context":"https:\/\/schema.org","@graph":[{"@type":"WebPage","@id":"https:\/\/pozitronplus.com\/hr\/affiliate-area\/","url":"https:\/\/pozitronplus.com\/hr\/affiliate-area\/","name":"Partnerska Suradnja | Za\u0161titi Se i Zaradi | POZITRON PLUS","isPartOf":{"@id":"https:\/\/pozitronplus.com\/hr\/#website"},"datePublished":"2019-07-01T15:28:25+00:00","dateModified":"2022-05-19T13:02:44+00:00","description":"\"Za\u0161titi Se i Zaradi\" je partnerski program koji vama i va\u0161im potencijalnim kupcima omogu\u0107uje sigurnije kori\u0161tenje modernih tehnologija.","breadcrumb":{"@id":"https:\/\/pozitronplus.com\/hr\/affiliate-area\/#breadcrumb"},"inLanguage":"hr","potentialAction":[{"@type":"ReadAction","target":["https:\/\/pozitronplus.com\/hr\/affiliate-area\/"]}]},{"@type":"BreadcrumbList","@id":"https:\/\/pozitronplus.com\/hr\/affiliate-area\/#breadcrumb","itemListElement":[{"@type":"ListItem","position":1,"name":"Home","item":"https:\/\/pozitronplus.com\/hr\/"},{"@type":"ListItem","position":2,"name":"Partnerska Suradnja"}]},{"@type":"WebSite","@id":"https:\/\/pozitronplus.com\/hr\/#website","url":"https:\/\/pozitronplus.com\/hr\/","name":"Pozitron Plus","description":"Pozitron Plus","publisher":{"@id":"https:\/\/pozitronplus.com\/hr\/#organization"},"potentialAction":[{"@type":"SearchAction","target":{"@type":"EntryPoint","urlTemplate":"https:\/\/pozitronplus.com\/hr\/?s={search_term_string}"},"query-input":{"@type":"PropertyValueSpecification","valueRequired":true,"valueName":"search_term_string"}}],"inLanguage":"hr"},{"@type":"Organization","@id":"https:\/\/pozitronplus.com\/hr\/#organization","name":"Medi Spa d.o.o.","url":"https:\/\/pozitronplus.com\/hr\/","logo":{"@type":"ImageObject","inLanguage":"hr","@id":"https:\/\/pozitronplus.com\/hr\/#\/schema\/logo\/image\/","url":"https:\/\/pozitronplus.com\/wp-content\/uploads\/2019\/11\/Pozitron-Plus-New-Design.png","contentUrl":"https:\/\/pozitronplus.com\/wp-content\/uploads\/2019\/11\/Pozitron-Plus-New-Design.png","width":399,"height":409,"caption":"Medi Spa d.o.o."},"image":{"@id":"https:\/\/pozitronplus.com\/hr\/#\/schema\/logo\/image\/"},"sameAs":["https:\/\/www.facebook.com\/PozitronPlusProtection","https:\/\/www.youtube.com\/channel\/UCHrklf6QjKGeco-8RVsK6Uw","https:\/\/www.instagram.com\/pozitron_plus\/"]}]}},"_links":{"self":[{"href":"https:\/\/pozitronplus.com\/hr\/wp-json\/wp\/v2\/pages\/5220","targetHints":{"allow":["GET"]}}],"collection":[{"href":"https:\/\/pozitronplus.com\/hr\/wp-json\/wp\/v2\/pages"}],"about":[{"href":"https:\/\/pozitronplus.com\/hr\/wp-json\/wp\/v2\/types\/page"}],"author":[{"embeddable":true,"href":"https:\/\/pozitronplus.com\/hr\/wp-json\/wp\/v2\/users\/1"}],"replies":[{"embeddable":true,"href":"https:\/\/pozitronplus.com\/hr\/wp-json\/wp\/v2\/comments?post=5220"}],"version-history":[{"count":1,"href":"https:\/\/pozitronplus.com\/hr\/wp-json\/wp\/v2\/pages\/5220\/revisions"}],"predecessor-version":[{"id":29834,"href":"https:\/\/pozitronplus.com\/hr\/wp-json\/wp\/v2\/pages\/5220\/revisions\/29834"}],"wp:attachment":[{"href":"https:\/\/pozitronplus.com\/hr\/wp-json\/wp\/v2\/media?parent=5220"}],"curies":[{"name":"wp","href":"https:\/\/api.w.org\/{rel}","templated":true}]}}