{"id":31802,"date":"2020-08-08T17:30:08","date_gmt":"2020-08-08T15:30:08","guid":{"rendered":"https:\/\/pozitronplus.com\/product\/pozitron-plus-dog-place-2\/"},"modified":"2026-03-04T01:26:48","modified_gmt":"2026-03-04T00:26:48","slug":"pozy-dog-dog-place","status":"publish","type":"product","link":"https:\/\/pozitronplus.com\/hr\/proizvod\/pozy-dog-dog-place\/","title":{"rendered":"Pozitron Plus DOG PLACE"},"content":{"rendered":"<p><strong>Pozitron Plus DOG PLACE<\/strong> <strong>PROTECTIVE PANELBOARD<\/strong> jedinstveni je <strong>NANO-TECH<\/strong> proizvod 21. stolje\u0107a. Poma\u017ee u za\u0161titi zdravlja, podi\u017ee protok energije, ja\u010da imunolo\u0161ki sustav psa i poma\u017ee va\u0161em psu da \u017eivi dulje \u2013 u vrijeme kada se suvremene tehnologije prebrzo razvijaju.<\/p>\n<p>Veterina nas upozorava na negativne u\u010dinke \u0161tetnog zra\u010denja. Psi u vrlo ranoj dobi mogu imati ozbiljne probleme sa srcem, \u017eiv\u010danim sustavom, bolnu i degenerativnu kralje\u017enicu, bolove u zglobovima i kostima. Imaju problema s cirkulacijom krvi, hormonalnim problemima, oslabljenim imunolo\u0161kim sustavom i ve\u0107im rizikom od autoimunih i kancerogenih bolesti.<\/p>\n<p>\u0160tetno elektromagnetsko i geopatogeno zra\u010denje mo\u017ee rasipati puno energije psa &#8211; tijekom dana, kao i tijekom no\u0107i, pogotovo ako je pas okru\u017een ljudima. Sve to mo\u017ee utjecati na imunolo\u0161ki sustav i distribuciju energije u cijelom tijelu. Obrambeni sustav \u0107e se prirodno poku\u0161ati suprotstaviti agresivnim frekvencijama zra\u010denja koje mu se name\u0107u. Protok energije kroz tijelo psa \u0107e se stoga smanjiti. Zbog toga, <strong>pse\u0107i imunolo\u0161ki sustav \u0107e biti znatno slabiji<\/strong>. Posljedice su astenija i visoki rizik od bolesti.<\/p>\n<p><strong>Pozitron Plus DOG PLACE<\/strong> je proizveden zahvaljuju\u0107i nevjerojatnim mogu\u0107nostima koje nudi <strong>NANO-TEHNOLOGIJA<\/strong>. Osim podizanja vitalne energije u tijelu psa, programirane frekvencije <strong>DOG PROTECT-a<\/strong> \u0107e neutralizirati patogeni spektar elektromagnetskog zra\u010denja iz okoline. To je dodatna za\u0161tita za imunolo\u0161ki sustav koji se ne mora aktivirati da bi obranio organizam od agresivnih frekvencija te je sa\u010duvano puno unutarnje energije. Danju i no\u0107u omogu\u0107uju natprosje\u010dnu za\u0161titu zdravlja va\u0161eg psa od \u0161tetnog djelovanja <strong>GEOPATOGENO ZRA\u010cENJE (<\/strong><strong>Hartmann-ovo<\/strong>, <strong>Curry-vo<\/strong>, <strong>podzemne vode<\/strong> itd.), \u0161tetno djelovanje <strong>ELEKTROMAGNETSKO ZRA\u010cENJE<\/strong> tehni\u010dkih ure\u0111aja u na\u0161oj okolini (<strong>mobiteli<\/strong>, <strong> kompjuters<\/strong>, <strong> Wi-Fi signal<\/strong>, <strong>TV<\/strong>, <strong>elektri\u010dni krugovi<\/strong> itd.) i <strong>ELEKTROMAGNETSKO ZRA\u010cENJE<\/strong> izvana (<strong>repetitori<\/strong>, <strong>antene<\/strong>, <strong>sateliti<\/strong>, <strong>radari<\/strong>, <strong>trafostanice<\/strong>&#8230;).<\/p>\n<p>Ovakva za\u0161tita je <strong>JAKO KORISNA I DOBRODO\u0160LA<\/strong>, posebno za pse u ku\u0107ama i stanovima jer se pse\u0107i organizam \u2013 evolucijski \u2013 jo\u0161 uvijek nije u stanju prilagoditi agresivnom utjecaju <strong><a href=\"https:\/\/www.healthy-house.co.uk\/allergy-blog\/electro-pollution-explained\">ELEKTRO-ZAGA\u0110ENJA<\/a><\/strong> u okru\u017eenju brzo razvijaju\u0107ih suvremenih tehnologija.<\/p>\n<p><strong>DOG PANEL<\/strong> djeluje u za\u0161titnom radijusu od <strong>3 metra<\/strong>, kao mali <strong>ODA\u0160ILJA\u010c PROGRAMIRANOG SPEKTRA FIZIOLO\u0160KIH FREKVENCIJA<\/strong> koje su kompatibilne sa fiziolo\u0161kim frekvencijama u organizmu psa.<\/p>\n<p>Zato se pod njegovim utjecajem tijelo psa lak\u0161e osloba\u0111a od nagomilanog stresa, tjeskobe i nervoze. Na taj na\u010din organizam psa postaje energetski ja\u010di i prirodno otporniji na mnoge bolesti, kao i na \u0161tetno djelovanje patogenih zra\u010denja iz na\u0161e okoline.<\/p>\n<p><strong>MJESTO ZA PSE<\/strong> Pozitron Plus potrebno je trajno postaviti uz mjesto za spavanje i odmor psa. Treba ga instalirati na originalnu kutiju s dva nosa\u010da ili ga jednostavno staviti okomito u unaprijed dizajnirani utor. Ako \u0107e vam biti lak\u0161e, ne morate ga staviti u originalnu kutiju. Mo\u017eete ga objesiti pored mjesta za spavanje. Za ovu opciju implementirali smo utor u gornjem dijelu panela. Mo\u017eete koristiti tanko u\u017ee ili konac i objesiti plo\u010du vrlo blizu mjesta za spavanje. Va\u017eno je proizvod dr\u017eati dovoljno daleko od psa, kako bi ga pas mogao dohvatiti, ugristi i uni\u0161titi. Gdje god ga stavili \u2013 ispod, iza, iznad ili sa strane mjesta za spavanje \u2013 u krugu od <strong>3 metra<\/strong> \u2013 va\u0161 pas \u0107e biti za\u0161ti\u0107en. Idealno bi bilo da pas cijeli dan nosi <strong>VITALITY COLLAR<\/strong> ogrlicu. Djeluje terapeutski i za\u0161titno dok je pas aktivan, \u0161eta, putuje i sl.<\/p>\n<p><a href=\"https:\/\/pozitronplus.com\/nano-tech-dog-protection\/\">KOJE SU PREDNOSTI REDOVITE UPOTREBE ZA\u0160TITNE PLO\u010cE \u2013 MJESTA ZA PSA?<\/a><\/p>\n<p>Redovita uporaba panela pomo\u0107i \u0107e u za\u0161titi zdravlja va\u0161eg ljubimca od agresivnog utjecaja <strong>ELEKTRO ZAGA\u0110ENJA<\/strong> koja dolazi iz elektri\u010dnih krugova, tehni\u010dkih ure\u0111aja i be\u017ei\u010dnih tehnologija u va\u0161em \u017eivotnom prostoru.<\/p>\n<p>Osim toga, redovito kori\u0161tene plo\u010de \u0107e pove\u0107ati protok energije u tijelu psa. Pas \u0107e energetski oja\u010dati. Bolji protok energije podi\u0107i \u0107e snagu imunolo\u0161kog sustava. Va\u0161 \u0107e pas biti za\u0161ti\u0107en od mnogih akutnih i kroni\u010dnih bolesti, ne\u0107e biti tako \u010desto bolestan, a oporavak \u0107e biti br\u017ei. Ako je pas ve\u0107 bolestan, <strong>ZA\u0160TITNA PLO\u010cA \u2013 DOG PLACE<\/strong> pomo\u0107i \u0107e procesu ozdravljenja zbog porasta protoka energije (prema ispitivanjima u veterinarskim poliklinikama u <strong>Austriji<\/strong>, <strong>Sloveniji<\/strong> i <strong>Hrvatskoj<\/strong> s <strong>odli\u010dnim rezultatima vi\u0161e od 80% starijih psi s kroni\u010dnim zdravstvenim problemima<\/strong>.<\/p>\n<p>Svojim spektrom programiranih frekvencija <strong>PROTECTIVE PANELBOARD<\/strong> ima sna\u017ean i umiruju\u0107i u\u010dinak na autonomni \u017eiv\u010dani sustav. Pas se lak\u0161e osloba\u0111a od nagomilanog stresa, napetosti, nervoze i tjeskobe. Zahvaljuju\u0107i tome pas \u0107e biti vidno smireniji i zadovoljniji, manje upla\u0161en, manje nervozan, manje zabrinut, manje agresivan itd. Stariji psi bit \u0107e \u017eivahniji i razigraniji. Primijetit \u0107ete olak\u0161anje kroni\u010dnih zdravstvenih pote\u0161ko\u0107a koje su imali, ne\u0107e biti bolesni kao prije. Kada se razbole, proces ozdravljenja \u0107e biti br\u017ei. Mla\u0111i psi, pod utjecajem ogrlice, bit \u0107e poslu\u0161niji, a proces dresure uspje\u0161niji.<\/p>\n<p>Stoga se kori\u0161tenje <strong>ZA\u0160TITNE PLO\u010cE<\/strong> preporu\u010duje za pse svih uzrasta koji \u017eive u ku\u0107ama i stanovima kao \u010dlanovi na\u0161e obitelji. Stariji psi s kroni\u010dnim bolestima osje\u0107at \u0107e se bolje, a mla\u0111i \u0107e rijetko obolijevati i dugo \u0107e ostati zdravi.<\/p>\n<p>Vijek trajanja proizvoda <strong>ZA\u0160TITNA PLO\u010cA \u2013 MJESTO ZA PS<\/strong>E je cca 5 godina, a jamstveni rok je tako\u0111er 5 godina.<\/p>\n<p><strong>ZA\u0160TITNA PLO\u010cA<\/strong> <strong>\u2013 DOG PLACE<\/strong> je moderan, visoko sofisticiran NANO-<strong>TEHNOLO\u0160KI PROIZVOD<\/strong> koji poma\u017ee u za\u0161titi zdravlja va\u0161eg psa i jam\u010di <strong>PUNO VI\u0160U SIGURNOSTI<\/strong> u kontekstu tehnolo\u0161kog napretka.<\/p>\n","protected":false},"excerpt":{"rendered":"<p><strong>Pozitron Plus DOG PLACE<\/strong>, za\u0161titnog radijusa od <strong>3 metra<\/strong>, koristi se kao vrlo u\u010dinkovita za\u0161tita za pse\u0107u ku\u0107icu ili mjesto za spavanje. Treba ga postaviti ispod, iza, iznad ili pored mjesta gdje pas spava. Jam\u010dit \u0107e odli\u010dnu za\u0161titu, rehabilitaciju i regeneraciju organizma psa tijekom odmora (no\u0107i ili dana). Tako\u0111er \u0107e podi\u0107i protok energije kroz sve organe i organske sustave.<\/p>\n<p><strong>DOG PLACE<\/strong> djeluje kao mali oda\u0161ilja\u010d <strong>PROGRAMIRANOG SPEKTRA FIZIOLO\u0160KIH FREKVENCIJA<\/strong> koje su kompatibilne s fiziolo\u0161kim frekvencijama u organizmu psa.<\/p>\n<p>Sna\u017ean utjecaj fiziolo\u0161kih frekvencija u ogrlici poti\u010de bolji protok energije kroz sve energetske centre, otklanja energetske blokade i smiruje autonomni \u017eiv\u010dani sustav. Zato se pse\u0107i organizam pod utjecajem <strong>DOG PROTECT-a<\/strong> lak\u0161e osloba\u0111a od nagomilanog stresa, napetosti, nervoze i tjeskobe. Zahvaljuju\u0107i tome pas \u0107e biti vidno smireniji i zadovoljniji, manje upla\u0161en, manje nervozan, manje zabrinut, manje agresivan itd. Stariji psi bit \u0107e \u017eivahniji i razigraniji. Primijetit \u0107ete olak\u0161anje kroni\u010dnih zdravstvenih pote\u0161ko\u0107a koje su imali, ne\u0107e biti bolesni kao prije. Kada se razbole, proces ozdravljenja \u0107e biti br\u017ei.<\/p>\n<p>Zahvaljuju\u0107i utjecaju <strong>ZA\u0160TITNE PLO\u010cE \u2013 MJESTA ZA PSA<\/strong>, pas \u2013 u kontinuitetu \u2013 ima bolji protok energije kroz sve organe i organske sustave. Samim time \u0107e imunolo\u0161ki sustav biti ja\u010di i otporniji na mnoge bolesti, kao i na \u0161tetna zra\u010denja iz okoline.<\/p>\n<p>\u2014\u2014\u2014\u2014\u2014\u2014\u2014\u2014\u2014\u2014\u2014\u2014\u2014\u2014\u2014\u2014\u2014\u2014\u2014\u2014\u2014-<\/p>\n<p><span class=\"Y2IQFc\" lang=\"en\"><span style=\"color: #ff0000;\"><strong>Najni\u017ea cijena proizvoda u razdoblju od 30 dana.<\/strong><\/span> \u2013 Prethodne cijene i popusti su isti.<\/span><\/p>\n<p dir=\"ltr\" data-placeholder=\"Prijevod\"><span class=\"Y2IQFc\" lang=\"en\">\u2014\u2014\u2014\u2014\u2014\u2014\u2014\u2014\u2014\u2014\u2014\u2014\u2014\u2014\u2014\u2014\u2014\u2014\u2014\u2014\u2014-<\/span><\/p>\n<p dir=\"ltr\" data-placeholder=\"Prijevod\"><strong>Preporukom do besplatnih proizvoda:<\/strong><\/p>\n<p dir=\"ltr\" data-placeholder=\"Prijevod\"><a href=\"https:\/\/pozitronplus.com\/hr\/preporucite-i-preuzmite-pozitron-plus-proizvode-besplatno\/\"><img decoding=\"async\" class=\"alignnone wp-image-49207 size-medium\" src=\"http:\/\/pozitronplus.com\/wp-content\/uploads\/2025\/12\/JEDINSTVENA-PONUDA-BESPLATNI-PROIZVODI.jpg\" alt=\"\" width=\"300\" height=\"37\" \/><\/a><\/p>\n<p><span class=\"Y2IQFc\" lang=\"en\">\u2014\u2014\u2014\u2014\u2014\u2014\u2014\u2014\u2014\u2014\u2014\u2014\u2014\u2014\u2014\u2014\u2014\u2014\u2014\u2014\u2014-<\/span><\/p>\n","protected":false},"featured_media":31845,"comment_status":"open","ping_status":"closed","template":"","meta":{"_exactmetrics_skip_tracking":false,"_exactmetrics_sitenote_active":false,"_exactmetrics_sitenote_note":"","_exactmetrics_sitenote_category":0,"site-sidebar-layout":"no-sidebar","site-content-layout":"plain-container","ast-site-content-layout":"normal-width-container","site-content-style":"unboxed","site-sidebar-style":"unboxed","ast-global-header-display":"","ast-banner-title-visibility":"","ast-main-header-display":"","ast-hfb-above-header-display":"","ast-hfb-below-header-display":"","ast-hfb-mobile-header-display":"","site-post-title":"","ast-breadcrumbs-content":"","ast-featured-img":"","footer-sml-layout":"","ast-disable-related-posts":"","theme-transparent-header-meta":"disabled","adv-header-id-meta":"","stick-header-meta":"","header-above-stick-meta":"","header-main-stick-meta":"","header-below-stick-meta":"","astra-migrate-meta-layouts":"set","ast-page-background-enabled":"default","ast-page-background-meta":{"desktop":{"background-color":"","background-image":"","background-repeat":"repeat","background-position":"center center","background-size":"auto","background-attachment":"scroll","background-type":"","background-media":"","overlay-type":"","overlay-color":"","overlay-opacity":"","overlay-gradient":""},"tablet":{"background-color":"","background-image":"","background-repeat":"repeat","background-position":"center center","background-size":"auto","background-attachment":"scroll","background-type":"","background-media":"","overlay-type":"","overlay-color":"","overlay-opacity":"","overlay-gradient":""},"mobile":{"background-color":"","background-image":"","background-repeat":"repeat","background-position":"center center","background-size":"auto","background-attachment":"scroll","background-type":"","background-media":"","overlay-type":"","overlay-color":"","overlay-opacity":"","overlay-gradient":""}},"ast-content-background-meta":{"desktop":{"background-color":"var(--ast-global-color-5)","background-image":"","background-repeat":"repeat","background-position":"center center","background-size":"auto","background-attachment":"scroll","background-type":"","background-media":"","overlay-type":"","overlay-color":"","overlay-opacity":"","overlay-gradient":""},"tablet":{"background-color":"var(--ast-global-color-5)","background-image":"","background-repeat":"repeat","background-position":"center center","background-size":"auto","background-attachment":"scroll","background-type":"","background-media":"","overlay-type":"","overlay-color":"","overlay-opacity":"","overlay-gradient":""},"mobile":{"background-color":"var(--ast-global-color-5)","background-image":"","background-repeat":"repeat","background-position":"center center","background-size":"auto","background-attachment":"scroll","background-type":"","background-media":"","overlay-type":"","overlay-color":"","overlay-opacity":"","overlay-gradient":""}}},"product_brand":[],"product_cat":[216],"product_tag":[],"class_list":{"0":"post-31802","1":"product","2":"type-product","3":"status-publish","4":"has-post-thumbnail","6":"product_cat-zastita-za-psa-i-macku","7":"product_shipping_class-fiksna-cijena-hr","8":"desktop-align-left","9":"tablet-align-left","10":"mobile-align-left","12":"first","13":"instock","14":"taxable","15":"shipping-taxable","16":"purchasable","17":"product-type-simple"},"yoast_head":"<title>Pozitron Plus DOG PLACE | Web Shop | POZY ANIMAL<\/title>\n<meta name=\"description\" content=\"Pozitron Plus DOG PLACE poma\u017ee u za\u0161titi zdravlja va\u0161eg psa i jam\u010di PUNO VI\u0160U SIGURNOSTI u kontekstu tehnolo\u0161kog napretka.\" \/>\n<meta name=\"robots\" content=\"index, follow, max-snippet:-1, max-image-preview:large, max-video-preview:-1\" \/>\n<link rel=\"canonical\" href=\"https:\/\/pozitronplus.com\/hr\/proizvod\/pozy-dog-dog-place\/\" \/>\n<meta property=\"og:locale\" content=\"hr_HR\" \/>\n<meta property=\"og:type\" content=\"article\" \/>\n<meta property=\"og:title\" content=\"Pozitron Plus DOG PLACE | Web Shop | POZY ANIMAL\" \/>\n<meta property=\"og:description\" content=\"Pozitron Plus DOG PLACE poma\u017ee u za\u0161titi zdravlja va\u0161eg psa i jam\u010di PUNO VI\u0160U SIGURNOSTI u kontekstu tehnolo\u0161kog napretka.\" \/>\n<meta property=\"og:url\" content=\"https:\/\/pozitronplus.com\/hr\/proizvod\/pozy-dog-dog-place\/\" \/>\n<meta property=\"og:site_name\" content=\"Pozitron Plus\" \/>\n<meta property=\"article:publisher\" content=\"https:\/\/www.facebook.com\/PozitronPlusProtection\" \/>\n<meta property=\"article:modified_time\" content=\"2026-03-04T00:26:48+00:00\" \/>\n<meta property=\"og:image\" content=\"http:\/\/pozitronplus.com\/wp-content\/uploads\/2021\/02\/Pozitron-Plus-DOG-PLACE-7.jpg\" \/>\n\t<meta property=\"og:image:width\" content=\"1000\" \/>\n\t<meta property=\"og:image:height\" content=\"1000\" \/>\n\t<meta property=\"og:image:type\" content=\"image\/jpeg\" \/>\n<meta name=\"twitter:card\" content=\"summary_large_image\" \/>\n<meta name=\"twitter:label1\" content=\"Procijenjeno vrijeme \u010ditanja\" \/>\n\t<meta name=\"twitter:data1\" content=\"4 minute\" \/>\n<script type=\"application\/ld+json\" class=\"yoast-schema-graph\">{\"@context\":\"https:\\\/\\\/schema.org\",\"@graph\":[{\"@type\":\"WebPage\",\"@id\":\"https:\\\/\\\/pozitronplus.com\\\/hr\\\/proizvod\\\/pozy-dog-dog-place\\\/\",\"url\":\"https:\\\/\\\/pozitronplus.com\\\/hr\\\/proizvod\\\/pozy-dog-dog-place\\\/\",\"name\":\"Pozitron Plus DOG PLACE | Web Shop | POZY ANIMAL\",\"isPartOf\":{\"@id\":\"https:\\\/\\\/pozitronplus.com\\\/hr\\\/#website\"},\"primaryImageOfPage\":{\"@id\":\"https:\\\/\\\/pozitronplus.com\\\/hr\\\/proizvod\\\/pozy-dog-dog-place\\\/#primaryimage\"},\"image\":{\"@id\":\"https:\\\/\\\/pozitronplus.com\\\/hr\\\/proizvod\\\/pozy-dog-dog-place\\\/#primaryimage\"},\"thumbnailUrl\":\"https:\\\/\\\/pozitronplus.com\\\/wp-content\\\/uploads\\\/2021\\\/02\\\/Pozitron-Plus-DOG-PLACE-7.jpg\",\"datePublished\":\"2020-08-08T15:30:08+00:00\",\"dateModified\":\"2026-03-04T00:26:48+00:00\",\"description\":\"Pozitron Plus DOG PLACE poma\u017ee u za\u0161titi zdravlja va\u0161eg psa i jam\u010di PUNO VI\u0160U SIGURNOSTI u kontekstu tehnolo\u0161kog napretka.\",\"breadcrumb\":{\"@id\":\"https:\\\/\\\/pozitronplus.com\\\/hr\\\/proizvod\\\/pozy-dog-dog-place\\\/#breadcrumb\"},\"inLanguage\":\"hr\",\"potentialAction\":[{\"@type\":\"ReadAction\",\"target\":[\"https:\\\/\\\/pozitronplus.com\\\/hr\\\/proizvod\\\/pozy-dog-dog-place\\\/\"]}]},{\"@type\":\"ImageObject\",\"inLanguage\":\"hr\",\"@id\":\"https:\\\/\\\/pozitronplus.com\\\/hr\\\/proizvod\\\/pozy-dog-dog-place\\\/#primaryimage\",\"url\":\"https:\\\/\\\/pozitronplus.com\\\/wp-content\\\/uploads\\\/2021\\\/02\\\/Pozitron-Plus-DOG-PLACE-7.jpg\",\"contentUrl\":\"https:\\\/\\\/pozitronplus.com\\\/wp-content\\\/uploads\\\/2021\\\/02\\\/Pozitron-Plus-DOG-PLACE-7.jpg\",\"width\":1000,\"height\":1000},{\"@type\":\"BreadcrumbList\",\"@id\":\"https:\\\/\\\/pozitronplus.com\\\/hr\\\/proizvod\\\/pozy-dog-dog-place\\\/#breadcrumb\",\"itemListElement\":[{\"@type\":\"ListItem\",\"position\":1,\"name\":\"Home\",\"item\":\"https:\\\/\\\/pozitronplus.com\\\/hr\\\/\"},{\"@type\":\"ListItem\",\"position\":2,\"name\":\"Online Trgovina\",\"item\":\"https:\\\/\\\/pozitronplus.com\\\/hr\\\/online-trgovina\\\/\"},{\"@type\":\"ListItem\",\"position\":3,\"name\":\"Pozitron Plus DOG PLACE\"}]},{\"@type\":\"WebSite\",\"@id\":\"https:\\\/\\\/pozitronplus.com\\\/hr\\\/#website\",\"url\":\"https:\\\/\\\/pozitronplus.com\\\/hr\\\/\",\"name\":\"Pozitron Plus\",\"description\":\"Pozitron Plus\",\"publisher\":{\"@id\":\"https:\\\/\\\/pozitronplus.com\\\/hr\\\/#organization\"},\"potentialAction\":[{\"@type\":\"SearchAction\",\"target\":{\"@type\":\"EntryPoint\",\"urlTemplate\":\"https:\\\/\\\/pozitronplus.com\\\/hr\\\/?s={search_term_string}\"},\"query-input\":{\"@type\":\"PropertyValueSpecification\",\"valueRequired\":true,\"valueName\":\"search_term_string\"}}],\"inLanguage\":\"hr\"},{\"@type\":\"Organization\",\"@id\":\"https:\\\/\\\/pozitronplus.com\\\/hr\\\/#organization\",\"name\":\"Medi Spa d.o.o.\",\"url\":\"https:\\\/\\\/pozitronplus.com\\\/hr\\\/\",\"logo\":{\"@type\":\"ImageObject\",\"inLanguage\":\"hr\",\"@id\":\"https:\\\/\\\/pozitronplus.com\\\/hr\\\/#\\\/schema\\\/logo\\\/image\\\/\",\"url\":\"https:\\\/\\\/pozitronplus.com\\\/wp-content\\\/uploads\\\/2019\\\/11\\\/Pozitron-Plus-New-Design.png\",\"contentUrl\":\"https:\\\/\\\/pozitronplus.com\\\/wp-content\\\/uploads\\\/2019\\\/11\\\/Pozitron-Plus-New-Design.png\",\"width\":399,\"height\":409,\"caption\":\"Medi Spa d.o.o.\"},\"image\":{\"@id\":\"https:\\\/\\\/pozitronplus.com\\\/hr\\\/#\\\/schema\\\/logo\\\/image\\\/\"},\"sameAs\":[\"https:\\\/\\\/www.facebook.com\\\/PozitronPlusProtection\",\"https:\\\/\\\/www.youtube.com\\\/channel\\\/UCHrklf6QjKGeco-8RVsK6Uw\",\"https:\\\/\\\/www.instagram.com\\\/pozitron_plus\\\/\"]}]}<\/script>","yoast_head_json":{"title":"Pozitron Plus DOG PLACE | Web Shop | POZY ANIMAL","description":"Pozitron Plus DOG PLACE poma\u017ee u za\u0161titi zdravlja va\u0161eg psa i jam\u010di PUNO VI\u0160U SIGURNOSTI u kontekstu tehnolo\u0161kog napretka.","robots":{"index":"index","follow":"follow","max-snippet":"max-snippet:-1","max-image-preview":"max-image-preview:large","max-video-preview":"max-video-preview:-1"},"canonical":"https:\/\/pozitronplus.com\/hr\/proizvod\/pozy-dog-dog-place\/","og_locale":"hr_HR","og_type":"article","og_title":"Pozitron Plus DOG PLACE | Web Shop | POZY ANIMAL","og_description":"Pozitron Plus DOG PLACE poma\u017ee u za\u0161titi zdravlja va\u0161eg psa i jam\u010di PUNO VI\u0160U SIGURNOSTI u kontekstu tehnolo\u0161kog napretka.","og_url":"https:\/\/pozitronplus.com\/hr\/proizvod\/pozy-dog-dog-place\/","og_site_name":"Pozitron Plus","article_publisher":"https:\/\/www.facebook.com\/PozitronPlusProtection","article_modified_time":"2026-03-04T00:26:48+00:00","og_image":[{"width":1000,"height":1000,"url":"http:\/\/pozitronplus.com\/wp-content\/uploads\/2021\/02\/Pozitron-Plus-DOG-PLACE-7.jpg","type":"image\/jpeg"}],"twitter_card":"summary_large_image","twitter_misc":{"Procijenjeno vrijeme \u010ditanja":"4 minute"},"schema":{"@context":"https:\/\/schema.org","@graph":[{"@type":"WebPage","@id":"https:\/\/pozitronplus.com\/hr\/proizvod\/pozy-dog-dog-place\/","url":"https:\/\/pozitronplus.com\/hr\/proizvod\/pozy-dog-dog-place\/","name":"Pozitron Plus DOG PLACE | Web Shop | POZY ANIMAL","isPartOf":{"@id":"https:\/\/pozitronplus.com\/hr\/#website"},"primaryImageOfPage":{"@id":"https:\/\/pozitronplus.com\/hr\/proizvod\/pozy-dog-dog-place\/#primaryimage"},"image":{"@id":"https:\/\/pozitronplus.com\/hr\/proizvod\/pozy-dog-dog-place\/#primaryimage"},"thumbnailUrl":"https:\/\/pozitronplus.com\/wp-content\/uploads\/2021\/02\/Pozitron-Plus-DOG-PLACE-7.jpg","datePublished":"2020-08-08T15:30:08+00:00","dateModified":"2026-03-04T00:26:48+00:00","description":"Pozitron Plus DOG PLACE poma\u017ee u za\u0161titi zdravlja va\u0161eg psa i jam\u010di PUNO VI\u0160U SIGURNOSTI u kontekstu tehnolo\u0161kog napretka.","breadcrumb":{"@id":"https:\/\/pozitronplus.com\/hr\/proizvod\/pozy-dog-dog-place\/#breadcrumb"},"inLanguage":"hr","potentialAction":[{"@type":"ReadAction","target":["https:\/\/pozitronplus.com\/hr\/proizvod\/pozy-dog-dog-place\/"]}]},{"@type":"ImageObject","inLanguage":"hr","@id":"https:\/\/pozitronplus.com\/hr\/proizvod\/pozy-dog-dog-place\/#primaryimage","url":"https:\/\/pozitronplus.com\/wp-content\/uploads\/2021\/02\/Pozitron-Plus-DOG-PLACE-7.jpg","contentUrl":"https:\/\/pozitronplus.com\/wp-content\/uploads\/2021\/02\/Pozitron-Plus-DOG-PLACE-7.jpg","width":1000,"height":1000},{"@type":"BreadcrumbList","@id":"https:\/\/pozitronplus.com\/hr\/proizvod\/pozy-dog-dog-place\/#breadcrumb","itemListElement":[{"@type":"ListItem","position":1,"name":"Home","item":"https:\/\/pozitronplus.com\/hr\/"},{"@type":"ListItem","position":2,"name":"Online Trgovina","item":"https:\/\/pozitronplus.com\/hr\/online-trgovina\/"},{"@type":"ListItem","position":3,"name":"Pozitron Plus DOG PLACE"}]},{"@type":"WebSite","@id":"https:\/\/pozitronplus.com\/hr\/#website","url":"https:\/\/pozitronplus.com\/hr\/","name":"Pozitron Plus","description":"Pozitron Plus","publisher":{"@id":"https:\/\/pozitronplus.com\/hr\/#organization"},"potentialAction":[{"@type":"SearchAction","target":{"@type":"EntryPoint","urlTemplate":"https:\/\/pozitronplus.com\/hr\/?s={search_term_string}"},"query-input":{"@type":"PropertyValueSpecification","valueRequired":true,"valueName":"search_term_string"}}],"inLanguage":"hr"},{"@type":"Organization","@id":"https:\/\/pozitronplus.com\/hr\/#organization","name":"Medi Spa d.o.o.","url":"https:\/\/pozitronplus.com\/hr\/","logo":{"@type":"ImageObject","inLanguage":"hr","@id":"https:\/\/pozitronplus.com\/hr\/#\/schema\/logo\/image\/","url":"https:\/\/pozitronplus.com\/wp-content\/uploads\/2019\/11\/Pozitron-Plus-New-Design.png","contentUrl":"https:\/\/pozitronplus.com\/wp-content\/uploads\/2019\/11\/Pozitron-Plus-New-Design.png","width":399,"height":409,"caption":"Medi Spa d.o.o."},"image":{"@id":"https:\/\/pozitronplus.com\/hr\/#\/schema\/logo\/image\/"},"sameAs":["https:\/\/www.facebook.com\/PozitronPlusProtection","https:\/\/www.youtube.com\/channel\/UCHrklf6QjKGeco-8RVsK6Uw","https:\/\/www.instagram.com\/pozitron_plus\/"]}]}},"_links":{"self":[{"href":"https:\/\/pozitronplus.com\/hr\/wp-json\/wp\/v2\/product\/31802","targetHints":{"allow":["GET"]}}],"collection":[{"href":"https:\/\/pozitronplus.com\/hr\/wp-json\/wp\/v2\/product"}],"about":[{"href":"https:\/\/pozitronplus.com\/hr\/wp-json\/wp\/v2\/types\/product"}],"replies":[{"embeddable":true,"href":"https:\/\/pozitronplus.com\/hr\/wp-json\/wp\/v2\/comments?post=31802"}],"wp:featuredmedia":[{"embeddable":true,"href":"https:\/\/pozitronplus.com\/hr\/wp-json\/wp\/v2\/media\/31845"}],"wp:attachment":[{"href":"https:\/\/pozitronplus.com\/hr\/wp-json\/wp\/v2\/media?parent=31802"}],"wp:term":[{"taxonomy":"product_brand","embeddable":true,"href":"https:\/\/pozitronplus.com\/hr\/wp-json\/wp\/v2\/product_brand?post=31802"},{"taxonomy":"product_cat","embeddable":true,"href":"https:\/\/pozitronplus.com\/hr\/wp-json\/wp\/v2\/product_cat?post=31802"},{"taxonomy":"product_tag","embeddable":true,"href":"https:\/\/pozitronplus.com\/hr\/wp-json\/wp\/v2\/product_tag?post=31802"}],"curies":[{"name":"wp","href":"https:\/\/api.w.org\/{rel}","templated":true}]}}