{"id":31893,"date":"2020-12-19T18:13:41","date_gmt":"2020-12-19T17:13:41","guid":{"rendered":"https:\/\/pozitronplus.com\/product\/pozy-dog-pendant\/"},"modified":"2026-03-04T01:18:44","modified_gmt":"2026-03-04T00:18:44","slug":"pozy-dog-privjesak-za-pse","status":"publish","type":"product","link":"https:\/\/pozitronplus.com\/hr\/proizvod\/pozy-dog-privjesak-za-pse\/","title":{"rendered":"POZY DOG Privjesak"},"content":{"rendered":"<p>\u0160to mo\u017eete o\u010dekivati kori\u0161tenjem <strong>POZY DOG<\/strong> ili <strong>POZY CAT<\/strong> <strong>PRIVJESKA<\/strong>?<\/p>\n<p>&#8211; vrlo dobra za\u0161tita energetskog zdravlja va\u0161eg psa ili ma\u010dke<\/p>\n<p>&#8211; podizanje protoka energije svih organa i organskih sustava psa ili ma\u010dke, \u0161to doprinosi<\/p>\n<p><strong>TRAJNO PODIZANJE I JA\u010cANJE IMUNITETA VA\u0160EG LJUBIMCA<\/strong> i ve\u0107a otpornost na \u0161tetna zra\u010denja iz okoline<\/p>\n<p>&#8211; Manja razdra\u017eljivost, manja pla\u0161ljivost, manji umor, ljubimac \u0107e rje\u0111e obolijevati, a ako se razboli o\u010dekuje se puno br\u017ei oporavak, br\u017ea rehabilitacija, opu\u0161tanje i regeneracija organizma<\/p>\n<p>&#8211; Frekvencije koje postavlja <a href=\"https:\/\/pozitronplus.com\/product\/pozy-dog-pendant\/\"><strong>POZY DOG<\/strong><\/a> ili <strong>POZY CAT<\/strong> privjesak programirane su za smirenje vegetativnog \u017eiv\u010danog sustava Va\u0161eg ljubimca, a kroz vrlo kratko vrijeme kori\u0161tenja primijetit \u0107ete <strong>VE\u0106U SMIRENOST, MANJE AGRESIVNOSTI, MANJE NERVOZE I PUNO VE\u0106I U\u017dITAK VA\u0160 LJUBIMAC<\/strong><\/p>\n<p>&#8211; Mnogo je ve\u0107a vjerojatnost da \u0107ete brzo prona\u0107i svog izgubljenog ljubimca (psa ili ma\u010dku). Na pole\u0111inu privjeska <strong>POZY CAT<\/strong> i <strong>POZY DOG<\/strong> implementirali smo <strong>JEDINSTVENI SERIJSKI BROJ<\/strong> i <strong>QR CODE<\/strong> koji odmah vodite na web stranicu (<a href=\"https:\/\/pozy-animal.com\/hr\/\">www.pozy-animal.com<\/a>) u kojoj ste prilikom kupnje sami registrirali serijski broj Va\u0161e <strong>POZY OGRLICE<\/strong> i va\u0161e kontakt podatke, a imate mjesta i za nekoliko slika Va\u0161ih ljubimaca. Osoba koja prona\u0111e va\u0161eg izgubljenog ljubimca primijetit \u0107e <strong>QR-CODE<\/strong> na pole\u0111ini privjeska, jednostavno ga skenira mobitelom, a <strong>QR-CODE<\/strong> automatski otvara web stranicu na kojoj samo upisuje serijski broj s <strong>POZY NECKLACE<\/strong>-a, gdje se nalaze njegovi podaci se odmah prikazuje kao vlasnik ku\u0107nog ljubimca. Tako se bitno ubrzava pronalazak i jednostavno kontaktiranje vlasnika ku\u0107nih ljubimaca, \u0161to ovu inovaciju \u010dini iznadprosje\u010dno konkurentnim, a Vi i Va\u0161 ljubimac sa vremenom dobivaju puno ve\u0107u sigurnost i vrlo visoku dodanu vrijednost<\/p>\n","protected":false},"excerpt":{"rendered":"<p>Programirane fiziolo\u0161ke frekvencije koje postavlja <strong><a href=\"https:\/\/pozy-animal.com\/hr\/\">POZY DOG<\/a><\/strong> privjesak (- na ma\u010dku postavljate <strong>POZY CAT<\/strong>), kroz vegetativni \u017eiv\u010dani sustav, poti\u010du poja\u010dan protok energije kroz sve organe i organske sustave \u017eivotinje, \u0161to poma\u017ee u ja\u010danju imunolo\u0161kog sustava, \u010dine\u0107i \u017eivotinju otporniji na mnoge bolesti. Tako\u0111er, vise\u0107e frekvencije neutraliziraju patogeni spektar <a href=\"https:\/\/pozitronplus.com\/hr\/elektromagnetsko-zracenje\/\">tehni\u010dkog zra\u010denja<\/a> iz okoline <i class=\"otgs-ico-refresh js-otgs-popover-tooltip tippy-active\" tabindex=\"0\" data-original-title=\"Update English US translation\" aria-describedby=\"tippy-3\"><\/i>(<strong>WI-FI<\/strong>, <strong>4G-<a href=\"https:\/\/en.wikipedia.org\/wiki\/5G\">5G mre\u017ea<\/a><\/strong>, <strong>repetitori<\/strong>, <strong>ra\u010dunala<\/strong>, <strong>mobilni telefoni<\/strong>, <strong>sklopke<\/strong>, <strong>tehni\u010dki ure\u0111aji<\/strong>\u2026) tako da imunolo\u0161ki sustav \u017eivotinje ne mora tro\u0161iti dodatnu energiju u borbi protiv jakih neprirodnih tehnologija be\u017ei\u010dnih frekvencija, koje su poznate kao veliki kradljivci energije organizma. Dakle, \u017eivotinja ne tro\u0161i dragocjenu unutarnju energiju, a protok energije kroz tijelo je puno ja\u010di, a time i imunitet. Tako\u0111er, jaka fiziolo\u0161ka frekvencija iz privjeska pozitivno utje\u010de na cirkulaciju krvi, razgra\u0111uje eritrocite koji se lijepe na tvorevine te utje\u010de na pravilan raspored eritrocita u krvi \u0161to osigurava puno bolji prijenos kisika do stanica. Zahvaljuju\u0107i svemu navedenom va\u0161 \u0107e ljubimac biti energetski i imunolo\u0161ki sna\u017eniji, a samim time i otporniji na ve\u0107inu bolesti.<\/p>\n<p>\u2014\u2014\u2014\u2014\u2014\u2014\u2014\u2014\u2014\u2014\u2014\u2014\u2014\u2014\u2014\u2014\u2014\u2014\u2014\u2014\u2014-<\/p>\n<p><span class=\"Y2IQFc\" lang=\"en\"><span style=\"color: #ff0000;\"><strong>Najni\u017ea cijena proizvoda u razdoblju od 30 dana.<\/strong><\/span> \u2013 Prethodne cijene i popusti su isti.<\/span><\/p>\n<p dir=\"ltr\" data-placeholder=\"Prijevod\"><span class=\"Y2IQFc\" lang=\"en\">\u2014\u2014\u2014\u2014\u2014\u2014\u2014\u2014\u2014\u2014\u2014\u2014\u2014\u2014\u2014\u2014\u2014\u2014\u2014\u2014\u2014-<\/span><\/p>\n<p dir=\"ltr\" data-placeholder=\"Prijevod\"><strong>Preporukom do besplatnih proizvoda:<\/strong><\/p>\n<p dir=\"ltr\" data-placeholder=\"Prijevod\"><a href=\"https:\/\/pozitronplus.com\/hr\/preporucite-i-preuzmite-pozitron-plus-proizvode-besplatno\/\"><img decoding=\"async\" class=\"alignnone wp-image-49207 size-medium\" src=\"http:\/\/pozitronplus.com\/wp-content\/uploads\/2025\/12\/JEDINSTVENA-PONUDA-BESPLATNI-PROIZVODI.jpg\" alt=\"\" width=\"300\" height=\"37\" \/><\/a><\/p>\n<p><span class=\"Y2IQFc\" lang=\"en\">\u2014\u2014\u2014\u2014\u2014\u2014\u2014\u2014\u2014\u2014\u2014\u2014\u2014\u2014\u2014\u2014\u2014\u2014\u2014\u2014\u2014-<\/span><\/p>\n","protected":false},"featured_media":31865,"comment_status":"open","ping_status":"closed","template":"","meta":{"_exactmetrics_skip_tracking":false,"_exactmetrics_sitenote_active":false,"_exactmetrics_sitenote_note":"","_exactmetrics_sitenote_category":0,"site-sidebar-layout":"no-sidebar","site-content-layout":"plain-container","ast-site-content-layout":"normal-width-container","site-content-style":"unboxed","site-sidebar-style":"unboxed","ast-global-header-display":"","ast-banner-title-visibility":"","ast-main-header-display":"","ast-hfb-above-header-display":"","ast-hfb-below-header-display":"","ast-hfb-mobile-header-display":"","site-post-title":"","ast-breadcrumbs-content":"","ast-featured-img":"","footer-sml-layout":"","ast-disable-related-posts":"","theme-transparent-header-meta":"disabled","adv-header-id-meta":"","stick-header-meta":"","header-above-stick-meta":"","header-main-stick-meta":"","header-below-stick-meta":"","astra-migrate-meta-layouts":"set","ast-page-background-enabled":"default","ast-page-background-meta":{"desktop":{"background-color":"","background-image":"","background-repeat":"repeat","background-position":"center center","background-size":"auto","background-attachment":"scroll","background-type":"","background-media":"","overlay-type":"","overlay-color":"","overlay-opacity":"","overlay-gradient":""},"tablet":{"background-color":"","background-image":"","background-repeat":"repeat","background-position":"center center","background-size":"auto","background-attachment":"scroll","background-type":"","background-media":"","overlay-type":"","overlay-color":"","overlay-opacity":"","overlay-gradient":""},"mobile":{"background-color":"","background-image":"","background-repeat":"repeat","background-position":"center center","background-size":"auto","background-attachment":"scroll","background-type":"","background-media":"","overlay-type":"","overlay-color":"","overlay-opacity":"","overlay-gradient":""}},"ast-content-background-meta":{"desktop":{"background-color":"var(--ast-global-color-5)","background-image":"","background-repeat":"repeat","background-position":"center center","background-size":"auto","background-attachment":"scroll","background-type":"","background-media":"","overlay-type":"","overlay-color":"","overlay-opacity":"","overlay-gradient":""},"tablet":{"background-color":"var(--ast-global-color-5)","background-image":"","background-repeat":"repeat","background-position":"center center","background-size":"auto","background-attachment":"scroll","background-type":"","background-media":"","overlay-type":"","overlay-color":"","overlay-opacity":"","overlay-gradient":""},"mobile":{"background-color":"var(--ast-global-color-5)","background-image":"","background-repeat":"repeat","background-position":"center center","background-size":"auto","background-attachment":"scroll","background-type":"","background-media":"","overlay-type":"","overlay-color":"","overlay-opacity":"","overlay-gradient":""}}},"product_brand":[],"product_cat":[216],"product_tag":[],"class_list":{"0":"post-31893","1":"product","2":"type-product","3":"status-publish","4":"has-post-thumbnail","6":"product_cat-zastita-za-psa-i-macku","7":"product_shipping_class-fiksna-cijena-hr","8":"desktop-align-left","9":"tablet-align-left","10":"mobile-align-left","12":"first","13":"instock","14":"featured","15":"taxable","16":"shipping-taxable","17":"purchasable","18":"product-type-simple"},"yoast_head":"<title>Pozy Dog Privjesak | Web Shop | POZITRON PLUS<\/title>\n<meta name=\"description\" content=\"POZY DOG privjesak stimulira poja\u010dani protok energije kroz sve organe \u017eivotinje, \u0161to poma\u017ee u ja\u010danju imunolo\u0161kog sustava.\" \/>\n<meta name=\"robots\" content=\"index, follow, max-snippet:-1, max-image-preview:large, max-video-preview:-1\" \/>\n<link rel=\"canonical\" href=\"https:\/\/pozitronplus.com\/hr\/proizvod\/pozy-dog-privjesak-za-pse\/\" \/>\n<meta property=\"og:locale\" content=\"hr_HR\" \/>\n<meta property=\"og:type\" content=\"article\" \/>\n<meta property=\"og:title\" content=\"Pozy Dog Privjesak | Web Shop | POZITRON PLUS\" \/>\n<meta property=\"og:description\" content=\"POZY DOG privjesak stimulira poja\u010dani protok energije kroz sve organe \u017eivotinje, \u0161to poma\u017ee u ja\u010danju imunolo\u0161kog sustava.\" \/>\n<meta property=\"og:url\" content=\"https:\/\/pozitronplus.com\/hr\/proizvod\/pozy-dog-privjesak-za-pse\/\" \/>\n<meta property=\"og:site_name\" content=\"Pozitron Plus\" \/>\n<meta property=\"article:publisher\" content=\"https:\/\/www.facebook.com\/PozitronPlusProtection\" \/>\n<meta property=\"article:modified_time\" content=\"2026-03-04T00:18:44+00:00\" \/>\n<meta property=\"og:image\" content=\"http:\/\/pozitronplus.com\/wp-content\/uploads\/2021\/02\/Pozy-Dog-Zastitni-Privjesak-1.jpg\" \/>\n\t<meta property=\"og:image:width\" content=\"1000\" \/>\n\t<meta property=\"og:image:height\" content=\"1000\" \/>\n\t<meta property=\"og:image:type\" content=\"image\/jpeg\" \/>\n<meta name=\"twitter:card\" content=\"summary_large_image\" \/>\n<meta name=\"twitter:label1\" content=\"Procijenjeno vrijeme \u010ditanja\" \/>\n\t<meta name=\"twitter:data1\" content=\"2 minute\" \/>\n<script type=\"application\/ld+json\" class=\"yoast-schema-graph\">{\"@context\":\"https:\\\/\\\/schema.org\",\"@graph\":[{\"@type\":\"WebPage\",\"@id\":\"https:\\\/\\\/pozitronplus.com\\\/hr\\\/proizvod\\\/pozy-dog-privjesak-za-pse\\\/\",\"url\":\"https:\\\/\\\/pozitronplus.com\\\/hr\\\/proizvod\\\/pozy-dog-privjesak-za-pse\\\/\",\"name\":\"Pozy Dog Privjesak | Web Shop | POZITRON PLUS\",\"isPartOf\":{\"@id\":\"https:\\\/\\\/pozitronplus.com\\\/hr\\\/#website\"},\"primaryImageOfPage\":{\"@id\":\"https:\\\/\\\/pozitronplus.com\\\/hr\\\/proizvod\\\/pozy-dog-privjesak-za-pse\\\/#primaryimage\"},\"image\":{\"@id\":\"https:\\\/\\\/pozitronplus.com\\\/hr\\\/proizvod\\\/pozy-dog-privjesak-za-pse\\\/#primaryimage\"},\"thumbnailUrl\":\"https:\\\/\\\/pozitronplus.com\\\/wp-content\\\/uploads\\\/2021\\\/02\\\/Pozy-Dog-Zastitni-Privjesak-1.jpg\",\"datePublished\":\"2020-12-19T17:13:41+00:00\",\"dateModified\":\"2026-03-04T00:18:44+00:00\",\"description\":\"POZY DOG privjesak stimulira poja\u010dani protok energije kroz sve organe \u017eivotinje, \u0161to poma\u017ee u ja\u010danju imunolo\u0161kog sustava.\",\"breadcrumb\":{\"@id\":\"https:\\\/\\\/pozitronplus.com\\\/hr\\\/proizvod\\\/pozy-dog-privjesak-za-pse\\\/#breadcrumb\"},\"inLanguage\":\"hr\",\"potentialAction\":[{\"@type\":\"ReadAction\",\"target\":[\"https:\\\/\\\/pozitronplus.com\\\/hr\\\/proizvod\\\/pozy-dog-privjesak-za-pse\\\/\"]}]},{\"@type\":\"ImageObject\",\"inLanguage\":\"hr\",\"@id\":\"https:\\\/\\\/pozitronplus.com\\\/hr\\\/proizvod\\\/pozy-dog-privjesak-za-pse\\\/#primaryimage\",\"url\":\"https:\\\/\\\/pozitronplus.com\\\/wp-content\\\/uploads\\\/2021\\\/02\\\/Pozy-Dog-Zastitni-Privjesak-1.jpg\",\"contentUrl\":\"https:\\\/\\\/pozitronplus.com\\\/wp-content\\\/uploads\\\/2021\\\/02\\\/Pozy-Dog-Zastitni-Privjesak-1.jpg\",\"width\":1000,\"height\":1000},{\"@type\":\"BreadcrumbList\",\"@id\":\"https:\\\/\\\/pozitronplus.com\\\/hr\\\/proizvod\\\/pozy-dog-privjesak-za-pse\\\/#breadcrumb\",\"itemListElement\":[{\"@type\":\"ListItem\",\"position\":1,\"name\":\"Home\",\"item\":\"https:\\\/\\\/pozitronplus.com\\\/hr\\\/\"},{\"@type\":\"ListItem\",\"position\":2,\"name\":\"Online Trgovina\",\"item\":\"https:\\\/\\\/pozitronplus.com\\\/hr\\\/online-trgovina\\\/\"},{\"@type\":\"ListItem\",\"position\":3,\"name\":\"POZY DOG Privjesak\"}]},{\"@type\":\"WebSite\",\"@id\":\"https:\\\/\\\/pozitronplus.com\\\/hr\\\/#website\",\"url\":\"https:\\\/\\\/pozitronplus.com\\\/hr\\\/\",\"name\":\"Pozitron Plus\",\"description\":\"Pozitron Plus\",\"publisher\":{\"@id\":\"https:\\\/\\\/pozitronplus.com\\\/hr\\\/#organization\"},\"potentialAction\":[{\"@type\":\"SearchAction\",\"target\":{\"@type\":\"EntryPoint\",\"urlTemplate\":\"https:\\\/\\\/pozitronplus.com\\\/hr\\\/?s={search_term_string}\"},\"query-input\":{\"@type\":\"PropertyValueSpecification\",\"valueRequired\":true,\"valueName\":\"search_term_string\"}}],\"inLanguage\":\"hr\"},{\"@type\":\"Organization\",\"@id\":\"https:\\\/\\\/pozitronplus.com\\\/hr\\\/#organization\",\"name\":\"Medi Spa d.o.o.\",\"url\":\"https:\\\/\\\/pozitronplus.com\\\/hr\\\/\",\"logo\":{\"@type\":\"ImageObject\",\"inLanguage\":\"hr\",\"@id\":\"https:\\\/\\\/pozitronplus.com\\\/hr\\\/#\\\/schema\\\/logo\\\/image\\\/\",\"url\":\"https:\\\/\\\/pozitronplus.com\\\/wp-content\\\/uploads\\\/2019\\\/11\\\/Pozitron-Plus-New-Design.png\",\"contentUrl\":\"https:\\\/\\\/pozitronplus.com\\\/wp-content\\\/uploads\\\/2019\\\/11\\\/Pozitron-Plus-New-Design.png\",\"width\":399,\"height\":409,\"caption\":\"Medi Spa d.o.o.\"},\"image\":{\"@id\":\"https:\\\/\\\/pozitronplus.com\\\/hr\\\/#\\\/schema\\\/logo\\\/image\\\/\"},\"sameAs\":[\"https:\\\/\\\/www.facebook.com\\\/PozitronPlusProtection\",\"https:\\\/\\\/www.youtube.com\\\/channel\\\/UCHrklf6QjKGeco-8RVsK6Uw\",\"https:\\\/\\\/www.instagram.com\\\/pozitron_plus\\\/\"]}]}<\/script>","yoast_head_json":{"title":"Pozy Dog Privjesak | Web Shop | POZITRON PLUS","description":"POZY DOG privjesak stimulira poja\u010dani protok energije kroz sve organe \u017eivotinje, \u0161to poma\u017ee u ja\u010danju imunolo\u0161kog sustava.","robots":{"index":"index","follow":"follow","max-snippet":"max-snippet:-1","max-image-preview":"max-image-preview:large","max-video-preview":"max-video-preview:-1"},"canonical":"https:\/\/pozitronplus.com\/hr\/proizvod\/pozy-dog-privjesak-za-pse\/","og_locale":"hr_HR","og_type":"article","og_title":"Pozy Dog Privjesak | Web Shop | POZITRON PLUS","og_description":"POZY DOG privjesak stimulira poja\u010dani protok energije kroz sve organe \u017eivotinje, \u0161to poma\u017ee u ja\u010danju imunolo\u0161kog sustava.","og_url":"https:\/\/pozitronplus.com\/hr\/proizvod\/pozy-dog-privjesak-za-pse\/","og_site_name":"Pozitron Plus","article_publisher":"https:\/\/www.facebook.com\/PozitronPlusProtection","article_modified_time":"2026-03-04T00:18:44+00:00","og_image":[{"width":1000,"height":1000,"url":"http:\/\/pozitronplus.com\/wp-content\/uploads\/2021\/02\/Pozy-Dog-Zastitni-Privjesak-1.jpg","type":"image\/jpeg"}],"twitter_card":"summary_large_image","twitter_misc":{"Procijenjeno vrijeme \u010ditanja":"2 minute"},"schema":{"@context":"https:\/\/schema.org","@graph":[{"@type":"WebPage","@id":"https:\/\/pozitronplus.com\/hr\/proizvod\/pozy-dog-privjesak-za-pse\/","url":"https:\/\/pozitronplus.com\/hr\/proizvod\/pozy-dog-privjesak-za-pse\/","name":"Pozy Dog Privjesak | Web Shop | POZITRON PLUS","isPartOf":{"@id":"https:\/\/pozitronplus.com\/hr\/#website"},"primaryImageOfPage":{"@id":"https:\/\/pozitronplus.com\/hr\/proizvod\/pozy-dog-privjesak-za-pse\/#primaryimage"},"image":{"@id":"https:\/\/pozitronplus.com\/hr\/proizvod\/pozy-dog-privjesak-za-pse\/#primaryimage"},"thumbnailUrl":"https:\/\/pozitronplus.com\/wp-content\/uploads\/2021\/02\/Pozy-Dog-Zastitni-Privjesak-1.jpg","datePublished":"2020-12-19T17:13:41+00:00","dateModified":"2026-03-04T00:18:44+00:00","description":"POZY DOG privjesak stimulira poja\u010dani protok energije kroz sve organe \u017eivotinje, \u0161to poma\u017ee u ja\u010danju imunolo\u0161kog sustava.","breadcrumb":{"@id":"https:\/\/pozitronplus.com\/hr\/proizvod\/pozy-dog-privjesak-za-pse\/#breadcrumb"},"inLanguage":"hr","potentialAction":[{"@type":"ReadAction","target":["https:\/\/pozitronplus.com\/hr\/proizvod\/pozy-dog-privjesak-za-pse\/"]}]},{"@type":"ImageObject","inLanguage":"hr","@id":"https:\/\/pozitronplus.com\/hr\/proizvod\/pozy-dog-privjesak-za-pse\/#primaryimage","url":"https:\/\/pozitronplus.com\/wp-content\/uploads\/2021\/02\/Pozy-Dog-Zastitni-Privjesak-1.jpg","contentUrl":"https:\/\/pozitronplus.com\/wp-content\/uploads\/2021\/02\/Pozy-Dog-Zastitni-Privjesak-1.jpg","width":1000,"height":1000},{"@type":"BreadcrumbList","@id":"https:\/\/pozitronplus.com\/hr\/proizvod\/pozy-dog-privjesak-za-pse\/#breadcrumb","itemListElement":[{"@type":"ListItem","position":1,"name":"Home","item":"https:\/\/pozitronplus.com\/hr\/"},{"@type":"ListItem","position":2,"name":"Online Trgovina","item":"https:\/\/pozitronplus.com\/hr\/online-trgovina\/"},{"@type":"ListItem","position":3,"name":"POZY DOG Privjesak"}]},{"@type":"WebSite","@id":"https:\/\/pozitronplus.com\/hr\/#website","url":"https:\/\/pozitronplus.com\/hr\/","name":"Pozitron Plus","description":"Pozitron Plus","publisher":{"@id":"https:\/\/pozitronplus.com\/hr\/#organization"},"potentialAction":[{"@type":"SearchAction","target":{"@type":"EntryPoint","urlTemplate":"https:\/\/pozitronplus.com\/hr\/?s={search_term_string}"},"query-input":{"@type":"PropertyValueSpecification","valueRequired":true,"valueName":"search_term_string"}}],"inLanguage":"hr"},{"@type":"Organization","@id":"https:\/\/pozitronplus.com\/hr\/#organization","name":"Medi Spa d.o.o.","url":"https:\/\/pozitronplus.com\/hr\/","logo":{"@type":"ImageObject","inLanguage":"hr","@id":"https:\/\/pozitronplus.com\/hr\/#\/schema\/logo\/image\/","url":"https:\/\/pozitronplus.com\/wp-content\/uploads\/2019\/11\/Pozitron-Plus-New-Design.png","contentUrl":"https:\/\/pozitronplus.com\/wp-content\/uploads\/2019\/11\/Pozitron-Plus-New-Design.png","width":399,"height":409,"caption":"Medi Spa d.o.o."},"image":{"@id":"https:\/\/pozitronplus.com\/hr\/#\/schema\/logo\/image\/"},"sameAs":["https:\/\/www.facebook.com\/PozitronPlusProtection","https:\/\/www.youtube.com\/channel\/UCHrklf6QjKGeco-8RVsK6Uw","https:\/\/www.instagram.com\/pozitron_plus\/"]}]}},"_links":{"self":[{"href":"https:\/\/pozitronplus.com\/hr\/wp-json\/wp\/v2\/product\/31893","targetHints":{"allow":["GET"]}}],"collection":[{"href":"https:\/\/pozitronplus.com\/hr\/wp-json\/wp\/v2\/product"}],"about":[{"href":"https:\/\/pozitronplus.com\/hr\/wp-json\/wp\/v2\/types\/product"}],"replies":[{"embeddable":true,"href":"https:\/\/pozitronplus.com\/hr\/wp-json\/wp\/v2\/comments?post=31893"}],"wp:featuredmedia":[{"embeddable":true,"href":"https:\/\/pozitronplus.com\/hr\/wp-json\/wp\/v2\/media\/31865"}],"wp:attachment":[{"href":"https:\/\/pozitronplus.com\/hr\/wp-json\/wp\/v2\/media?parent=31893"}],"wp:term":[{"taxonomy":"product_brand","embeddable":true,"href":"https:\/\/pozitronplus.com\/hr\/wp-json\/wp\/v2\/product_brand?post=31893"},{"taxonomy":"product_cat","embeddable":true,"href":"https:\/\/pozitronplus.com\/hr\/wp-json\/wp\/v2\/product_cat?post=31893"},{"taxonomy":"product_tag","embeddable":true,"href":"https:\/\/pozitronplus.com\/hr\/wp-json\/wp\/v2\/product_tag?post=31893"}],"curies":[{"name":"wp","href":"https:\/\/api.w.org\/{rel}","templated":true}]}}