{"id":37285,"date":"2022-06-02T12:34:26","date_gmt":"2022-06-02T10:34:26","guid":{"rendered":"https:\/\/pozitronplus.com\/?post_type=product&#038;p=37285"},"modified":"2026-03-03T19:41:07","modified_gmt":"2026-03-03T18:41:07","slug":"pozitron-plus-mobitel-1m-prethodna-linija-proizvoda","status":"publish","type":"product","link":"https:\/\/pozitronplus.com\/hr\/proizvod\/pozitron-plus-mobitel-1m-prethodna-linija-proizvoda\/","title":{"rendered":"Pozitron Plus MOBITEL 1m [PRETHODNA LINIJA PROIZVODA]"},"content":{"rendered":"<p><strong>Pozitron Plus MOBITEL<\/strong> <strong>1m<\/strong> (veli\u010dina <strong>3&#215;3 cm<\/strong>). Treba ga postaviti na stra\u017enju stranu mobilnog telefona. Osim toga, toplo preporu\u010damo da ga instalirate na sve ure\u0111aje koje \u010desto koristite u svom ku\u0107anstvu \u2013 <a href=\"https:\/\/pozitronplus.com\/hr\/elektromagnetsko-zracenje\/\">tablet, laptop, ra\u010dunalo, televizor, be\u017ei\u010dni telefon WI-FI router, mikrovalna pe\u0107nica, klima ure\u0111aj<\/a> itd.). Na taj na\u010din zna\u010dajno \u0107ete smanjiti \u0161tetni u\u010dinak na va\u0161 organizam dok ste u blizini, izravno izlo\u017eeni ili kada koristite neki od ovih ure\u0111aja.<\/p>\n<p>Naj\u0161tetniji trenutak kada koristite telefon za razgovor s nekim je trenutak kada podignete slu\u0161alicu. Tada <strong>REPETITOR<\/strong> \u0161alje neprirodno jak energetski signal duboko u va\u0161 mozak. Istodobno, <strong>POZITRON PLUS<\/strong> svojim programiranim fiziolo\u0161kim frekvencijama kroz autonomni \u017eiv\u010dani sustav sna\u017eno podi\u017ee protok energije u glavi i mozgu. Na taj na\u010din stvara sna\u017enu prirodnu energetsku barijeru koja zna\u010dajno smanjuje \u0161tetni u\u010dinak repetitora.<\/p>\n<p>Kada se uspostavi ova veza, repetitor prestaje biti \u0161tetan. \u0160tetni u\u010dinak sada nadma\u0161uje jaka <strong>BATERIJA<\/strong> <strong>mobitela<\/strong> , <strong>be\u017ei\u010dna mre\u017ea 4G<\/strong> , <strong>5G<\/strong> , <strong>te radio valovi<\/strong> koji \u0161alju sna\u017eno <a href=\"https:\/\/en.wikipedia.org\/wiki\/Electromagnetic_radiation\">elektromagnetsko zra\u010denje<\/a> u strukturu glave i mozga. <strong>POZITRON PLUS \u2013 MOBITEL<\/strong> u radijusu od 1 metra \u2013 u visokom postotku ( <strong>90%<\/strong> ) poma\u017ee podizanju otpornosti ljudskog organizma na patogeni spektar elektromagnetskog zra\u010denja i zna\u010dajno smanjuje \u0161tetno djelovanje tog zra\u010denja. Na taj na\u010din dodatno omogu\u0107uje puno sigurnije kori\u0161tenje mobilnog telefona (<strong>be\u017ei\u010dni telefon<\/strong>, <strong>tablet<\/strong>, <strong>prijenosno ra\u010dunalo<\/strong>, <strong>ra\u010dunalo<\/strong>, <strong>WI-FI sa 4G ili 5G be\u017ei\u010dnom mre\u017eom\u2026<\/strong>).<\/p>\n<p><strong>POZITRON PLUS<\/strong> se ne temelji na <strong>PRINCIPU BLOKIRANJA<\/strong> elektromagnetskih signala (za razliku od ve\u0107ine sli\u010dnih proizvoda). Tako\u0111er ne smanjuje snagu signala. Da je tome tako, repetitor bi morao stalno poja\u010davati svoj signal, a \u2013 posljedi\u010dno \u2013 u\u010dinak na na\u0161e zdravlje mogao bi biti jo\u0161 \u0161tetniji. Ure\u0111aji koji se koriste za mjerenje snage <strong>elektromagnetskog zra\u010denja<\/strong> mogu pokazati kako <strong>SNAGA ELEKTROMAGNETSKOG SIGNALA<\/strong> ostaje nepromijenjena u prisutnosti <strong>POZITRONA PLUS<\/strong>. Tako\u0111er mogu pokazati da POZITRON ni na koji na\u010din ne ometa be\u017ei\u010dni signal.<\/p>\n<p>Klju\u010dna vrijednost ove inovacije je pomo\u0107 koju pru\u017ea organizmu programiranim spektrom frekvencijskih valova u visokom postotku od 90% u obrani od <strong>PATOGENOG SPEKTRA ELEKTROMAGNETSKOG ZRA\u010cENJA<\/strong> u radijusu od 1 metra. <strong>Kona\u010dno, Pozitron Plus NE IMA NIKAKAV UTJECAJ NA URE\u0110AJE I NJIHOVO ZRA\u010cENJE<\/strong>. Ima samo vi\u0161estruke pozitivne u\u010dinke na zdravlje ljudi \u0161to su dokazali na\u0161i brojni certifikati i testovi.<\/p>\n<p>Prosje\u010dna osoba dr\u017ei mobitel u ruci izme\u0111u 2 i 10 sati dnevno (koriste\u0107i poruke za komunikaciju, kori\u0161tenje interneta i dru\u0161tvenih mre\u017ea). Ostatak vremena osoba ima mobitel u d\u017eepu, na stolu ili pored kreveta. Napravili smo nekoliko <strong>TESTOVA \u017dIVOM KAPLJICOM KRVI<\/strong> uz pomo\u0107 <strong>MIKROSKOPIJE TAMNOG POLJA<\/strong>. Dokazano je da utjecaj elektromagnetskog zra\u010denja grupira i aglutinira crvene krvne stanice. Posljedi\u010dno, crvene krvne stanice gube svoju sposobnost vezanja kisika. Umjesto toga, one ve\u017eu na sebe otpadne materijale. To pove\u0107ava debljinu krvi i slabu cirkulaciju. Organizam stvara premalo energije \u0161to posljedi\u010dno dovodi do pada imuniteta, kroni\u010dnog umora, nervoze, psihi\u010dkih problema, glavobolja, bolnih sindroma itd. Kada se testiranu osobu za\u0161titi sa <strong>POZITRONOM<\/strong>, svi ispitanici koji su imali sljepljene eritrocite u <strong>PRVOM TESTIRANJU<\/strong>, ve\u0107 nakon 5 do 10 minuta prilikom <strong>DRUGOG TESTIRANJA<\/strong> imali su lijepo raspore\u0111ene i slobodne eritrocite.<\/p>\n<p>Stigla je i nova <strong>5G<\/strong> be\u017ei\u010dna mre\u017ea, koja se vrlo gusto postavlja u sva naseljena mjesta. To \u0107e dodatno poja\u010dati ukupno elektromagnetsko one\u010di\u0161\u0107enje radne i \u017eivotne okoline, no donosi nam i obilje novih mogu\u0107nosti. Zato je u korak sa razvojem modernih tehnologija prijeko potrebno razvijati i moderne proizvode za za\u0161titu ljudskog organizma, koji poma\u017eu ubla\u017eiti njihove \u0161tetne u\u010dinke.<\/p>\n<p><strong>POZITRON PLUS \u2013 MOBILNI TELEFON<\/strong> je moderan, visoko sofisticiran <strong>NANO-TEH PROIZVOD<\/strong> koji poma\u017ee u za\u0161titi va\u0161eg zdravlja i zdravlja va\u0161e djece. te Vam pru\u017ea <strong>PUNO VE\u0106U SIGURNOST<\/strong> u okru\u017eenju modernih tehnologija.<\/p>\n","protected":false},"excerpt":{"rendered":"<div id=\"tw-container\" class=\"\" data-cp=\"1\" data-is-ver=\"false\" data-nnttsvi=\"1\" data-sbsl=\"ru,uk\" data-sm=\"1\" data-ssbp=\"false\" data-sugg-time=\"500\" data-sugg-url=\"https:\/\/clients1.google.com\/complete\/search\" data-uilc=\"hr\">\n<div>\n<div>\n<div id=\"tw-ob\" class=\"tw-src-ltr\">\n<div class=\"oSioSc\">\n<div id=\"tw-target\">\n<div id=\"kAz1tf\" class=\"g9WsWb\">\n<div id=\"tw-target-text-container\" class=\"tw-ta-container F0azHf tw-nfl\" tabindex=\"0\">\n<p id=\"tw-target-text\" class=\"tw-data-text tw-text-large tw-ta\" dir=\"ltr\" data-placeholder=\"Prijevod\"><span style=\"color: #800000;\"><strong><span class=\"Y2IQFc\" lang=\"en\">GLAVNA RAZLIKA IZME\u0110U PRETHODNE LINIJE I NOVE LINIJE POZITRON PLUS PROIZVODA JE \u0160TO NOVA LINIJA IMA BOLJU ZA\u0160TITU SAMOG PROIZVODA I PROIZVEDENA JE UZ POMO\u0106 NAPREDNIJE TEHNOLOGIJE KORI\u0160TENE TIJEKOM NANO-TEHNOLO\u0160KE OBRADE PROIZVODA.<\/span><\/strong><\/span><\/p>\n<\/div>\n<\/div>\n<\/div>\n<\/div>\n<\/div>\n<\/div>\n<\/div>\n<\/div>\n<p><strong>Pozitron Plus \u2013 MOBILNI TELEFON<\/strong> (<strong>za\u0161titni radijus 1 metar<\/strong>)<\/p>\n<p>Harmonizira tjelesnu energiju, podi\u017ee protok energije kroz sve organe, olak\u0161ava samoza\u0161titu Va\u0161eg organizma od patogenih zra\u010denja tehni\u010dkih ure\u0111aja i be\u017ei\u010dnih tehnologija, kao i od prirodnog zra\u010denja u radijusu od 1 metra (potrebno je instalirati na <strong>MOBIL. TELEFON<\/strong> , <strong>BE\u017dI\u010cNI TELEFON<\/strong> , <strong>TABLET , LAPTOP<\/strong> , <strong>UREDSKO RA\u010cUNALO<\/strong> , <strong>WI-FI URE\u0110AJ<\/strong> , <strong>TV<\/strong> , <strong>MIKROVALNA PE\u0106NICA<\/strong> , <strong>KLIMA URE\u0110AJ ..<\/strong> ).<\/p>\n<p>Svojim programiranim spektrom fiziolo\u0161kih frekvencija sna\u017eno podi\u017ee protok energije u strukturi glave, mozga i \u0161titnja\u010de. Na taj na\u010din stvara <strong>SNA\u017dAN ENERGETSKI \u0160TIT<\/strong> koji zna\u010dajno smanjuje agresivno djelovanje frekvencija <strong>PONAVLJA\u010cA<\/strong> kada se uspostavi veza izme\u0111u 2 mobilna telefona ( <strong>CERTIFIKAT BION INSTITUTA<\/strong> , <strong>PIP CAMERA TEST \u2013 London<\/strong> , <strong>BIOSTAR TECHNOLOGY test<\/strong> , <strong>ROFES DEVICE test<\/strong> , <strong>SCIO EDUCTOR test<\/strong> <strong>i QUEST9<\/strong> elektrofiziolo\u0161ki <strong>biofeedback ure\u0111aji<\/strong> ).<\/p>\n<p>POZITRON PLUS svojim programiranim frekvencijama u vrlo visokom postotku (preko <strong>90 %<\/strong>&#8211; <strong>CERTIFIKAT EUNES<\/strong> <strong>i<\/strong><strong>HUPED<\/strong>) , <strong>poma\u017ee organizmu da se brani od<\/strong> <a href=\"https:\/\/en.wikipedia.org\/wiki\/Electromagnetic_radiation\">elektromagnetskog zra\u010denja iz<\/a> <strong>tehni\u010dki ure\u0111aji i be\u017ei\u010dne tehnologije<\/strong> iz prostora u kojem provodite vrijeme (<strong>mobiteli<\/strong>, <strong>be\u017ei\u010dni telefoni<\/strong>, <strong>strujni krugovi<\/strong>, <strong>repetitori<\/strong>, <strong>tablet<\/strong>, <strong>laptop<\/strong>, <strong>ra\u010dunalo<\/strong>, <strong>skeneri<\/strong>, <strong>printeri<\/strong>, <strong>mikrovalna pe\u0107nica<\/strong>, <strong>klima ure\u0111aj<\/strong>, <strong>WI-FI, 4G, <\/strong><strong>5G mre\u017ea<\/strong> itd.). <strong>Na taj na\u010din podi\u017ee obranu organizma od \u0161tetnih utjecaja<\/strong> na iznadprosje\u010dnu razinu. \u0160titi vas od velikih kradljivaca ljudske energije iz na\u0161eg \u017eivotnog i radnog okru\u017eenja. Na taj na\u010din se ne gubi unutarnja energija obrambenih mo\u0107i organizma, a imunolo\u0161ki sustav prirodno postaje ja\u010di.<\/p>\n<p>Na taj na\u010din <strong>POZITRON PLUS<\/strong> omogu\u0107uje <strong>MNOGO SIGURNIJU<\/strong> upotrebu mobilnog telefona (<strong>be\u017ei\u010dni telefon<\/strong>, <strong>tablet<\/strong>, <strong>prijenosno ra\u010dunalo<\/strong>, <strong>osobno ra\u010dunalo<\/strong>, <strong>WI-FI<\/strong>&#8230;) i potpuno prirodno daje neprocjenjiv doprinos za\u0161titi va\u0161eg zdravlja.<\/p>\n<p id=\"tw-target-text\" class=\"tw-data-text tw-text-large tw-ta\" dir=\"ltr\" data-placeholder=\"Prijevod\"><span class=\"Y2IQFc\" lang=\"en\">\u2014\u2014\u2014\u2014\u2014\u2014\u2014\u2014\u2014\u2014\u2014\u2014\u2014\u2014\u2014\u2014\u2014\u2014\u2014\u2014\u2014- <\/span><\/p>\n<p class=\"tw-data-text tw-text-large tw-ta\" dir=\"ltr\" data-placeholder=\"Prijevod\"><span class=\"Y2IQFc\" lang=\"en\"><span style=\"color: #ff0000;\"><strong>Najni\u017ea cijena proizvoda u razdoblju od 30 dana.<\/strong><\/span> \u2013 Prethodne cijene i popusti su isti.<\/span><\/p>\n","protected":false},"featured_media":47853,"comment_status":"open","ping_status":"closed","template":"","meta":{"_exactmetrics_skip_tracking":false,"_exactmetrics_sitenote_active":false,"_exactmetrics_sitenote_note":"","_exactmetrics_sitenote_category":0,"site-sidebar-layout":"no-sidebar","site-content-layout":"plain-container","ast-site-content-layout":"normal-width-container","site-content-style":"unboxed","site-sidebar-style":"unboxed","ast-global-header-display":"","ast-banner-title-visibility":"","ast-main-header-display":"","ast-hfb-above-header-display":"","ast-hfb-below-header-display":"","ast-hfb-mobile-header-display":"","site-post-title":"","ast-breadcrumbs-content":"","ast-featured-img":"","footer-sml-layout":"","ast-disable-related-posts":"","theme-transparent-header-meta":"disabled","adv-header-id-meta":"","stick-header-meta":"","header-above-stick-meta":"","header-main-stick-meta":"","header-below-stick-meta":"","astra-migrate-meta-layouts":"set","ast-page-background-enabled":"default","ast-page-background-meta":{"desktop":{"background-color":"","background-image":"","background-repeat":"repeat","background-position":"center center","background-size":"auto","background-attachment":"scroll","background-type":"","background-media":"","overlay-type":"","overlay-color":"","overlay-opacity":"","overlay-gradient":""},"tablet":{"background-color":"","background-image":"","background-repeat":"repeat","background-position":"center center","background-size":"auto","background-attachment":"scroll","background-type":"","background-media":"","overlay-type":"","overlay-color":"","overlay-opacity":"","overlay-gradient":""},"mobile":{"background-color":"","background-image":"","background-repeat":"repeat","background-position":"center center","background-size":"auto","background-attachment":"scroll","background-type":"","background-media":"","overlay-type":"","overlay-color":"","overlay-opacity":"","overlay-gradient":""}},"ast-content-background-meta":{"desktop":{"background-color":"var(--ast-global-color-5)","background-image":"","background-repeat":"repeat","background-position":"center center","background-size":"auto","background-attachment":"scroll","background-type":"","background-media":"","overlay-type":"","overlay-color":"","overlay-opacity":"","overlay-gradient":""},"tablet":{"background-color":"var(--ast-global-color-5)","background-image":"","background-repeat":"repeat","background-position":"center center","background-size":"auto","background-attachment":"scroll","background-type":"","background-media":"","overlay-type":"","overlay-color":"","overlay-opacity":"","overlay-gradient":""},"mobile":{"background-color":"var(--ast-global-color-5)","background-image":"","background-repeat":"repeat","background-position":"center center","background-size":"auto","background-attachment":"scroll","background-type":"","background-media":"","overlay-type":"","overlay-color":"","overlay-opacity":"","overlay-gradient":""}}},"product_brand":[],"product_cat":[297],"product_tag":[],"class_list":{"0":"post-37285","1":"product","2":"type-product","3":"status-publish","4":"has-post-thumbnail","6":"product_cat-pozitron-plus-prethodna-linija-proizvoda","7":"product_shipping_class-fiksna-cijena-hr","8":"desktop-align-left","9":"tablet-align-left","10":"mobile-align-left","12":"first","13":"instock","14":"sale","15":"taxable","16":"shipping-taxable","17":"purchasable","18":"product-type-simple"},"yoast_head":"<title>Pozitron Plus MOBITEL 1m | PRETHODNA LINIJA PROIZVODA<\/title>\n<meta name=\"description\" content=\"Pozitron Plus Mobitel 1m pru\u017ea PUNO VE\u0106U SIGURNOST u okru\u017eenju modernih tehnologija.\" \/>\n<meta name=\"robots\" content=\"index, follow, max-snippet:-1, max-image-preview:large, max-video-preview:-1\" \/>\n<link rel=\"canonical\" href=\"https:\/\/pozitronplus.com\/hr\/proizvod\/pozitron-plus-mobitel-1m-prethodna-linija-proizvoda\/\" \/>\n<meta property=\"og:locale\" content=\"hr_HR\" \/>\n<meta property=\"og:type\" content=\"article\" \/>\n<meta property=\"og:title\" content=\"Pozitron Plus MOBITEL 1m | PRETHODNA LINIJA PROIZVODA\" \/>\n<meta property=\"og:description\" content=\"Pozitron Plus Mobitel 1m pru\u017ea PUNO VE\u0106U SIGURNOST u okru\u017eenju modernih tehnologija.\" \/>\n<meta property=\"og:url\" content=\"https:\/\/pozitronplus.com\/hr\/proizvod\/pozitron-plus-mobitel-1m-prethodna-linija-proizvoda\/\" \/>\n<meta property=\"og:site_name\" content=\"Pozitron Plus\" \/>\n<meta property=\"article:publisher\" content=\"https:\/\/www.facebook.com\/PozitronPlusProtection\" \/>\n<meta property=\"article:modified_time\" content=\"2026-03-03T18:41:07+00:00\" \/>\n<meta property=\"og:image\" content=\"https:\/\/pozitronplus.com\/wp-content\/uploads\/2019\/06\/Pozitron-Plus-1m-MOBITEL-PRETHODNA-LINIJA-PROIZVODA-10.jpg\" \/>\n\t<meta property=\"og:image:width\" content=\"1000\" \/>\n\t<meta property=\"og:image:height\" content=\"1000\" \/>\n\t<meta property=\"og:image:type\" content=\"image\/jpeg\" \/>\n<meta name=\"twitter:card\" content=\"summary_large_image\" \/>\n<meta name=\"twitter:label1\" content=\"Procijenjeno vrijeme \u010ditanja\" \/>\n\t<meta name=\"twitter:data1\" content=\"3 minute\" \/>\n<script type=\"application\/ld+json\" class=\"yoast-schema-graph\">{\"@context\":\"https:\\\/\\\/schema.org\",\"@graph\":[{\"@type\":\"WebPage\",\"@id\":\"https:\\\/\\\/pozitronplus.com\\\/hr\\\/proizvod\\\/pozitron-plus-mobitel-1m-prethodna-linija-proizvoda\\\/\",\"url\":\"https:\\\/\\\/pozitronplus.com\\\/hr\\\/proizvod\\\/pozitron-plus-mobitel-1m-prethodna-linija-proizvoda\\\/\",\"name\":\"Pozitron Plus MOBITEL 1m | PRETHODNA LINIJA PROIZVODA\",\"isPartOf\":{\"@id\":\"https:\\\/\\\/pozitronplus.com\\\/hr\\\/#website\"},\"primaryImageOfPage\":{\"@id\":\"https:\\\/\\\/pozitronplus.com\\\/hr\\\/proizvod\\\/pozitron-plus-mobitel-1m-prethodna-linija-proizvoda\\\/#primaryimage\"},\"image\":{\"@id\":\"https:\\\/\\\/pozitronplus.com\\\/hr\\\/proizvod\\\/pozitron-plus-mobitel-1m-prethodna-linija-proizvoda\\\/#primaryimage\"},\"thumbnailUrl\":\"https:\\\/\\\/pozitronplus.com\\\/wp-content\\\/uploads\\\/2019\\\/06\\\/Pozitron-Plus-1m-MOBITEL-PRETHODNA-LINIJA-PROIZVODA-10.jpg\",\"datePublished\":\"2022-06-02T10:34:26+00:00\",\"dateModified\":\"2026-03-03T18:41:07+00:00\",\"description\":\"Pozitron Plus Mobitel 1m pru\u017ea PUNO VE\u0106U SIGURNOST u okru\u017eenju modernih tehnologija.\",\"breadcrumb\":{\"@id\":\"https:\\\/\\\/pozitronplus.com\\\/hr\\\/proizvod\\\/pozitron-plus-mobitel-1m-prethodna-linija-proizvoda\\\/#breadcrumb\"},\"inLanguage\":\"hr\",\"potentialAction\":[{\"@type\":\"ReadAction\",\"target\":[\"https:\\\/\\\/pozitronplus.com\\\/hr\\\/proizvod\\\/pozitron-plus-mobitel-1m-prethodna-linija-proizvoda\\\/\"]}]},{\"@type\":\"ImageObject\",\"inLanguage\":\"hr\",\"@id\":\"https:\\\/\\\/pozitronplus.com\\\/hr\\\/proizvod\\\/pozitron-plus-mobitel-1m-prethodna-linija-proizvoda\\\/#primaryimage\",\"url\":\"https:\\\/\\\/pozitronplus.com\\\/wp-content\\\/uploads\\\/2019\\\/06\\\/Pozitron-Plus-1m-MOBITEL-PRETHODNA-LINIJA-PROIZVODA-10.jpg\",\"contentUrl\":\"https:\\\/\\\/pozitronplus.com\\\/wp-content\\\/uploads\\\/2019\\\/06\\\/Pozitron-Plus-1m-MOBITEL-PRETHODNA-LINIJA-PROIZVODA-10.jpg\",\"width\":1000,\"height\":1000},{\"@type\":\"BreadcrumbList\",\"@id\":\"https:\\\/\\\/pozitronplus.com\\\/hr\\\/proizvod\\\/pozitron-plus-mobitel-1m-prethodna-linija-proizvoda\\\/#breadcrumb\",\"itemListElement\":[{\"@type\":\"ListItem\",\"position\":1,\"name\":\"Home\",\"item\":\"https:\\\/\\\/pozitronplus.com\\\/hr\\\/\"},{\"@type\":\"ListItem\",\"position\":2,\"name\":\"Online Trgovina\",\"item\":\"https:\\\/\\\/pozitronplus.com\\\/hr\\\/online-trgovina\\\/\"},{\"@type\":\"ListItem\",\"position\":3,\"name\":\"Pozitron Plus MOBITEL 1m [PRETHODNA LINIJA PROIZVODA]\"}]},{\"@type\":\"WebSite\",\"@id\":\"https:\\\/\\\/pozitronplus.com\\\/hr\\\/#website\",\"url\":\"https:\\\/\\\/pozitronplus.com\\\/hr\\\/\",\"name\":\"Pozitron Plus\",\"description\":\"Pozitron Plus\",\"publisher\":{\"@id\":\"https:\\\/\\\/pozitronplus.com\\\/hr\\\/#organization\"},\"potentialAction\":[{\"@type\":\"SearchAction\",\"target\":{\"@type\":\"EntryPoint\",\"urlTemplate\":\"https:\\\/\\\/pozitronplus.com\\\/hr\\\/?s={search_term_string}\"},\"query-input\":{\"@type\":\"PropertyValueSpecification\",\"valueRequired\":true,\"valueName\":\"search_term_string\"}}],\"inLanguage\":\"hr\"},{\"@type\":\"Organization\",\"@id\":\"https:\\\/\\\/pozitronplus.com\\\/hr\\\/#organization\",\"name\":\"Medi Spa d.o.o.\",\"url\":\"https:\\\/\\\/pozitronplus.com\\\/hr\\\/\",\"logo\":{\"@type\":\"ImageObject\",\"inLanguage\":\"hr\",\"@id\":\"https:\\\/\\\/pozitronplus.com\\\/hr\\\/#\\\/schema\\\/logo\\\/image\\\/\",\"url\":\"https:\\\/\\\/pozitronplus.com\\\/wp-content\\\/uploads\\\/2019\\\/11\\\/Pozitron-Plus-New-Design.png\",\"contentUrl\":\"https:\\\/\\\/pozitronplus.com\\\/wp-content\\\/uploads\\\/2019\\\/11\\\/Pozitron-Plus-New-Design.png\",\"width\":399,\"height\":409,\"caption\":\"Medi Spa d.o.o.\"},\"image\":{\"@id\":\"https:\\\/\\\/pozitronplus.com\\\/hr\\\/#\\\/schema\\\/logo\\\/image\\\/\"},\"sameAs\":[\"https:\\\/\\\/www.facebook.com\\\/PozitronPlusProtection\",\"https:\\\/\\\/www.youtube.com\\\/channel\\\/UCHrklf6QjKGeco-8RVsK6Uw\",\"https:\\\/\\\/www.instagram.com\\\/pozitron_plus\\\/\"]}]}<\/script>","yoast_head_json":{"title":"Pozitron Plus MOBITEL 1m | PRETHODNA LINIJA PROIZVODA","description":"Pozitron Plus Mobitel 1m pru\u017ea PUNO VE\u0106U SIGURNOST u okru\u017eenju modernih tehnologija.","robots":{"index":"index","follow":"follow","max-snippet":"max-snippet:-1","max-image-preview":"max-image-preview:large","max-video-preview":"max-video-preview:-1"},"canonical":"https:\/\/pozitronplus.com\/hr\/proizvod\/pozitron-plus-mobitel-1m-prethodna-linija-proizvoda\/","og_locale":"hr_HR","og_type":"article","og_title":"Pozitron Plus MOBITEL 1m | PRETHODNA LINIJA PROIZVODA","og_description":"Pozitron Plus Mobitel 1m pru\u017ea PUNO VE\u0106U SIGURNOST u okru\u017eenju modernih tehnologija.","og_url":"https:\/\/pozitronplus.com\/hr\/proizvod\/pozitron-plus-mobitel-1m-prethodna-linija-proizvoda\/","og_site_name":"Pozitron Plus","article_publisher":"https:\/\/www.facebook.com\/PozitronPlusProtection","article_modified_time":"2026-03-03T18:41:07+00:00","og_image":[{"width":1000,"height":1000,"url":"https:\/\/pozitronplus.com\/wp-content\/uploads\/2019\/06\/Pozitron-Plus-1m-MOBITEL-PRETHODNA-LINIJA-PROIZVODA-10.jpg","type":"image\/jpeg"}],"twitter_card":"summary_large_image","twitter_misc":{"Procijenjeno vrijeme \u010ditanja":"3 minute"},"schema":{"@context":"https:\/\/schema.org","@graph":[{"@type":"WebPage","@id":"https:\/\/pozitronplus.com\/hr\/proizvod\/pozitron-plus-mobitel-1m-prethodna-linija-proizvoda\/","url":"https:\/\/pozitronplus.com\/hr\/proizvod\/pozitron-plus-mobitel-1m-prethodna-linija-proizvoda\/","name":"Pozitron Plus MOBITEL 1m | PRETHODNA LINIJA PROIZVODA","isPartOf":{"@id":"https:\/\/pozitronplus.com\/hr\/#website"},"primaryImageOfPage":{"@id":"https:\/\/pozitronplus.com\/hr\/proizvod\/pozitron-plus-mobitel-1m-prethodna-linija-proizvoda\/#primaryimage"},"image":{"@id":"https:\/\/pozitronplus.com\/hr\/proizvod\/pozitron-plus-mobitel-1m-prethodna-linija-proizvoda\/#primaryimage"},"thumbnailUrl":"https:\/\/pozitronplus.com\/wp-content\/uploads\/2019\/06\/Pozitron-Plus-1m-MOBITEL-PRETHODNA-LINIJA-PROIZVODA-10.jpg","datePublished":"2022-06-02T10:34:26+00:00","dateModified":"2026-03-03T18:41:07+00:00","description":"Pozitron Plus Mobitel 1m pru\u017ea PUNO VE\u0106U SIGURNOST u okru\u017eenju modernih tehnologija.","breadcrumb":{"@id":"https:\/\/pozitronplus.com\/hr\/proizvod\/pozitron-plus-mobitel-1m-prethodna-linija-proizvoda\/#breadcrumb"},"inLanguage":"hr","potentialAction":[{"@type":"ReadAction","target":["https:\/\/pozitronplus.com\/hr\/proizvod\/pozitron-plus-mobitel-1m-prethodna-linija-proizvoda\/"]}]},{"@type":"ImageObject","inLanguage":"hr","@id":"https:\/\/pozitronplus.com\/hr\/proizvod\/pozitron-plus-mobitel-1m-prethodna-linija-proizvoda\/#primaryimage","url":"https:\/\/pozitronplus.com\/wp-content\/uploads\/2019\/06\/Pozitron-Plus-1m-MOBITEL-PRETHODNA-LINIJA-PROIZVODA-10.jpg","contentUrl":"https:\/\/pozitronplus.com\/wp-content\/uploads\/2019\/06\/Pozitron-Plus-1m-MOBITEL-PRETHODNA-LINIJA-PROIZVODA-10.jpg","width":1000,"height":1000},{"@type":"BreadcrumbList","@id":"https:\/\/pozitronplus.com\/hr\/proizvod\/pozitron-plus-mobitel-1m-prethodna-linija-proizvoda\/#breadcrumb","itemListElement":[{"@type":"ListItem","position":1,"name":"Home","item":"https:\/\/pozitronplus.com\/hr\/"},{"@type":"ListItem","position":2,"name":"Online Trgovina","item":"https:\/\/pozitronplus.com\/hr\/online-trgovina\/"},{"@type":"ListItem","position":3,"name":"Pozitron Plus MOBITEL 1m [PRETHODNA LINIJA PROIZVODA]"}]},{"@type":"WebSite","@id":"https:\/\/pozitronplus.com\/hr\/#website","url":"https:\/\/pozitronplus.com\/hr\/","name":"Pozitron Plus","description":"Pozitron Plus","publisher":{"@id":"https:\/\/pozitronplus.com\/hr\/#organization"},"potentialAction":[{"@type":"SearchAction","target":{"@type":"EntryPoint","urlTemplate":"https:\/\/pozitronplus.com\/hr\/?s={search_term_string}"},"query-input":{"@type":"PropertyValueSpecification","valueRequired":true,"valueName":"search_term_string"}}],"inLanguage":"hr"},{"@type":"Organization","@id":"https:\/\/pozitronplus.com\/hr\/#organization","name":"Medi Spa d.o.o.","url":"https:\/\/pozitronplus.com\/hr\/","logo":{"@type":"ImageObject","inLanguage":"hr","@id":"https:\/\/pozitronplus.com\/hr\/#\/schema\/logo\/image\/","url":"https:\/\/pozitronplus.com\/wp-content\/uploads\/2019\/11\/Pozitron-Plus-New-Design.png","contentUrl":"https:\/\/pozitronplus.com\/wp-content\/uploads\/2019\/11\/Pozitron-Plus-New-Design.png","width":399,"height":409,"caption":"Medi Spa d.o.o."},"image":{"@id":"https:\/\/pozitronplus.com\/hr\/#\/schema\/logo\/image\/"},"sameAs":["https:\/\/www.facebook.com\/PozitronPlusProtection","https:\/\/www.youtube.com\/channel\/UCHrklf6QjKGeco-8RVsK6Uw","https:\/\/www.instagram.com\/pozitron_plus\/"]}]}},"_links":{"self":[{"href":"https:\/\/pozitronplus.com\/hr\/wp-json\/wp\/v2\/product\/37285","targetHints":{"allow":["GET"]}}],"collection":[{"href":"https:\/\/pozitronplus.com\/hr\/wp-json\/wp\/v2\/product"}],"about":[{"href":"https:\/\/pozitronplus.com\/hr\/wp-json\/wp\/v2\/types\/product"}],"replies":[{"embeddable":true,"href":"https:\/\/pozitronplus.com\/hr\/wp-json\/wp\/v2\/comments?post=37285"}],"wp:featuredmedia":[{"embeddable":true,"href":"https:\/\/pozitronplus.com\/hr\/wp-json\/wp\/v2\/media\/47853"}],"wp:attachment":[{"href":"https:\/\/pozitronplus.com\/hr\/wp-json\/wp\/v2\/media?parent=37285"}],"wp:term":[{"taxonomy":"product_brand","embeddable":true,"href":"https:\/\/pozitronplus.com\/hr\/wp-json\/wp\/v2\/product_brand?post=37285"},{"taxonomy":"product_cat","embeddable":true,"href":"https:\/\/pozitronplus.com\/hr\/wp-json\/wp\/v2\/product_cat?post=37285"},{"taxonomy":"product_tag","embeddable":true,"href":"https:\/\/pozitronplus.com\/hr\/wp-json\/wp\/v2\/product_tag?post=37285"}],"curies":[{"name":"wp","href":"https:\/\/api.w.org\/{rel}","templated":true}]}}