{"id":37385,"date":"2022-06-02T13:20:35","date_gmt":"2022-06-02T11:20:35","guid":{"rendered":"https:\/\/pozitronplus.com\/?post_type=product&#038;p=37385"},"modified":"2026-03-03T19:38:45","modified_gmt":"2026-03-03T18:38:45","slug":"pozitron-plus-osobni-3m-prethodna-linija-proizvoda","status":"publish","type":"product","link":"https:\/\/pozitronplus.com\/hr\/proizvod\/pozitron-plus-osobni-3m-prethodna-linija-proizvoda\/","title":{"rendered":"Pozitron Plus OSOBNI 3m [PRETHODNA LINIJA PROIZVODA]"},"content":{"rendered":"<p><strong>POZITRON PLUS &#8211; OSOBNI 3m<\/strong> (veli\u010dina <strong>5&#215;5 cm<\/strong>) ima vrlo jak za\u0161titni u\u010dinak od patogenog spektra \u0161tetnih zra\u010denja u vrlo visokom postotku (preko <strong>90%<\/strong>), u radijusu od <strong>3 metra<\/strong>. Slu\u017ei za <strong>OSOBNU ZA\u0160TITU JEDNE OSOBE<\/strong>, zbog \u010dega ima neprocjenjivu prakti\u010dnu vrijednost, jer ga nosite uvijek uz sebe (u d\u017eepu, nov\u010daniku, torbici&#8230;) bez obzira gdje se kretali. Kada do\u0111ete na posao (\u0161kolu, fakultet) radite za ra\u010dunalom, pijete kavu u omiljenom kafi\u0107u&#8230; samo ga stavite ga na stol pored sebe, ili ga dr\u017eite u ruci dok \u010dekate u redu na \u0161alteru banke, \u010dekate pregled lije\u010dnika i sl&#8230;<\/p>\n<p>U isto vrijeme <strong>POZITRON PLUS<\/strong> svojim programiranim frekvencijama koje su kompatibilne sa fiziolo\u0161kim frekvencijama \u010dovjeka, putem vegetativnog \u017eiv\u010danog sustava sna\u017eno podi\u017ee protok energije kroz sve Va\u0161e organe i organske sustave, te Vam tako poma\u017ee da imate vi\u0161e \u017eivotne i radne energije, a samim time i ja\u010di imunitet.<\/p>\n<p><strong>POZITRON PLUS &#8211; OSOBNI 3m<\/strong> vrlo je koristan i kada putujete, jer je lagano prenosiv i uvijek je uz Vas. Kada do\u0111ete u hotel, motel, ku\u0107u za odmor ili sl., izvadite ga iz nov\u010danika, stavite ga pored kreveta i tako ste za\u0161titili novo mjesto spavanja, pa \u0107e Vam i san biti bolji. Kada idete na tr\u010danje, rekreativne \u0161etnje i sl. nosite ga sa sobom u d\u017eepu, dodatno \u0107e Vam poja\u010dati protok energije, te Vam omogu\u0107iti br\u017eu relaksaciju i regeneraciju organizma. Zato je omiljen i kod sporta\u0161a (profesionalnih i rekreativnih).<\/p>\n<p>Idealan je za profesionalne voza\u010de, poslovne ljude koji \u010desto putuju i op\u0107enito za sve ljude koji puno vremena provode u automobilu (autobusu, kamionu, avionu). Poma\u017ee Va\u0161em organizmu da se lak\u0161e brani od <strong>\u0161tetnih zra\u010denja<\/strong> akumulatora, elektronike i be\u017ei\u010dnih signala GPS-a, koji predstavljaju velike kradljivce energije za vrijeme vo\u017enje, a u isto vrijeme podi\u017ee Va\u0161u unutra\u0161nju energiju, omogu\u0107uje bolju koncentraciju i vo\u017enja Vas manje iscrpljuje. Posebice se preporu\u010da vlasnicima elektri\u010dnih automobila i hibrida. Pozitron samo izvadite iz nov\u010danika i za vrijeme vo\u017enje dr\u017eite ga u pretincu pored mjenja\u010da.<\/p>\n<p>Kome se preporu\u010da kori\u0161tenje <a href=\"https:\/\/pozitronplus.com\/product\/pozitron-plus-personal-3m\/\"><strong>POZITRON PLUS &#8211; OSOBNI<\/strong><\/a>?<\/p>\n<p>Preporu\u010da se apsolutno svima da ga uvijek nose uz sebe. Ljudi koji imaju sjede\u0107e radno mjesto nose ga sa sobom na posao, i za vrijeme rada dr\u017ee ga na radnom stolu. \u0160kolska djeca i studenti nose ga u torbi, prilikom u\u010denja vade ga i dr\u017ee na radnom stolu. Voza\u010di automobila stavljaju ga za vrijeme vo\u017enje pored mjenja\u010da. Jako \u0107e dobro do\u0107i svakome. Zdravim ljudima poma\u017ee da dugoro\u010dno zdravi i ostanu. Od velike pomo\u0107i biti \u0107e kroni\u010dnim bolesnicima i starijim osobama, podi\u0107i \u0107e im protok energije, pobolj\u0161ati raspolo\u017eenje, osna\u017eiti imunitet. Djeluje vrlo umiruju\u0107e na \u017eiv\u010dani sustav, tako poma\u017ee umanjiti anksioznost i depresivna raspolo\u017eenja, \u0161to poma\u017ee kod uspostavljanja bolje psiho-fizi\u010dke ravnote\u017ee.<\/p>\n<p>Stigla je i nova <a href=\"https:\/\/en.wikipedia.org\/wiki\/5G\">5G<\/a> be\u017ei\u010dna mre\u017ea, koja se vrlo gusto postavlja u sva naseljena mjesta. To \u0107e dodatno poja\u010dati ukupno elektromagnetsko one\u010di\u0161\u0107enje radne i \u017eivotne okoline, no donosi nam i obilje novih mogu\u0107nosti. Zato je u korak sa razvojem modernih tehnologija prijeko potrebno razvijati i moderne proizvode za za\u0161titu ljudskog organizma, koji poma\u017eu ubla\u017eiti njihove \u0161tetne u\u010dinke.<\/p>\n<p><strong>POZITRON PLUS &#8211; OSOBNI<\/strong> moderan je, visoko-sofisticirani <strong>NANO-TECH PROIZVOD<\/strong>, koji poma\u017ee za\u0161tititi Va\u0161e zdravlje i zdravlje Va\u0161e djece, te Vam pru\u017ea <strong>PUNO VE\u0106U SIGURNOST<\/strong> u okru\u017eenju modernih tehnologija.<\/p>\n","protected":false},"excerpt":{"rendered":"<p><span style=\"color: #800000;\"><strong><span class=\"Y2IQFc\" lang=\"en\">GLAVNA RAZLIKA IZME\u0110U PRETHODNE LINIJE I NOVE LINIJE POZITRON PLUS PROIZVODA JE \u0160TO NOVA LINIJA IMA BOLJU ZA\u0160TITU SAMOG PROIZVODA I PROIZVEDENA JE UZ POMO\u0106 NAPREDNIJE TEHNOLOGIJE KORI\u0160TENE TIJEKOM NANO-TEHNOLO\u0160KE OBRADE PROIZVODA.<\/span><\/strong><\/span><\/p>\n<p><strong>Pozitron Plus &#8211; OSOBNI (radijus za\u0161tite 3 metra)<\/strong><\/p>\n<p>Harmonizira energiju tijela, podi\u017ee protok energije kroz sve organe, poma\u017ee Va\u0161em organizmu da se lak\u0161e \u0161titi od patogenih zra\u010denja tehni\u010dkih ure\u0111aja i be\u017ei\u010dnih tehnologija, te od prirodnih zra\u010denja (u radijusu od 3 metara).<\/p>\n<p>Svojim programiranim spektrom fiziolo\u0161kih frekvencija <strong>SNA\u017dNO PODI\u017dE PROTOK ENERGIJE svih organa i organskih sustava \u010ditavog tijela<\/strong> pozitivnom stimulacijom vegetativnog \u017eiv\u010danog sustava, te djeluje umiruju\u0107e na \u017eiv\u010dani sustav. Razbija energetske blokade u organizmu, harmonizira energiju \u010ditavog tijela koje postaje energetski i imunolo\u0161ki sna\u017enije.<\/p>\n<p>Na taj na\u010din stvara sna\u017ean <strong>PRIRODNI ENERGETSKI \u0160TIT<\/strong> u cijelom tijelu i zna\u010dajno umanjuje <strong>\u0161tetan u\u010dinak<\/strong> <strong>agresivnih frekvencija zra\u010denja<\/strong> iz okoline ( <strong>CERTIFIKAT INSTITUTA BION<\/strong> , <strong>PIP CAMERA TEST \u2013 London<\/strong> , <strong>BIOSTAR TECHNOLOGY test<\/strong> , <strong>ROFES URE\u0110AJ test<\/strong> , <strong>SCIO EDUCTOR test<\/strong> <strong>i QUEST9<\/strong> elektro-fiziolo\u0161ki <strong>Biofeedback ure\u0111aji<\/strong> ).<\/p>\n<p>POZITRON PLUS svojim programiranim frekvencijama u vrlo visokom postotku (preko <strong>90 %<\/strong>&#8211; <strong>CERTIFIKAT EUNES i HUPED<\/strong>) , <strong>poma\u017ee organizmu da se brani od<\/strong> <strong>elektromagnetskih zra\u010denja tehni\u010dkih ure\u0111aja i be\u017ei\u010dnih tehnologija iz prostora u kojem boravimo (<\/strong><strong>mobiteli<\/strong>, <strong>be\u017ei\u010dni telefoni<\/strong>, <strong>strujni krugovi<\/strong>, <strong>repetitori<\/strong>, <strong>tablet<\/strong>, <strong>laptop<\/strong>, <strong>ra\u010dunalo<\/strong>, <strong>skeneri<\/strong>, <strong>printeri<\/strong>, <strong>mikrovalna pe\u010dnica<\/strong>, <strong>klima ure\u0111aji<\/strong>, <strong>WI-FI, 4G<\/strong>, <strong>5G mre\u017ea<\/strong> itd.). <strong>Ujedno poma\u017ee organizmu da se obrani od vrlo \u0161tetnog djelovanja prirodnog zra\u010denja<\/strong> (<strong>podzemni tokovi<\/strong>, <strong>Hartmanovo<\/strong> i <strong>Curryjevo zra\u010denje<\/strong>) na mjesta na kojima spavate ili mjesta na kojima provodite vi\u0161e sati sjede\u0107i. Tako iznad prosje\u010dno <strong>poma\u017ee u obrani organizma od \u0161tetnih utjecaja<\/strong> \u0160titi vas od velikih kradljivaca ljudske energije iz na\u0161eg \u017eivotnog i radnog okru\u017eenja. Na taj na\u010din se ne gubi unutarnja energija obrambenih mo\u0107i organizma, a imunolo\u0161ki sustav prirodno postaje ja\u010di.<\/p>\n<p id=\"tw-target-text\" class=\"tw-data-text tw-text-large tw-ta\" dir=\"ltr\" data-placeholder=\"Prijevod\"><span class=\"Y2IQFc\" lang=\"en\">\u2014\u2014\u2014\u2014\u2014\u2014\u2014\u2014\u2014\u2014\u2014\u2014\u2014\u2014\u2014\u2014\u2014\u2014\u2014\u2014\u2014- <\/span><\/p>\n<p class=\"tw-data-text tw-text-large tw-ta\" dir=\"ltr\" data-placeholder=\"Prijevod\"><span class=\"Y2IQFc\" lang=\"en\"><span style=\"color: #ff0000;\"><strong>Najni\u017ea cijena proizvoda u razdoblju od 30 dana.<\/strong><\/span> \u2013 Prethodne cijene i popusti su isti.<\/span><\/p>\n","protected":false},"featured_media":47862,"comment_status":"open","ping_status":"closed","template":"","meta":{"_exactmetrics_skip_tracking":false,"_exactmetrics_sitenote_active":false,"_exactmetrics_sitenote_note":"","_exactmetrics_sitenote_category":0,"site-sidebar-layout":"no-sidebar","site-content-layout":"plain-container","ast-site-content-layout":"normal-width-container","site-content-style":"unboxed","site-sidebar-style":"unboxed","ast-global-header-display":"","ast-banner-title-visibility":"","ast-main-header-display":"","ast-hfb-above-header-display":"","ast-hfb-below-header-display":"","ast-hfb-mobile-header-display":"","site-post-title":"","ast-breadcrumbs-content":"","ast-featured-img":"","footer-sml-layout":"","ast-disable-related-posts":"","theme-transparent-header-meta":"disabled","adv-header-id-meta":"","stick-header-meta":"","header-above-stick-meta":"","header-main-stick-meta":"","header-below-stick-meta":"","astra-migrate-meta-layouts":"set","ast-page-background-enabled":"default","ast-page-background-meta":{"desktop":{"background-color":"","background-image":"","background-repeat":"repeat","background-position":"center center","background-size":"auto","background-attachment":"scroll","background-type":"","background-media":"","overlay-type":"","overlay-color":"","overlay-opacity":"","overlay-gradient":""},"tablet":{"background-color":"","background-image":"","background-repeat":"repeat","background-position":"center center","background-size":"auto","background-attachment":"scroll","background-type":"","background-media":"","overlay-type":"","overlay-color":"","overlay-opacity":"","overlay-gradient":""},"mobile":{"background-color":"","background-image":"","background-repeat":"repeat","background-position":"center center","background-size":"auto","background-attachment":"scroll","background-type":"","background-media":"","overlay-type":"","overlay-color":"","overlay-opacity":"","overlay-gradient":""}},"ast-content-background-meta":{"desktop":{"background-color":"var(--ast-global-color-5)","background-image":"","background-repeat":"repeat","background-position":"center center","background-size":"auto","background-attachment":"scroll","background-type":"","background-media":"","overlay-type":"","overlay-color":"","overlay-opacity":"","overlay-gradient":""},"tablet":{"background-color":"var(--ast-global-color-5)","background-image":"","background-repeat":"repeat","background-position":"center center","background-size":"auto","background-attachment":"scroll","background-type":"","background-media":"","overlay-type":"","overlay-color":"","overlay-opacity":"","overlay-gradient":""},"mobile":{"background-color":"var(--ast-global-color-5)","background-image":"","background-repeat":"repeat","background-position":"center center","background-size":"auto","background-attachment":"scroll","background-type":"","background-media":"","overlay-type":"","overlay-color":"","overlay-opacity":"","overlay-gradient":""}}},"product_brand":[],"product_cat":[297],"product_tag":[],"class_list":{"0":"post-37385","1":"product","2":"type-product","3":"status-publish","4":"has-post-thumbnail","6":"product_cat-pozitron-plus-prethodna-linija-proizvoda","7":"product_shipping_class-besplatna-dostava","8":"desktop-align-left","9":"tablet-align-left","10":"mobile-align-left","12":"first","13":"instock","14":"sale","15":"taxable","16":"shipping-taxable","17":"purchasable","18":"product-type-simple"},"yoast_head":"<title>Pozitron Plus OSOBNI 3m | PRETHODNA LINIJA PROIZVODA<\/title>\n<meta name=\"description\" content=\"Pozitron Plus OSOBNI 3m slu\u017ei za OSOBNU ZA\u0160TITU JEDNE OSOBE \u0161to ga \u010dini prakti\u010dnim jer ga mo\u017eete stalno nositi sa sobom.\" \/>\n<meta name=\"robots\" content=\"index, follow, max-snippet:-1, max-image-preview:large, max-video-preview:-1\" \/>\n<link rel=\"canonical\" href=\"https:\/\/pozitronplus.com\/hr\/proizvod\/pozitron-plus-osobni-3m-prethodna-linija-proizvoda\/\" \/>\n<meta property=\"og:locale\" content=\"hr_HR\" \/>\n<meta property=\"og:type\" content=\"article\" \/>\n<meta property=\"og:title\" content=\"Pozitron Plus OSOBNI 3m | PRETHODNA LINIJA PROIZVODA\" \/>\n<meta property=\"og:description\" content=\"Pozitron Plus OSOBNI 3m slu\u017ei za OSOBNU ZA\u0160TITU JEDNE OSOBE \u0161to ga \u010dini prakti\u010dnim jer ga mo\u017eete stalno nositi sa sobom.\" \/>\n<meta property=\"og:url\" content=\"https:\/\/pozitronplus.com\/hr\/proizvod\/pozitron-plus-osobni-3m-prethodna-linija-proizvoda\/\" \/>\n<meta property=\"og:site_name\" content=\"Pozitron Plus\" \/>\n<meta property=\"article:publisher\" content=\"https:\/\/www.facebook.com\/PozitronPlusProtection\" \/>\n<meta property=\"article:modified_time\" content=\"2026-03-03T18:38:45+00:00\" \/>\n<meta property=\"og:image\" content=\"https:\/\/pozitronplus.com\/wp-content\/uploads\/2019\/06\/Pozitron-Plus-3m-OSOBNI-PRETHODNA-LINIJA-PROIZVODA-15.jpg\" \/>\n\t<meta property=\"og:image:width\" content=\"1000\" \/>\n\t<meta property=\"og:image:height\" content=\"1000\" \/>\n\t<meta property=\"og:image:type\" content=\"image\/jpeg\" \/>\n<meta name=\"twitter:card\" content=\"summary_large_image\" \/>\n<meta name=\"twitter:label1\" content=\"Procijenjeno vrijeme \u010ditanja\" \/>\n\t<meta name=\"twitter:data1\" content=\"3 minute\" \/>\n<script type=\"application\/ld+json\" class=\"yoast-schema-graph\">{\"@context\":\"https:\\\/\\\/schema.org\",\"@graph\":[{\"@type\":\"WebPage\",\"@id\":\"https:\\\/\\\/pozitronplus.com\\\/hr\\\/proizvod\\\/pozitron-plus-osobni-3m-prethodna-linija-proizvoda\\\/\",\"url\":\"https:\\\/\\\/pozitronplus.com\\\/hr\\\/proizvod\\\/pozitron-plus-osobni-3m-prethodna-linija-proizvoda\\\/\",\"name\":\"Pozitron Plus OSOBNI 3m | PRETHODNA LINIJA PROIZVODA\",\"isPartOf\":{\"@id\":\"https:\\\/\\\/pozitronplus.com\\\/hr\\\/#website\"},\"primaryImageOfPage\":{\"@id\":\"https:\\\/\\\/pozitronplus.com\\\/hr\\\/proizvod\\\/pozitron-plus-osobni-3m-prethodna-linija-proizvoda\\\/#primaryimage\"},\"image\":{\"@id\":\"https:\\\/\\\/pozitronplus.com\\\/hr\\\/proizvod\\\/pozitron-plus-osobni-3m-prethodna-linija-proizvoda\\\/#primaryimage\"},\"thumbnailUrl\":\"https:\\\/\\\/pozitronplus.com\\\/wp-content\\\/uploads\\\/2019\\\/06\\\/Pozitron-Plus-3m-OSOBNI-PRETHODNA-LINIJA-PROIZVODA-15.jpg\",\"datePublished\":\"2022-06-02T11:20:35+00:00\",\"dateModified\":\"2026-03-03T18:38:45+00:00\",\"description\":\"Pozitron Plus OSOBNI 3m slu\u017ei za OSOBNU ZA\u0160TITU JEDNE OSOBE \u0161to ga \u010dini prakti\u010dnim jer ga mo\u017eete stalno nositi sa sobom.\",\"breadcrumb\":{\"@id\":\"https:\\\/\\\/pozitronplus.com\\\/hr\\\/proizvod\\\/pozitron-plus-osobni-3m-prethodna-linija-proizvoda\\\/#breadcrumb\"},\"inLanguage\":\"hr\",\"potentialAction\":[{\"@type\":\"ReadAction\",\"target\":[\"https:\\\/\\\/pozitronplus.com\\\/hr\\\/proizvod\\\/pozitron-plus-osobni-3m-prethodna-linija-proizvoda\\\/\"]}]},{\"@type\":\"ImageObject\",\"inLanguage\":\"hr\",\"@id\":\"https:\\\/\\\/pozitronplus.com\\\/hr\\\/proizvod\\\/pozitron-plus-osobni-3m-prethodna-linija-proizvoda\\\/#primaryimage\",\"url\":\"https:\\\/\\\/pozitronplus.com\\\/wp-content\\\/uploads\\\/2019\\\/06\\\/Pozitron-Plus-3m-OSOBNI-PRETHODNA-LINIJA-PROIZVODA-15.jpg\",\"contentUrl\":\"https:\\\/\\\/pozitronplus.com\\\/wp-content\\\/uploads\\\/2019\\\/06\\\/Pozitron-Plus-3m-OSOBNI-PRETHODNA-LINIJA-PROIZVODA-15.jpg\",\"width\":1000,\"height\":1000},{\"@type\":\"BreadcrumbList\",\"@id\":\"https:\\\/\\\/pozitronplus.com\\\/hr\\\/proizvod\\\/pozitron-plus-osobni-3m-prethodna-linija-proizvoda\\\/#breadcrumb\",\"itemListElement\":[{\"@type\":\"ListItem\",\"position\":1,\"name\":\"Home\",\"item\":\"https:\\\/\\\/pozitronplus.com\\\/hr\\\/\"},{\"@type\":\"ListItem\",\"position\":2,\"name\":\"Online Trgovina\",\"item\":\"https:\\\/\\\/pozitronplus.com\\\/hr\\\/online-trgovina\\\/\"},{\"@type\":\"ListItem\",\"position\":3,\"name\":\"Pozitron Plus OSOBNI 3m [PRETHODNA LINIJA PROIZVODA]\"}]},{\"@type\":\"WebSite\",\"@id\":\"https:\\\/\\\/pozitronplus.com\\\/hr\\\/#website\",\"url\":\"https:\\\/\\\/pozitronplus.com\\\/hr\\\/\",\"name\":\"Pozitron Plus\",\"description\":\"Pozitron Plus\",\"publisher\":{\"@id\":\"https:\\\/\\\/pozitronplus.com\\\/hr\\\/#organization\"},\"potentialAction\":[{\"@type\":\"SearchAction\",\"target\":{\"@type\":\"EntryPoint\",\"urlTemplate\":\"https:\\\/\\\/pozitronplus.com\\\/hr\\\/?s={search_term_string}\"},\"query-input\":{\"@type\":\"PropertyValueSpecification\",\"valueRequired\":true,\"valueName\":\"search_term_string\"}}],\"inLanguage\":\"hr\"},{\"@type\":\"Organization\",\"@id\":\"https:\\\/\\\/pozitronplus.com\\\/hr\\\/#organization\",\"name\":\"Medi Spa d.o.o.\",\"url\":\"https:\\\/\\\/pozitronplus.com\\\/hr\\\/\",\"logo\":{\"@type\":\"ImageObject\",\"inLanguage\":\"hr\",\"@id\":\"https:\\\/\\\/pozitronplus.com\\\/hr\\\/#\\\/schema\\\/logo\\\/image\\\/\",\"url\":\"https:\\\/\\\/pozitronplus.com\\\/wp-content\\\/uploads\\\/2019\\\/11\\\/Pozitron-Plus-New-Design.png\",\"contentUrl\":\"https:\\\/\\\/pozitronplus.com\\\/wp-content\\\/uploads\\\/2019\\\/11\\\/Pozitron-Plus-New-Design.png\",\"width\":399,\"height\":409,\"caption\":\"Medi Spa d.o.o.\"},\"image\":{\"@id\":\"https:\\\/\\\/pozitronplus.com\\\/hr\\\/#\\\/schema\\\/logo\\\/image\\\/\"},\"sameAs\":[\"https:\\\/\\\/www.facebook.com\\\/PozitronPlusProtection\",\"https:\\\/\\\/www.youtube.com\\\/channel\\\/UCHrklf6QjKGeco-8RVsK6Uw\",\"https:\\\/\\\/www.instagram.com\\\/pozitron_plus\\\/\"]}]}<\/script>","yoast_head_json":{"title":"Pozitron Plus OSOBNI 3m | PRETHODNA LINIJA PROIZVODA","description":"Pozitron Plus OSOBNI 3m slu\u017ei za OSOBNU ZA\u0160TITU JEDNE OSOBE \u0161to ga \u010dini prakti\u010dnim jer ga mo\u017eete stalno nositi sa sobom.","robots":{"index":"index","follow":"follow","max-snippet":"max-snippet:-1","max-image-preview":"max-image-preview:large","max-video-preview":"max-video-preview:-1"},"canonical":"https:\/\/pozitronplus.com\/hr\/proizvod\/pozitron-plus-osobni-3m-prethodna-linija-proizvoda\/","og_locale":"hr_HR","og_type":"article","og_title":"Pozitron Plus OSOBNI 3m | PRETHODNA LINIJA PROIZVODA","og_description":"Pozitron Plus OSOBNI 3m slu\u017ei za OSOBNU ZA\u0160TITU JEDNE OSOBE \u0161to ga \u010dini prakti\u010dnim jer ga mo\u017eete stalno nositi sa sobom.","og_url":"https:\/\/pozitronplus.com\/hr\/proizvod\/pozitron-plus-osobni-3m-prethodna-linija-proizvoda\/","og_site_name":"Pozitron Plus","article_publisher":"https:\/\/www.facebook.com\/PozitronPlusProtection","article_modified_time":"2026-03-03T18:38:45+00:00","og_image":[{"width":1000,"height":1000,"url":"https:\/\/pozitronplus.com\/wp-content\/uploads\/2019\/06\/Pozitron-Plus-3m-OSOBNI-PRETHODNA-LINIJA-PROIZVODA-15.jpg","type":"image\/jpeg"}],"twitter_card":"summary_large_image","twitter_misc":{"Procijenjeno vrijeme \u010ditanja":"3 minute"},"schema":{"@context":"https:\/\/schema.org","@graph":[{"@type":"WebPage","@id":"https:\/\/pozitronplus.com\/hr\/proizvod\/pozitron-plus-osobni-3m-prethodna-linija-proizvoda\/","url":"https:\/\/pozitronplus.com\/hr\/proizvod\/pozitron-plus-osobni-3m-prethodna-linija-proizvoda\/","name":"Pozitron Plus OSOBNI 3m | PRETHODNA LINIJA PROIZVODA","isPartOf":{"@id":"https:\/\/pozitronplus.com\/hr\/#website"},"primaryImageOfPage":{"@id":"https:\/\/pozitronplus.com\/hr\/proizvod\/pozitron-plus-osobni-3m-prethodna-linija-proizvoda\/#primaryimage"},"image":{"@id":"https:\/\/pozitronplus.com\/hr\/proizvod\/pozitron-plus-osobni-3m-prethodna-linija-proizvoda\/#primaryimage"},"thumbnailUrl":"https:\/\/pozitronplus.com\/wp-content\/uploads\/2019\/06\/Pozitron-Plus-3m-OSOBNI-PRETHODNA-LINIJA-PROIZVODA-15.jpg","datePublished":"2022-06-02T11:20:35+00:00","dateModified":"2026-03-03T18:38:45+00:00","description":"Pozitron Plus OSOBNI 3m slu\u017ei za OSOBNU ZA\u0160TITU JEDNE OSOBE \u0161to ga \u010dini prakti\u010dnim jer ga mo\u017eete stalno nositi sa sobom.","breadcrumb":{"@id":"https:\/\/pozitronplus.com\/hr\/proizvod\/pozitron-plus-osobni-3m-prethodna-linija-proizvoda\/#breadcrumb"},"inLanguage":"hr","potentialAction":[{"@type":"ReadAction","target":["https:\/\/pozitronplus.com\/hr\/proizvod\/pozitron-plus-osobni-3m-prethodna-linija-proizvoda\/"]}]},{"@type":"ImageObject","inLanguage":"hr","@id":"https:\/\/pozitronplus.com\/hr\/proizvod\/pozitron-plus-osobni-3m-prethodna-linija-proizvoda\/#primaryimage","url":"https:\/\/pozitronplus.com\/wp-content\/uploads\/2019\/06\/Pozitron-Plus-3m-OSOBNI-PRETHODNA-LINIJA-PROIZVODA-15.jpg","contentUrl":"https:\/\/pozitronplus.com\/wp-content\/uploads\/2019\/06\/Pozitron-Plus-3m-OSOBNI-PRETHODNA-LINIJA-PROIZVODA-15.jpg","width":1000,"height":1000},{"@type":"BreadcrumbList","@id":"https:\/\/pozitronplus.com\/hr\/proizvod\/pozitron-plus-osobni-3m-prethodna-linija-proizvoda\/#breadcrumb","itemListElement":[{"@type":"ListItem","position":1,"name":"Home","item":"https:\/\/pozitronplus.com\/hr\/"},{"@type":"ListItem","position":2,"name":"Online Trgovina","item":"https:\/\/pozitronplus.com\/hr\/online-trgovina\/"},{"@type":"ListItem","position":3,"name":"Pozitron Plus OSOBNI 3m [PRETHODNA LINIJA PROIZVODA]"}]},{"@type":"WebSite","@id":"https:\/\/pozitronplus.com\/hr\/#website","url":"https:\/\/pozitronplus.com\/hr\/","name":"Pozitron Plus","description":"Pozitron Plus","publisher":{"@id":"https:\/\/pozitronplus.com\/hr\/#organization"},"potentialAction":[{"@type":"SearchAction","target":{"@type":"EntryPoint","urlTemplate":"https:\/\/pozitronplus.com\/hr\/?s={search_term_string}"},"query-input":{"@type":"PropertyValueSpecification","valueRequired":true,"valueName":"search_term_string"}}],"inLanguage":"hr"},{"@type":"Organization","@id":"https:\/\/pozitronplus.com\/hr\/#organization","name":"Medi Spa d.o.o.","url":"https:\/\/pozitronplus.com\/hr\/","logo":{"@type":"ImageObject","inLanguage":"hr","@id":"https:\/\/pozitronplus.com\/hr\/#\/schema\/logo\/image\/","url":"https:\/\/pozitronplus.com\/wp-content\/uploads\/2019\/11\/Pozitron-Plus-New-Design.png","contentUrl":"https:\/\/pozitronplus.com\/wp-content\/uploads\/2019\/11\/Pozitron-Plus-New-Design.png","width":399,"height":409,"caption":"Medi Spa d.o.o."},"image":{"@id":"https:\/\/pozitronplus.com\/hr\/#\/schema\/logo\/image\/"},"sameAs":["https:\/\/www.facebook.com\/PozitronPlusProtection","https:\/\/www.youtube.com\/channel\/UCHrklf6QjKGeco-8RVsK6Uw","https:\/\/www.instagram.com\/pozitron_plus\/"]}]}},"_links":{"self":[{"href":"https:\/\/pozitronplus.com\/hr\/wp-json\/wp\/v2\/product\/37385","targetHints":{"allow":["GET"]}}],"collection":[{"href":"https:\/\/pozitronplus.com\/hr\/wp-json\/wp\/v2\/product"}],"about":[{"href":"https:\/\/pozitronplus.com\/hr\/wp-json\/wp\/v2\/types\/product"}],"replies":[{"embeddable":true,"href":"https:\/\/pozitronplus.com\/hr\/wp-json\/wp\/v2\/comments?post=37385"}],"wp:featuredmedia":[{"embeddable":true,"href":"https:\/\/pozitronplus.com\/hr\/wp-json\/wp\/v2\/media\/47862"}],"wp:attachment":[{"href":"https:\/\/pozitronplus.com\/hr\/wp-json\/wp\/v2\/media?parent=37385"}],"wp:term":[{"taxonomy":"product_brand","embeddable":true,"href":"https:\/\/pozitronplus.com\/hr\/wp-json\/wp\/v2\/product_brand?post=37385"},{"taxonomy":"product_cat","embeddable":true,"href":"https:\/\/pozitronplus.com\/hr\/wp-json\/wp\/v2\/product_cat?post=37385"},{"taxonomy":"product_tag","embeddable":true,"href":"https:\/\/pozitronplus.com\/hr\/wp-json\/wp\/v2\/product_tag?post=37385"}],"curies":[{"name":"wp","href":"https:\/\/api.w.org\/{rel}","templated":true}]}}