{"id":37403,"date":"2022-06-02T13:54:05","date_gmt":"2022-06-02T11:54:05","guid":{"rendered":"https:\/\/pozitronplus.com\/?post_type=product&#038;p=37403"},"modified":"2026-03-03T19:36:21","modified_gmt":"2026-03-03T18:36:21","slug":"pozitron-plus-ured-5m-prethodna-linija-proizvoda","status":"publish","type":"product","link":"https:\/\/pozitronplus.com\/hr\/proizvod\/pozitron-plus-ured-5m-prethodna-linija-proizvoda\/","title":{"rendered":"Pozitron Plus URED 5m [PRETHODNA LINIJA PROIZVODA]"},"content":{"rendered":"<p><strong>POZITRON PLUS \u2013 URED<\/strong> <strong>5m<\/strong> (veli\u010dina <strong>7&#215;7 cm<\/strong>) ima <strong>radijus za\u0161titnog djelovanja 5 metara u svim smjerovima<\/strong>. Pri\u010dvrstite ga na originalnu kutiju i postavite ga u sredinu uredskog prostora na radni stol, ormar, ili pod. Tako ste za\u0161titili cijelu uredsku prostoriju (spava\u0107u sobu, sobu za dnevni boravak, dje\u010dju sobu i sl.)<\/p>\n<p>Osim \u0161to poma\u017ee organizmu u obrani od <strong><a href=\"https:\/\/www.uwhealth.org\/health\/topic\/special\/radiation-exposure-risks-and-health-effects\/abl0600.html\">\u0161tetnih zra\u010denja<\/a><\/strong> ve\u0107ine tehni\u010dkih ure\u0111aja i be\u017ei\u010dnih tehnologija unutar \u017eivotnog ili radnog prostora, poma\u017ee u obrani \u010dak i od \u0161tetnih utjecaja <strong>KOJI DOLAZE IZ VANA<\/strong> \u2013 zra\u010denja repetitora, satelita, satelitskih i radarskih antena, dalekovoda, trafostanica i jake uli\u010dne rasvjete.<\/p>\n<p>Ukoliko je Va\u0161 <strong>RADNI STOLAC ILI VA\u0160E RADNO MJESTO<\/strong> postavljeno na &#8220;<strong>LO\u0160EM MJESTU<\/strong>&#8221; poma\u017ee organizmu u obrani protiv <strong>ZRA\u010cENJA PODZEMNIH VODA<\/strong> i ostalih prirodnih zra\u010denja. Zidovi mu ne smetaju, jedino vodite ra\u010duna da je pravilno postavljen na svoju kutiju <strong>ZVIJEZDA PREMA SJEVERU<\/strong>, i da je od najbli\u017eeg predmeta ili zida udaljen najmanje 30 cm!<\/p>\n<p>Osim \u0161to neutralizira \u0161tetna zra\u010denja, dr\u017eite li <strong>POZITRON \u2013 OFFICE<\/strong> u ruci vrlo blizu tijela, njegov spektar fiziolo\u0161kih frekvencija pozitivno stimulira va\u0161 autonomni \u017eiv\u010dani sustav, djeluje umiruju\u0107e na va\u0161 \u017eiv\u010dani sustav te <strong>SNA\u017dNO PODI\u017dE PROTOK UNUTARNJE ENERGIJE KROZ SVI VA\u0160I ORGANI I ORGANSKI SUSTAVI<\/strong> (dokazano testovima uz pomo\u0107 elektroakupunkture, testirano suvremenim softverskim sustavima za frekvencijsku medicinu i dokazano radom iza znanstvenog Certifikata <strong>BION INSTITUTA<\/strong> &#8211; Instituta za bioelektromagnetiku i novu biologiju \u2013 Ljubljana).<\/p>\n<p>Na takav na\u010din vrlo brzo poma\u017ee Va\u0161em tijelu podi\u0107i protok energije, \u0161to Vas ujedno \u010dini prirodno otpornijima na \u0161tetna zra\u010denja, kao i na mnoge bolesti i bolesna stanja, obzirom da poti\u010de prirodno ja\u010danje Va\u0161eg imunolo\u0161kog sustava.<\/p>\n<p><strong><a href=\"https:\/\/pozitronplus.com\/about-pozitron-plus\/\">POZITRON PLUS<\/a><\/strong> postavljen u <strong>UREDSKI PROSTOR<\/strong> poma\u017ee kod stvaranja puno boljih me\u0111uljudskih odnosa, poma\u017ee da bude manje sva\u0111a, manje napetosti, bolja koncentracija. Osje\u0107at \u0107ete se bolje, zadovoljnije i smirenije, va\u0161 \u0107e stav biti pozitivniji kada je u pitanju \u017eivot i rad, a optimizam i kreativna energija \u0107e rasti \u0161to zna\u010di da \u0107e va\u0161a u\u010dinkovitost i rezultati biti bolji.<\/p>\n<p>Kada je <strong>POZITRON PLUS<\/strong> postavljen u <strong>OBITELJSKI PROSTOR<\/strong> (spava\u0107a soba, dje\u010dja soba, dnevna soba) mo\u017eete primijetiti bolje odnose sa partnerom i djecom, ve\u0107u smirenost i zadovoljstvo svih uku\u0107ana, bolje spavate i bolje se odmorite, imate vi\u0161e energije, bolju otpornost prema bolestima i ja\u010di imunitet, puno rje\u0111e sva\u0111e, djeca bolje u\u010de, smirenija su, imaju bolju koncentraciju, posti\u017eu bolje rezultate u \u0161koli, ku\u0107ni ljubimci su osjetno mirniji i zadovoljniji, biljke bolje uspijevaju&#8230;<\/p>\n<p><strong>POZITRON PLUS \u2013 URED<\/strong> <strong>5m<\/strong> idealan je za za\u0161titu manjeg stana, uredske sobe, spava\u0107e sobe, dje\u010dje sobe, dnevnog boravka, sobe u studentskom domu, hotelske sobe, vikendice, lije\u010dni\u010dke ordinacije, stomatolo\u0161ke ordinacije, psihijatrijske ordinacije, veterinarske ordinacije, pacijenata soba, frizerski salon, kozmeti\u010dki salon, salon za fizikalnu terapiju i rehabilitaciju, wellness centar, salon za masa\u017eu i opu\u0161tanje, butik, manje trgovine i dr. te predstavlja najbolju mogu\u0107u za\u0161titu \u010dovjeka za radnim stolom (na radnom mjestu ili kod ku\u0107e &#8211; tamo gdje provodite du\u017ee vrijeme za ra\u010dunalom, okru\u017eeni be\u017ei\u010dnim tehnologijama i tehni\u010dkim ure\u0111ajima).<\/p>\n<p>Stigla je i nova <strong>5G<\/strong> be\u017ei\u010dna mre\u017ea, koja se vrlo gusto postavlja u sva naseljena mjesta. To \u0107e dodatno poja\u010dati ukupno elektromagnetsko one\u010di\u0161\u0107enje radne i \u017eivotne okoline, no donosi nam i obilje novih mogu\u0107nosti. Zato je u korak sa razvojem modernih tehnologija prijeko potrebno razvijati i moderne proizvode za za\u0161titu ljudskog organizma, koji poma\u017eu ubla\u017eiti njihove \u0161tetne u\u010dinke.<\/p>\n<p><strong>POZITRON PLUS<\/strong> \u2013 OFFICE je moderan, visoko sofisticiran <strong>NANO-TECH PROIZVOD<\/strong> koji poma\u017ee u za\u0161titi Va\u0161eg zdravlja i zdravlja Va\u0161e djece. te Vam pru\u017ea <strong>PUNO VE\u0106U SIGURNOST<\/strong> u okru\u017eenju modernih tehnologija.<\/p>\n","protected":false},"excerpt":{"rendered":"<p><span style=\"color: #800000;\"><strong><span class=\"Y2IQFc\" lang=\"en\">GLAVNA RAZLIKA IZME\u0110U PRETHODNE LINIJE I NOVE LINIJE POZITRON PLUS PROIZVODA JE \u0160TO NOVA LINIJA IMA BOLJU ZA\u0160TITU SAMOG PROIZVODA I PROIZVEDENA JE UZ POMO\u0106 NAPREDNIJE TEHNOLOGIJE KORI\u0160TENE TIJEKOM NANO-TEHNOLO\u0160KE OBRADE PROIZVODA.<\/span><\/strong><\/span><\/p>\n<p><strong>Pozitron Plus &#8211; URED<\/strong> (<strong>radijus za\u0161tite 5 metara<\/strong>)<\/p>\n<p>Harmonizira energiju tijela, podi\u017ee protok energije kroz sve organe, poma\u017ee Va\u0161em organizmu da se lak\u0161e \u0161titi od patogenih zra\u010denja tehni\u010dkih ure\u0111aja i be\u017ei\u010dnih tehnologija, te od prirodnih zra\u010denja (u radijusu od 5 metara).<\/p>\n<p>Svojim programiranim spektrom fiziolo\u0161kih frekvencija <strong>SNA\u017dNO PODI\u017dE PROTOK ENERGIJE svih organa i organskih sustava \u010ditavog tijela<\/strong> pozitivnom stimulacijom vegetativnog \u017eiv\u010danog sustava, te djeluje umiruju\u0107e na \u017eiv\u010dani sustav. Razbija energetske blokade u organizmu, harmonizira energiju \u010ditavog tijela koje postaje energetski i imunolo\u0161ki sna\u017enije.<\/p>\n<p>Na taj na\u010din stvara sna\u017ean <strong>PRIRODNI ENERGETSKI \u0160TIT<\/strong> u cijelom tijelu i umanjuje \u0161tetan u\u010dinak agresivnih frekvencija zra\u010denja iz okoline ( <strong>CERTIFIKAT INSTITUTA BION<\/strong> , <strong>PIP CAMERA TEST \u2013 London<\/strong> , <strong>BIOSTAR TECHNOLOGY test<\/strong> , <strong>ROFES DEVICE test<\/strong> , <strong>SCIO EDUCTOR test<\/strong> <strong>i QUEST9<\/strong> elektrofiziolo\u0161ki <strong>biofeedback ure\u0111aji<\/strong> ).<\/p>\n<p>POZITRON PLUS svojim programiranim frekvencijama u vrlo visokom postotku (preko <strong>90 %<\/strong>&#8211; <strong>CERTIFIKAT EUNES i HUPED<\/strong>) , <strong>poma\u017ee organizmu da se brani od elektromagnetskih zra\u010denja tehni\u010dkih ure\u0111aja i be\u017ei\u010dnih tehnologija<\/strong> iz prostora u kojem boravimo<strong>mobiteli<\/strong>, <strong>be\u017ei\u010dni telefoni<\/strong>, <strong>strujni krugovi<\/strong>, <strong>repetitori<\/strong>, <strong>tablet<\/strong>, <strong>laptop<\/strong>, <strong>ra\u010dunalo<\/strong>, <strong>skeneri<\/strong>, <strong>printeri<\/strong>, <strong>mikrovalna pe\u010dnica<\/strong>, <strong>klima ure\u0111aji<\/strong>, <strong>WI-FI, 4G<\/strong>, <strong>5G mre\u017ea<\/strong> itd.). Ujedno <strong>poma\u017ee organizmu u obrani od vrlo \u0161tetnog djelovanja prirodnog zra\u010denja<\/strong> (<strong>podzemni tokovi<\/strong>, <strong>Hartmanovo<\/strong> i <strong>Curryevo zra\u010denje<\/strong>). Ujedno poma\u017ee organizmu u obrani od vrlo \u0161tetnog u\u010dinaka prirodnih zra\u010denja (<strong>podzemni vodeni tok<\/strong> , <strong>Hartmanovo<\/strong>i <strong>Curryjevo zra\u010denje<\/strong>) na mjestima spavanja ili na mjestima vi\u0161esatnog sjedenja. Tako iznad prosje\u010dno poma\u017ee u obrani organizma od \u0161tetnih utjecaja \u0160titi vas od velikih kradljivaca ljudske energije iz na\u0161eg \u017eivotnog i radnog okru\u017eenja. Na taj na\u010din se ne gubi unutarnja energija obrambenih mo\u0107i organizma, a imunolo\u0161ki sustav prirodno postaje ja\u010di.<\/p>\n<p id=\"tw-target-text\" class=\"tw-data-text tw-text-large tw-ta\" dir=\"ltr\" data-placeholder=\"Prijevod\"><span class=\"Y2IQFc\" lang=\"en\">\u2014\u2014\u2014\u2014\u2014\u2014\u2014\u2014\u2014\u2014\u2014\u2014\u2014\u2014\u2014\u2014\u2014\u2014\u2014\u2014\u2014- <\/span><\/p>\n<p class=\"tw-data-text tw-text-large tw-ta\" dir=\"ltr\" data-placeholder=\"Prijevod\"><span class=\"Y2IQFc\" lang=\"en\"><span style=\"color: #ff0000;\"><strong>Najni\u017ea cijena proizvoda u razdoblju od 30 dana.<\/strong><\/span> \u2013 Prethodne cijene i popusti su isti.<\/span><\/p>\n","protected":false},"featured_media":47868,"comment_status":"open","ping_status":"closed","template":"","meta":{"_exactmetrics_skip_tracking":false,"_exactmetrics_sitenote_active":false,"_exactmetrics_sitenote_note":"","_exactmetrics_sitenote_category":0,"site-sidebar-layout":"no-sidebar","site-content-layout":"plain-container","ast-site-content-layout":"normal-width-container","site-content-style":"unboxed","site-sidebar-style":"unboxed","ast-global-header-display":"","ast-banner-title-visibility":"","ast-main-header-display":"","ast-hfb-above-header-display":"","ast-hfb-below-header-display":"","ast-hfb-mobile-header-display":"","site-post-title":"","ast-breadcrumbs-content":"","ast-featured-img":"","footer-sml-layout":"","ast-disable-related-posts":"","theme-transparent-header-meta":"disabled","adv-header-id-meta":"","stick-header-meta":"","header-above-stick-meta":"","header-main-stick-meta":"","header-below-stick-meta":"","astra-migrate-meta-layouts":"set","ast-page-background-enabled":"default","ast-page-background-meta":{"desktop":{"background-color":"","background-image":"","background-repeat":"repeat","background-position":"center center","background-size":"auto","background-attachment":"scroll","background-type":"","background-media":"","overlay-type":"","overlay-color":"","overlay-opacity":"","overlay-gradient":""},"tablet":{"background-color":"","background-image":"","background-repeat":"repeat","background-position":"center center","background-size":"auto","background-attachment":"scroll","background-type":"","background-media":"","overlay-type":"","overlay-color":"","overlay-opacity":"","overlay-gradient":""},"mobile":{"background-color":"","background-image":"","background-repeat":"repeat","background-position":"center center","background-size":"auto","background-attachment":"scroll","background-type":"","background-media":"","overlay-type":"","overlay-color":"","overlay-opacity":"","overlay-gradient":""}},"ast-content-background-meta":{"desktop":{"background-color":"var(--ast-global-color-5)","background-image":"","background-repeat":"repeat","background-position":"center center","background-size":"auto","background-attachment":"scroll","background-type":"","background-media":"","overlay-type":"","overlay-color":"","overlay-opacity":"","overlay-gradient":""},"tablet":{"background-color":"var(--ast-global-color-5)","background-image":"","background-repeat":"repeat","background-position":"center center","background-size":"auto","background-attachment":"scroll","background-type":"","background-media":"","overlay-type":"","overlay-color":"","overlay-opacity":"","overlay-gradient":""},"mobile":{"background-color":"var(--ast-global-color-5)","background-image":"","background-repeat":"repeat","background-position":"center center","background-size":"auto","background-attachment":"scroll","background-type":"","background-media":"","overlay-type":"","overlay-color":"","overlay-opacity":"","overlay-gradient":""}}},"product_brand":[],"product_cat":[297],"product_tag":[],"class_list":{"0":"post-37403","1":"product","2":"type-product","3":"status-publish","4":"has-post-thumbnail","6":"product_cat-pozitron-plus-prethodna-linija-proizvoda","7":"product_shipping_class-besplatna-dostava","8":"desktop-align-left","9":"tablet-align-left","10":"mobile-align-left","12":"first","13":"instock","14":"sale","15":"taxable","16":"shipping-taxable","17":"purchasable","18":"product-type-simple"},"yoast_head":"<title>Pozitron Plus URED 5m | PRETHODNA LINIJA PROIZVODA<\/title>\n<meta name=\"description\" content=\"Pozitron Plus URED 5m idealan je za za\u0161titu malog radnog prostora, spava\u0107e sobe... To je najbolji izbor za za\u0161titu va\u0161e radne zone.\" \/>\n<meta name=\"robots\" content=\"index, follow, max-snippet:-1, max-image-preview:large, max-video-preview:-1\" \/>\n<link rel=\"canonical\" href=\"https:\/\/pozitronplus.com\/hr\/proizvod\/pozitron-plus-ured-5m-prethodna-linija-proizvoda\/\" \/>\n<meta property=\"og:locale\" content=\"hr_HR\" \/>\n<meta property=\"og:type\" content=\"article\" \/>\n<meta property=\"og:title\" content=\"Pozitron Plus URED 5m | PRETHODNA LINIJA PROIZVODA\" \/>\n<meta property=\"og:description\" content=\"Pozitron Plus URED 5m idealan je za za\u0161titu malog radnog prostora, spava\u0107e sobe... To je najbolji izbor za za\u0161titu va\u0161e radne zone.\" \/>\n<meta property=\"og:url\" content=\"https:\/\/pozitronplus.com\/hr\/proizvod\/pozitron-plus-ured-5m-prethodna-linija-proizvoda\/\" \/>\n<meta property=\"og:site_name\" content=\"Pozitron Plus\" \/>\n<meta property=\"article:publisher\" content=\"https:\/\/www.facebook.com\/PozitronPlusProtection\" \/>\n<meta property=\"article:modified_time\" content=\"2026-03-03T18:36:21+00:00\" \/>\n<meta property=\"og:image\" content=\"https:\/\/pozitronplus.com\/wp-content\/uploads\/2019\/06\/Pozitron-Plus-5m-URED-PRETHODNA-LINIJA-PROIZVODA-20.jpg\" \/>\n\t<meta property=\"og:image:width\" content=\"1000\" \/>\n\t<meta property=\"og:image:height\" content=\"1000\" \/>\n\t<meta property=\"og:image:type\" content=\"image\/jpeg\" \/>\n<meta name=\"twitter:card\" content=\"summary_large_image\" \/>\n<meta name=\"twitter:label1\" content=\"Procijenjeno vrijeme \u010ditanja\" \/>\n\t<meta name=\"twitter:data1\" content=\"3 minute\" \/>\n<script type=\"application\/ld+json\" class=\"yoast-schema-graph\">{\"@context\":\"https:\\\/\\\/schema.org\",\"@graph\":[{\"@type\":\"WebPage\",\"@id\":\"https:\\\/\\\/pozitronplus.com\\\/hr\\\/proizvod\\\/pozitron-plus-ured-5m-prethodna-linija-proizvoda\\\/\",\"url\":\"https:\\\/\\\/pozitronplus.com\\\/hr\\\/proizvod\\\/pozitron-plus-ured-5m-prethodna-linija-proizvoda\\\/\",\"name\":\"Pozitron Plus URED 5m | PRETHODNA LINIJA PROIZVODA\",\"isPartOf\":{\"@id\":\"https:\\\/\\\/pozitronplus.com\\\/hr\\\/#website\"},\"primaryImageOfPage\":{\"@id\":\"https:\\\/\\\/pozitronplus.com\\\/hr\\\/proizvod\\\/pozitron-plus-ured-5m-prethodna-linija-proizvoda\\\/#primaryimage\"},\"image\":{\"@id\":\"https:\\\/\\\/pozitronplus.com\\\/hr\\\/proizvod\\\/pozitron-plus-ured-5m-prethodna-linija-proizvoda\\\/#primaryimage\"},\"thumbnailUrl\":\"https:\\\/\\\/pozitronplus.com\\\/wp-content\\\/uploads\\\/2019\\\/06\\\/Pozitron-Plus-5m-URED-PRETHODNA-LINIJA-PROIZVODA-20.jpg\",\"datePublished\":\"2022-06-02T11:54:05+00:00\",\"dateModified\":\"2026-03-03T18:36:21+00:00\",\"description\":\"Pozitron Plus URED 5m idealan je za za\u0161titu malog radnog prostora, spava\u0107e sobe... To je najbolji izbor za za\u0161titu va\u0161e radne zone.\",\"breadcrumb\":{\"@id\":\"https:\\\/\\\/pozitronplus.com\\\/hr\\\/proizvod\\\/pozitron-plus-ured-5m-prethodna-linija-proizvoda\\\/#breadcrumb\"},\"inLanguage\":\"hr\",\"potentialAction\":[{\"@type\":\"ReadAction\",\"target\":[\"https:\\\/\\\/pozitronplus.com\\\/hr\\\/proizvod\\\/pozitron-plus-ured-5m-prethodna-linija-proizvoda\\\/\"]}]},{\"@type\":\"ImageObject\",\"inLanguage\":\"hr\",\"@id\":\"https:\\\/\\\/pozitronplus.com\\\/hr\\\/proizvod\\\/pozitron-plus-ured-5m-prethodna-linija-proizvoda\\\/#primaryimage\",\"url\":\"https:\\\/\\\/pozitronplus.com\\\/wp-content\\\/uploads\\\/2019\\\/06\\\/Pozitron-Plus-5m-URED-PRETHODNA-LINIJA-PROIZVODA-20.jpg\",\"contentUrl\":\"https:\\\/\\\/pozitronplus.com\\\/wp-content\\\/uploads\\\/2019\\\/06\\\/Pozitron-Plus-5m-URED-PRETHODNA-LINIJA-PROIZVODA-20.jpg\",\"width\":1000,\"height\":1000},{\"@type\":\"BreadcrumbList\",\"@id\":\"https:\\\/\\\/pozitronplus.com\\\/hr\\\/proizvod\\\/pozitron-plus-ured-5m-prethodna-linija-proizvoda\\\/#breadcrumb\",\"itemListElement\":[{\"@type\":\"ListItem\",\"position\":1,\"name\":\"Home\",\"item\":\"https:\\\/\\\/pozitronplus.com\\\/hr\\\/\"},{\"@type\":\"ListItem\",\"position\":2,\"name\":\"Online Trgovina\",\"item\":\"https:\\\/\\\/pozitronplus.com\\\/hr\\\/online-trgovina\\\/\"},{\"@type\":\"ListItem\",\"position\":3,\"name\":\"Pozitron Plus URED 5m [PRETHODNA LINIJA PROIZVODA]\"}]},{\"@type\":\"WebSite\",\"@id\":\"https:\\\/\\\/pozitronplus.com\\\/hr\\\/#website\",\"url\":\"https:\\\/\\\/pozitronplus.com\\\/hr\\\/\",\"name\":\"Pozitron Plus\",\"description\":\"Pozitron Plus\",\"publisher\":{\"@id\":\"https:\\\/\\\/pozitronplus.com\\\/hr\\\/#organization\"},\"potentialAction\":[{\"@type\":\"SearchAction\",\"target\":{\"@type\":\"EntryPoint\",\"urlTemplate\":\"https:\\\/\\\/pozitronplus.com\\\/hr\\\/?s={search_term_string}\"},\"query-input\":{\"@type\":\"PropertyValueSpecification\",\"valueRequired\":true,\"valueName\":\"search_term_string\"}}],\"inLanguage\":\"hr\"},{\"@type\":\"Organization\",\"@id\":\"https:\\\/\\\/pozitronplus.com\\\/hr\\\/#organization\",\"name\":\"Medi Spa d.o.o.\",\"url\":\"https:\\\/\\\/pozitronplus.com\\\/hr\\\/\",\"logo\":{\"@type\":\"ImageObject\",\"inLanguage\":\"hr\",\"@id\":\"https:\\\/\\\/pozitronplus.com\\\/hr\\\/#\\\/schema\\\/logo\\\/image\\\/\",\"url\":\"https:\\\/\\\/pozitronplus.com\\\/wp-content\\\/uploads\\\/2019\\\/11\\\/Pozitron-Plus-New-Design.png\",\"contentUrl\":\"https:\\\/\\\/pozitronplus.com\\\/wp-content\\\/uploads\\\/2019\\\/11\\\/Pozitron-Plus-New-Design.png\",\"width\":399,\"height\":409,\"caption\":\"Medi Spa d.o.o.\"},\"image\":{\"@id\":\"https:\\\/\\\/pozitronplus.com\\\/hr\\\/#\\\/schema\\\/logo\\\/image\\\/\"},\"sameAs\":[\"https:\\\/\\\/www.facebook.com\\\/PozitronPlusProtection\",\"https:\\\/\\\/www.youtube.com\\\/channel\\\/UCHrklf6QjKGeco-8RVsK6Uw\",\"https:\\\/\\\/www.instagram.com\\\/pozitron_plus\\\/\"]}]}<\/script>","yoast_head_json":{"title":"Pozitron Plus URED 5m | PRETHODNA LINIJA PROIZVODA","description":"Pozitron Plus URED 5m idealan je za za\u0161titu malog radnog prostora, spava\u0107e sobe... To je najbolji izbor za za\u0161titu va\u0161e radne zone.","robots":{"index":"index","follow":"follow","max-snippet":"max-snippet:-1","max-image-preview":"max-image-preview:large","max-video-preview":"max-video-preview:-1"},"canonical":"https:\/\/pozitronplus.com\/hr\/proizvod\/pozitron-plus-ured-5m-prethodna-linija-proizvoda\/","og_locale":"hr_HR","og_type":"article","og_title":"Pozitron Plus URED 5m | PRETHODNA LINIJA PROIZVODA","og_description":"Pozitron Plus URED 5m idealan je za za\u0161titu malog radnog prostora, spava\u0107e sobe... To je najbolji izbor za za\u0161titu va\u0161e radne zone.","og_url":"https:\/\/pozitronplus.com\/hr\/proizvod\/pozitron-plus-ured-5m-prethodna-linija-proizvoda\/","og_site_name":"Pozitron Plus","article_publisher":"https:\/\/www.facebook.com\/PozitronPlusProtection","article_modified_time":"2026-03-03T18:36:21+00:00","og_image":[{"width":1000,"height":1000,"url":"https:\/\/pozitronplus.com\/wp-content\/uploads\/2019\/06\/Pozitron-Plus-5m-URED-PRETHODNA-LINIJA-PROIZVODA-20.jpg","type":"image\/jpeg"}],"twitter_card":"summary_large_image","twitter_misc":{"Procijenjeno vrijeme \u010ditanja":"3 minute"},"schema":{"@context":"https:\/\/schema.org","@graph":[{"@type":"WebPage","@id":"https:\/\/pozitronplus.com\/hr\/proizvod\/pozitron-plus-ured-5m-prethodna-linija-proizvoda\/","url":"https:\/\/pozitronplus.com\/hr\/proizvod\/pozitron-plus-ured-5m-prethodna-linija-proizvoda\/","name":"Pozitron Plus URED 5m | PRETHODNA LINIJA PROIZVODA","isPartOf":{"@id":"https:\/\/pozitronplus.com\/hr\/#website"},"primaryImageOfPage":{"@id":"https:\/\/pozitronplus.com\/hr\/proizvod\/pozitron-plus-ured-5m-prethodna-linija-proizvoda\/#primaryimage"},"image":{"@id":"https:\/\/pozitronplus.com\/hr\/proizvod\/pozitron-plus-ured-5m-prethodna-linija-proizvoda\/#primaryimage"},"thumbnailUrl":"https:\/\/pozitronplus.com\/wp-content\/uploads\/2019\/06\/Pozitron-Plus-5m-URED-PRETHODNA-LINIJA-PROIZVODA-20.jpg","datePublished":"2022-06-02T11:54:05+00:00","dateModified":"2026-03-03T18:36:21+00:00","description":"Pozitron Plus URED 5m idealan je za za\u0161titu malog radnog prostora, spava\u0107e sobe... To je najbolji izbor za za\u0161titu va\u0161e radne zone.","breadcrumb":{"@id":"https:\/\/pozitronplus.com\/hr\/proizvod\/pozitron-plus-ured-5m-prethodna-linija-proizvoda\/#breadcrumb"},"inLanguage":"hr","potentialAction":[{"@type":"ReadAction","target":["https:\/\/pozitronplus.com\/hr\/proizvod\/pozitron-plus-ured-5m-prethodna-linija-proizvoda\/"]}]},{"@type":"ImageObject","inLanguage":"hr","@id":"https:\/\/pozitronplus.com\/hr\/proizvod\/pozitron-plus-ured-5m-prethodna-linija-proizvoda\/#primaryimage","url":"https:\/\/pozitronplus.com\/wp-content\/uploads\/2019\/06\/Pozitron-Plus-5m-URED-PRETHODNA-LINIJA-PROIZVODA-20.jpg","contentUrl":"https:\/\/pozitronplus.com\/wp-content\/uploads\/2019\/06\/Pozitron-Plus-5m-URED-PRETHODNA-LINIJA-PROIZVODA-20.jpg","width":1000,"height":1000},{"@type":"BreadcrumbList","@id":"https:\/\/pozitronplus.com\/hr\/proizvod\/pozitron-plus-ured-5m-prethodna-linija-proizvoda\/#breadcrumb","itemListElement":[{"@type":"ListItem","position":1,"name":"Home","item":"https:\/\/pozitronplus.com\/hr\/"},{"@type":"ListItem","position":2,"name":"Online Trgovina","item":"https:\/\/pozitronplus.com\/hr\/online-trgovina\/"},{"@type":"ListItem","position":3,"name":"Pozitron Plus URED 5m [PRETHODNA LINIJA PROIZVODA]"}]},{"@type":"WebSite","@id":"https:\/\/pozitronplus.com\/hr\/#website","url":"https:\/\/pozitronplus.com\/hr\/","name":"Pozitron Plus","description":"Pozitron Plus","publisher":{"@id":"https:\/\/pozitronplus.com\/hr\/#organization"},"potentialAction":[{"@type":"SearchAction","target":{"@type":"EntryPoint","urlTemplate":"https:\/\/pozitronplus.com\/hr\/?s={search_term_string}"},"query-input":{"@type":"PropertyValueSpecification","valueRequired":true,"valueName":"search_term_string"}}],"inLanguage":"hr"},{"@type":"Organization","@id":"https:\/\/pozitronplus.com\/hr\/#organization","name":"Medi Spa d.o.o.","url":"https:\/\/pozitronplus.com\/hr\/","logo":{"@type":"ImageObject","inLanguage":"hr","@id":"https:\/\/pozitronplus.com\/hr\/#\/schema\/logo\/image\/","url":"https:\/\/pozitronplus.com\/wp-content\/uploads\/2019\/11\/Pozitron-Plus-New-Design.png","contentUrl":"https:\/\/pozitronplus.com\/wp-content\/uploads\/2019\/11\/Pozitron-Plus-New-Design.png","width":399,"height":409,"caption":"Medi Spa d.o.o."},"image":{"@id":"https:\/\/pozitronplus.com\/hr\/#\/schema\/logo\/image\/"},"sameAs":["https:\/\/www.facebook.com\/PozitronPlusProtection","https:\/\/www.youtube.com\/channel\/UCHrklf6QjKGeco-8RVsK6Uw","https:\/\/www.instagram.com\/pozitron_plus\/"]}]}},"_links":{"self":[{"href":"https:\/\/pozitronplus.com\/hr\/wp-json\/wp\/v2\/product\/37403","targetHints":{"allow":["GET"]}}],"collection":[{"href":"https:\/\/pozitronplus.com\/hr\/wp-json\/wp\/v2\/product"}],"about":[{"href":"https:\/\/pozitronplus.com\/hr\/wp-json\/wp\/v2\/types\/product"}],"replies":[{"embeddable":true,"href":"https:\/\/pozitronplus.com\/hr\/wp-json\/wp\/v2\/comments?post=37403"}],"wp:featuredmedia":[{"embeddable":true,"href":"https:\/\/pozitronplus.com\/hr\/wp-json\/wp\/v2\/media\/47868"}],"wp:attachment":[{"href":"https:\/\/pozitronplus.com\/hr\/wp-json\/wp\/v2\/media?parent=37403"}],"wp:term":[{"taxonomy":"product_brand","embeddable":true,"href":"https:\/\/pozitronplus.com\/hr\/wp-json\/wp\/v2\/product_brand?post=37403"},{"taxonomy":"product_cat","embeddable":true,"href":"https:\/\/pozitronplus.com\/hr\/wp-json\/wp\/v2\/product_cat?post=37403"},{"taxonomy":"product_tag","embeddable":true,"href":"https:\/\/pozitronplus.com\/hr\/wp-json\/wp\/v2\/product_tag?post=37403"}],"curies":[{"name":"wp","href":"https:\/\/api.w.org\/{rel}","templated":true}]}}