{"id":37426,"date":"2022-06-02T14:37:29","date_gmt":"2022-06-02T12:37:29","guid":{"rendered":"https:\/\/pozitronplus.com\/?post_type=product&#038;p=37426"},"modified":"2026-03-03T19:32:39","modified_gmt":"2026-03-03T18:32:39","slug":"pozitron-plus-zivotni-prostor-20m-prethodna-linija-proizvoda","status":"publish","type":"product","link":"https:\/\/pozitronplus.com\/hr\/proizvod\/pozitron-plus-zivotni-prostor-20m-prethodna-linija-proizvoda\/","title":{"rendered":"Pozitron Plus \u017dIVOTNI PROSTOR 20m [PRETHODNA LINIJA PROIZVODA]"},"content":{"rendered":"<p><strong>POZITRON PLUS &#8211; \u017dIVOTNI PROSTOR 20m<\/strong> (veli\u010dina <strong>9&#215;9 cm<\/strong>) ima radijus <strong>za\u0161titnog djelovanja 20 metara<\/strong> u svim smjerovima. Pri\u010dvrstite ga na originalnu kutiju i postavite u sredinu stambenog ili poslovnog prostora na radni stol, ormar, ili pod. Tako ste za\u0161titili cijeli stan, sve sobe, dnevni boravak, dje\u010dje sobe, kuhinju &#8211; <strong>SVE<\/strong>!<\/p>\n<p>Osim \u0161to poma\u017ee organizmu u obrani od \u0161tetnih zra\u010denja svih tehni\u010dkih ure\u0111aja i be\u017ei\u010dnih tehnologija unutar \u017eivotnog ili radnog prostora, poma\u017ee \u010dak i u obrani od \u0161tetnih utjecaja <strong>KOJI DOLAZE IZ VANA<\/strong> \u2013 <strong>zra\u010denja repetitora<\/strong>, <strong>satelita<\/strong>, <strong>satelitskih<\/strong> <strong>i radarskih antena<\/strong>, <strong>dalekovoda<\/strong>, <strong>trafostanica<\/strong> <strong>i jake uli\u010dne rasvjete<\/strong>.<\/p>\n<p>Ukoliko je Va\u0161 krevet postavljen na &#8220;<strong>LO\u0160EM MJESTU<\/strong>&#8221; poma\u017ee organizmu u obrani protiv <strong><a href=\"https:\/\/swissharmony.com\/what-are-water-veins\/\">ZRA\u010cENJA PODZEMNIH VODA<\/a><\/strong> i ostalih <strong>prirodnih zra\u010denja<\/strong>. Zidovi mu ne smetaju, jedino vodite ra\u010duna da je pravilno postavljen na svoju kutiju <strong>ZVIJEZDA PREMA SJEVERU<\/strong>, i da je od najbli\u017eeg predmeta ili zida udaljen najmanje 30 cm!<\/p>\n<p><strong>TAKO STE ZA\u0160TITILI CIJELI STAN<\/strong>, <strong>SVE KREVETE<\/strong>, <strong>SVE SOBE<\/strong> <strong>I SVE<\/strong><strong>PROSTORIJE<\/strong>!<\/p>\n<p>Postavite li <strong>POZITRON \u2013 LIVING SPACE<\/strong> vrlo blizu svog tijela, njegov spektar fiziolo\u0161kih frekvencija pozitivno \u0107e stimulirati va\u0161 autonomni \u017eiv\u010dani sustav, djelovat \u0107e umiruju\u0107e na va\u0161 \u017eiv\u010dani sustav i <strong>SNA\u017dNO POVE\u0106ATI PROTOK UNUTARNJE ENERGIJE U SVIM ORGANIMA I ORGANSKIM SUSTAVI<\/strong> (dokazano testovima uz pomo\u0107 elektroakupunktura, testirana sa suvremenim programskim sustavima za frekvencijsku medicinu i dokazana radom iza znanstvenog Certifikata <strong>BION INSTITUTA<\/strong> &#8211; Instituta za bioelektromagnetiku i novo biologiju \u2013 Ljubljana).<\/p>\n<p>Na takav na\u010din vrlo brzo poma\u017ee Va\u0161em tijelu podi\u0107i protok energije, \u0161to Vas ujedno \u010dini prirodno otpornijima na \u0161tetna zra\u010denja, kao i na mnoge bolesti i bolesna stanja, obzirom da poti\u010de prirodno ja\u010danje Va\u0161eg imunolo\u0161kog sustava.<\/p>\n<p><strong>POZITRON PLUS<\/strong> postavljen u <strong>UREDSKE PROSTORIJE<\/strong> poma\u017ee kod stvaranja puno boljih me\u0111uljudskih odnosa, poma\u017ee da bude manje sva\u0111a, manje napetosti, bolja koncentracija, boljeg raspolo\u017eenje, zauzimate pozitivniji stav prema \u017eivotu i radu, optimizam i kreativna energija se pove\u0107ava, a samim time i radni rezultati su bolji, postajete zadovoljniji sami sa sobom i bolje se osje\u0107ate.<\/p>\n<p>Kada je <a href=\"https:\/\/pozitronplus.com\/about-pozitron-plus\/\"><strong>POZITRON PLUS<\/strong><\/a> postavljen u <strong>\u017dIVOTNI PROSTOR<\/strong> (<strong>spava\u0107u sobu<\/strong>, <strong>dje\u010dji boravak<\/strong>, <strong>dnevnu sobu<\/strong>) mo\u017eete primijetiti bolje odnose sa partnerom i djecom, ve\u0107u smirenost i zadovoljstvo svih uku\u0107ana, bolje spavate i bolje se odmorite, imate vi\u0161e energije, bolju otpornost prema bolestima i ja\u010di imunitet, puno rje\u0111e sva\u0111e, djeca bolje u\u010de, smirenija su, imaju bolju koncentraciju, posti\u017eu bolje rezultate u \u0161koli, ku\u0107ni ljubimci su osjetno mirniji i zadovoljniji, biljke bolje uspijevaju&#8230;<\/p>\n<p><strong>POZITRON PLUS \u2013 STAMBENI PROSTOR<\/strong> idealan je za za\u0161titu velikog stana, cijele ku\u0107e, velikog poslovnog prostora s nekoliko ureda, bolnica, poliklinika, ve\u0107ih lije\u010dni\u010dkih ordinacija, psihijatrijskih ordinacija, wellness centara i zona energetskih terapija, salona za masa\u017eu, laboratorija, fizikalne medicine i rehabilitacijski uredi, psihijatrijska bolnica s mnogo pacijenata, domovi za umirovljenike, stara\u010dki domovi, vrti\u0107i, \u0161kole itd. Da biste za\u0161titili ve\u0107e prostore, trebali biste redom povezati dva, tri ili vi\u0161e <strong>POZITRONA<\/strong> &#8211; na svakih <strong>20 metara<\/strong>. pa se tako mogu za\u0161tititi cijeli tvorni\u010dki pogoni od nekoliko stotina metara, cijele zgrade, veliki trgova\u010dki centri, crkve, samostani, u\u010deni\u010dki i studentski domovi i sl. (ili se postavlja <strong>POZITRON PLUS<\/strong> sa radijusom djelovanja <strong>100 metara<\/strong>).<\/p>\n<p>Stigla je i nova <strong>5Gbe\u017ei\u010dna mre\u017ea<\/strong>, koja se vrlo gusto postavlja u sva naseljena mjesta. To \u0107e dodatno poja\u010dati ukupno elektromagnetsko one\u010di\u0161\u0107enje radne i \u017eivotne okoline, no donosi nam i obilje novih mogu\u0107nosti. Zato je u korak sa razvojem modernih tehnologija prijeko potrebno razvijati i moderne proizvode za za\u0161titu ljudskog organizma, koji poma\u017eu ubla\u017eiti njihove \u0161tetne u\u010dinke.<\/p>\n<p><strong>POZITRON PLUS &#8211; \u017dIVOTNI PROSTOR<\/strong> moderan je, visoko-sofisticirani <strong>NANO-TECH PROIZVOD<\/strong>, koji poma\u017ee za\u0161tititi Va\u0161e zdravlje i zdravlje Va\u0161e djece, te Vam pru\u017ea <strong>PUNO VE\u0106U SIGURNOST<\/strong> u okru\u017eenju modernih tehnologija.<\/p>\n","protected":false},"excerpt":{"rendered":"<p><span style=\"color: #800000;\"><strong><span class=\"Y2IQFc\" lang=\"en\">GLAVNA RAZLIKA IZME\u0110U PRETHODNE LINIJE I NOVE LINIJE POZITRON PLUS PROIZVODA JE \u0160TO NOVA LINIJA IMA BOLJU ZA\u0160TITU SAMOG PROIZVODA I PROIZVEDENA JE UZ POMO\u0106 NAPREDNIJE TEHNOLOGIJE KORI\u0160TENE TIJEKOM NANO-TEHNOLO\u0160KE OBRADE PROIZVODA.<\/span><\/strong><\/span><\/p>\n<p><strong>POZITRON PLUS &#8211; \u017dIVOTNI PROSTOR (radijus za\u0161tite 20 metara)<\/strong><\/p>\n<p>Harmonizira energiju tijela, podi\u017ee protok energije kroz sve organe, poma\u017ee Va\u0161em organizmu da se lak\u0161e \u0161titi od <strong>patogenih zra\u010denja tehni\u010dkih ure\u0111aja i be\u017ei\u010dnih tehnologija<\/strong>, te od prirodnih zra\u010denja u radijusu od 20 metar.<\/p>\n<p>Svojim programiranim spektrom fiziolo\u0161kih frekvencija <strong>SNA\u017dNO PODI\u017dE PROTOK ENERGIJE<\/strong> svih organa i organskih sustava \u010ditavog tijela pozitivnom stimulacijom vegetativnog \u017eiv\u010danog sustava, te djeluje umiruju\u0107e na \u017eiv\u010dani sustav. Razbija energetske blokade u organizmu, harmonizira energiju \u010ditavog tijela koje postaje energetski i imunolo\u0161ki sna\u017enije.<\/p>\n<p>Na taj na\u010din stvara sna\u017ean <strong>PRIRODNI ENERGETSKI \u0160TIT<\/strong> u cijelom tijelu i zna\u010dajno umanjuje \u0161tetan u\u010dinak agresivnih frekvencija zra\u010denja iz okoline ( <strong>CERTIFIKAT INSTITUTA BION<\/strong> , <strong>PIP CAMERA TEST \u2013 London<\/strong> , <strong>BIOSTAR TECHNOLOGY test<\/strong> , <strong>ROFES URE\u0110AJ test<\/strong> , <strong>SCIO EDUCTOR test<\/strong> <strong>i QUEST9<\/strong> elektro-fiziolo\u0161ki <strong>Biofeedback ure\u0111aji<\/strong> ).<\/p>\n<p>POZITRON PLUS svojim programiranim frekvencijama u vrlo visokom postotku (preko <strong>90 %<\/strong>&#8211; <strong>CERTIFIKAT EUNES i<\/strong> <strong>i HUPED<\/strong>) <strong>poma\u017ee organizmu<\/strong> <strong>da se brani od elektromagnetskih zra\u010denja tehni\u010dkih ure\u0111aja i be\u017ei\u010dnih tehnologija<\/strong> iz prostora u kojem boravimo (<strong>mobiteli<\/strong>, <strong>be\u017ei\u010dni telefoni<\/strong>, <strong>strujni krugovi<\/strong>, <strong>repetitori<\/strong>, <strong>tablet<\/strong>, <strong>laptop<\/strong>, <strong>ra\u010dunalo<\/strong>, <strong>skeneri<\/strong>, <strong>printeri<\/strong>, <strong>mikrovalna pe\u010dnica<\/strong>, <strong>klima ure\u0111aji<\/strong>, <strong>WI-FI, 4G<\/strong>, <strong>5G mre\u017ea<\/strong> itd.). <strong>Ujedno poma\u017ee organizmu da se obrani od vrlo \u0161tetnog djelovanja prirodnog zra\u010denja<\/strong> (<strong>podzemni tokovi<\/strong>, <strong>Hartmanovo<\/strong> i <strong>Curryjevo zra\u010denje<\/strong>) na mjesta na kojima spavate ili mjesta na kojima provodite vi\u0161e sati sjede\u0107i. Tako iznad prosje\u010dno poma\u017ee u obrani organizma od \u0161tetnih utjecaja \u0160titi vas od velikih kradljivaca ljudske energije iz na\u0161eg \u017eivotnog i radnog okru\u017eenja. Na taj na\u010din se ne gubi unutarnja energija obrambenih mo\u0107i organizma, a imunolo\u0161ki sustav prirodno postaje ja\u010di.<\/p>\n<p id=\"tw-target-text\" class=\"tw-data-text tw-text-large tw-ta\" dir=\"ltr\" data-placeholder=\"Prijevod\"><span class=\"Y2IQFc\" lang=\"en\">\u2014\u2014\u2014\u2014\u2014\u2014\u2014\u2014\u2014\u2014\u2014\u2014\u2014\u2014\u2014\u2014\u2014\u2014\u2014\u2014\u2014- <\/span><\/p>\n<p class=\"tw-data-text tw-text-large tw-ta\" dir=\"ltr\" data-placeholder=\"Prijevod\"><span class=\"Y2IQFc\" lang=\"en\"><span style=\"color: #ff0000;\"><strong>Najni\u017ea cijena proizvoda u razdoblju od 30 dana.<\/strong><\/span> \u2013 Prethodne cijene i popusti su isti.<\/span><\/p>\n","protected":false},"featured_media":47835,"comment_status":"open","ping_status":"closed","template":"","meta":{"_exactmetrics_skip_tracking":false,"_exactmetrics_sitenote_active":false,"_exactmetrics_sitenote_note":"","_exactmetrics_sitenote_category":0,"site-sidebar-layout":"no-sidebar","site-content-layout":"plain-container","ast-site-content-layout":"normal-width-container","site-content-style":"unboxed","site-sidebar-style":"unboxed","ast-global-header-display":"","ast-banner-title-visibility":"","ast-main-header-display":"","ast-hfb-above-header-display":"","ast-hfb-below-header-display":"","ast-hfb-mobile-header-display":"","site-post-title":"","ast-breadcrumbs-content":"","ast-featured-img":"","footer-sml-layout":"","ast-disable-related-posts":"","theme-transparent-header-meta":"disabled","adv-header-id-meta":"","stick-header-meta":"","header-above-stick-meta":"","header-main-stick-meta":"","header-below-stick-meta":"","astra-migrate-meta-layouts":"set","ast-page-background-enabled":"default","ast-page-background-meta":{"desktop":{"background-color":"","background-image":"","background-repeat":"repeat","background-position":"center center","background-size":"auto","background-attachment":"scroll","background-type":"","background-media":"","overlay-type":"","overlay-color":"","overlay-opacity":"","overlay-gradient":""},"tablet":{"background-color":"","background-image":"","background-repeat":"repeat","background-position":"center center","background-size":"auto","background-attachment":"scroll","background-type":"","background-media":"","overlay-type":"","overlay-color":"","overlay-opacity":"","overlay-gradient":""},"mobile":{"background-color":"","background-image":"","background-repeat":"repeat","background-position":"center center","background-size":"auto","background-attachment":"scroll","background-type":"","background-media":"","overlay-type":"","overlay-color":"","overlay-opacity":"","overlay-gradient":""}},"ast-content-background-meta":{"desktop":{"background-color":"var(--ast-global-color-5)","background-image":"","background-repeat":"repeat","background-position":"center center","background-size":"auto","background-attachment":"scroll","background-type":"","background-media":"","overlay-type":"","overlay-color":"","overlay-opacity":"","overlay-gradient":""},"tablet":{"background-color":"var(--ast-global-color-5)","background-image":"","background-repeat":"repeat","background-position":"center center","background-size":"auto","background-attachment":"scroll","background-type":"","background-media":"","overlay-type":"","overlay-color":"","overlay-opacity":"","overlay-gradient":""},"mobile":{"background-color":"var(--ast-global-color-5)","background-image":"","background-repeat":"repeat","background-position":"center center","background-size":"auto","background-attachment":"scroll","background-type":"","background-media":"","overlay-type":"","overlay-color":"","overlay-opacity":"","overlay-gradient":""}}},"product_brand":[],"product_cat":[297],"product_tag":[],"class_list":{"0":"post-37426","1":"product","2":"type-product","3":"status-publish","4":"has-post-thumbnail","6":"product_cat-pozitron-plus-prethodna-linija-proizvoda","7":"product_shipping_class-besplatna-dostava","8":"desktop-align-left","9":"tablet-align-left","10":"mobile-align-left","12":"first","13":"instock","14":"sale","15":"taxable","16":"shipping-taxable","17":"purchasable","18":"product-type-simple"},"yoast_head":"<title>Pozitron Plus \u017dIVOTNI PROSTOR 20m | PRETHODNA LINIJA PROIZVODA<\/title>\n<meta name=\"description\" content=\"POZITRON PLUS \u2013 \u017dIVOTNI PROSTOR 20m poma\u017ee va\u0161em organizmu u obrani od zra\u010denja ve\u0107ine tehni\u010dkih ure\u0111aja i be\u017ei\u010dnih tehnologija.\" \/>\n<meta name=\"robots\" content=\"index, follow, max-snippet:-1, max-image-preview:large, max-video-preview:-1\" \/>\n<link rel=\"canonical\" href=\"https:\/\/pozitronplus.com\/hr\/proizvod\/pozitron-plus-zivotni-prostor-20m-prethodna-linija-proizvoda\/\" \/>\n<meta property=\"og:locale\" content=\"hr_HR\" \/>\n<meta property=\"og:type\" content=\"article\" \/>\n<meta property=\"og:title\" content=\"Pozitron Plus \u017dIVOTNI PROSTOR 20m | PRETHODNA LINIJA PROIZVODA\" \/>\n<meta property=\"og:description\" content=\"POZITRON PLUS \u2013 \u017dIVOTNI PROSTOR 20m poma\u017ee va\u0161em organizmu u obrani od zra\u010denja ve\u0107ine tehni\u010dkih ure\u0111aja i be\u017ei\u010dnih tehnologija.\" \/>\n<meta property=\"og:url\" content=\"https:\/\/pozitronplus.com\/hr\/proizvod\/pozitron-plus-zivotni-prostor-20m-prethodna-linija-proizvoda\/\" \/>\n<meta property=\"og:site_name\" content=\"Pozitron Plus\" \/>\n<meta property=\"article:publisher\" content=\"https:\/\/www.facebook.com\/PozitronPlusProtection\" \/>\n<meta property=\"article:modified_time\" content=\"2026-03-03T18:32:39+00:00\" \/>\n<meta property=\"og:image\" content=\"https:\/\/pozitronplus.com\/wp-content\/uploads\/2019\/06\/Pozitron-Plus-20m-ZIVOTNI-PROSTOR-PRETHODNA-LINIJA-PROIZVODA-25.jpg\" \/>\n\t<meta property=\"og:image:width\" content=\"1000\" \/>\n\t<meta property=\"og:image:height\" content=\"1000\" \/>\n\t<meta property=\"og:image:type\" content=\"image\/jpeg\" \/>\n<meta name=\"twitter:card\" content=\"summary_large_image\" \/>\n<meta name=\"twitter:label1\" content=\"Procijenjeno vrijeme \u010ditanja\" \/>\n\t<meta name=\"twitter:data1\" content=\"3 minute\" \/>\n<script type=\"application\/ld+json\" class=\"yoast-schema-graph\">{\"@context\":\"https:\\\/\\\/schema.org\",\"@graph\":[{\"@type\":\"WebPage\",\"@id\":\"https:\\\/\\\/pozitronplus.com\\\/hr\\\/proizvod\\\/pozitron-plus-zivotni-prostor-20m-prethodna-linija-proizvoda\\\/\",\"url\":\"https:\\\/\\\/pozitronplus.com\\\/hr\\\/proizvod\\\/pozitron-plus-zivotni-prostor-20m-prethodna-linija-proizvoda\\\/\",\"name\":\"Pozitron Plus \u017dIVOTNI PROSTOR 20m | PRETHODNA LINIJA PROIZVODA\",\"isPartOf\":{\"@id\":\"https:\\\/\\\/pozitronplus.com\\\/hr\\\/#website\"},\"primaryImageOfPage\":{\"@id\":\"https:\\\/\\\/pozitronplus.com\\\/hr\\\/proizvod\\\/pozitron-plus-zivotni-prostor-20m-prethodna-linija-proizvoda\\\/#primaryimage\"},\"image\":{\"@id\":\"https:\\\/\\\/pozitronplus.com\\\/hr\\\/proizvod\\\/pozitron-plus-zivotni-prostor-20m-prethodna-linija-proizvoda\\\/#primaryimage\"},\"thumbnailUrl\":\"https:\\\/\\\/pozitronplus.com\\\/wp-content\\\/uploads\\\/2019\\\/06\\\/Pozitron-Plus-20m-ZIVOTNI-PROSTOR-PRETHODNA-LINIJA-PROIZVODA-25.jpg\",\"datePublished\":\"2022-06-02T12:37:29+00:00\",\"dateModified\":\"2026-03-03T18:32:39+00:00\",\"description\":\"POZITRON PLUS \u2013 \u017dIVOTNI PROSTOR 20m poma\u017ee va\u0161em organizmu u obrani od zra\u010denja ve\u0107ine tehni\u010dkih ure\u0111aja i be\u017ei\u010dnih tehnologija.\",\"breadcrumb\":{\"@id\":\"https:\\\/\\\/pozitronplus.com\\\/hr\\\/proizvod\\\/pozitron-plus-zivotni-prostor-20m-prethodna-linija-proizvoda\\\/#breadcrumb\"},\"inLanguage\":\"hr\",\"potentialAction\":[{\"@type\":\"ReadAction\",\"target\":[\"https:\\\/\\\/pozitronplus.com\\\/hr\\\/proizvod\\\/pozitron-plus-zivotni-prostor-20m-prethodna-linija-proizvoda\\\/\"]}]},{\"@type\":\"ImageObject\",\"inLanguage\":\"hr\",\"@id\":\"https:\\\/\\\/pozitronplus.com\\\/hr\\\/proizvod\\\/pozitron-plus-zivotni-prostor-20m-prethodna-linija-proizvoda\\\/#primaryimage\",\"url\":\"https:\\\/\\\/pozitronplus.com\\\/wp-content\\\/uploads\\\/2019\\\/06\\\/Pozitron-Plus-20m-ZIVOTNI-PROSTOR-PRETHODNA-LINIJA-PROIZVODA-25.jpg\",\"contentUrl\":\"https:\\\/\\\/pozitronplus.com\\\/wp-content\\\/uploads\\\/2019\\\/06\\\/Pozitron-Plus-20m-ZIVOTNI-PROSTOR-PRETHODNA-LINIJA-PROIZVODA-25.jpg\",\"width\":1000,\"height\":1000},{\"@type\":\"BreadcrumbList\",\"@id\":\"https:\\\/\\\/pozitronplus.com\\\/hr\\\/proizvod\\\/pozitron-plus-zivotni-prostor-20m-prethodna-linija-proizvoda\\\/#breadcrumb\",\"itemListElement\":[{\"@type\":\"ListItem\",\"position\":1,\"name\":\"Home\",\"item\":\"https:\\\/\\\/pozitronplus.com\\\/hr\\\/\"},{\"@type\":\"ListItem\",\"position\":2,\"name\":\"Online Trgovina\",\"item\":\"https:\\\/\\\/pozitronplus.com\\\/hr\\\/online-trgovina\\\/\"},{\"@type\":\"ListItem\",\"position\":3,\"name\":\"Pozitron Plus \u017dIVOTNI PROSTOR 20m [PRETHODNA LINIJA PROIZVODA]\"}]},{\"@type\":\"WebSite\",\"@id\":\"https:\\\/\\\/pozitronplus.com\\\/hr\\\/#website\",\"url\":\"https:\\\/\\\/pozitronplus.com\\\/hr\\\/\",\"name\":\"Pozitron Plus\",\"description\":\"Pozitron Plus\",\"publisher\":{\"@id\":\"https:\\\/\\\/pozitronplus.com\\\/hr\\\/#organization\"},\"potentialAction\":[{\"@type\":\"SearchAction\",\"target\":{\"@type\":\"EntryPoint\",\"urlTemplate\":\"https:\\\/\\\/pozitronplus.com\\\/hr\\\/?s={search_term_string}\"},\"query-input\":{\"@type\":\"PropertyValueSpecification\",\"valueRequired\":true,\"valueName\":\"search_term_string\"}}],\"inLanguage\":\"hr\"},{\"@type\":\"Organization\",\"@id\":\"https:\\\/\\\/pozitronplus.com\\\/hr\\\/#organization\",\"name\":\"Medi Spa d.o.o.\",\"url\":\"https:\\\/\\\/pozitronplus.com\\\/hr\\\/\",\"logo\":{\"@type\":\"ImageObject\",\"inLanguage\":\"hr\",\"@id\":\"https:\\\/\\\/pozitronplus.com\\\/hr\\\/#\\\/schema\\\/logo\\\/image\\\/\",\"url\":\"https:\\\/\\\/pozitronplus.com\\\/wp-content\\\/uploads\\\/2019\\\/11\\\/Pozitron-Plus-New-Design.png\",\"contentUrl\":\"https:\\\/\\\/pozitronplus.com\\\/wp-content\\\/uploads\\\/2019\\\/11\\\/Pozitron-Plus-New-Design.png\",\"width\":399,\"height\":409,\"caption\":\"Medi Spa d.o.o.\"},\"image\":{\"@id\":\"https:\\\/\\\/pozitronplus.com\\\/hr\\\/#\\\/schema\\\/logo\\\/image\\\/\"},\"sameAs\":[\"https:\\\/\\\/www.facebook.com\\\/PozitronPlusProtection\",\"https:\\\/\\\/www.youtube.com\\\/channel\\\/UCHrklf6QjKGeco-8RVsK6Uw\",\"https:\\\/\\\/www.instagram.com\\\/pozitron_plus\\\/\"]}]}<\/script>","yoast_head_json":{"title":"Pozitron Plus \u017dIVOTNI PROSTOR 20m | PRETHODNA LINIJA PROIZVODA","description":"POZITRON PLUS \u2013 \u017dIVOTNI PROSTOR 20m poma\u017ee va\u0161em organizmu u obrani od zra\u010denja ve\u0107ine tehni\u010dkih ure\u0111aja i be\u017ei\u010dnih tehnologija.","robots":{"index":"index","follow":"follow","max-snippet":"max-snippet:-1","max-image-preview":"max-image-preview:large","max-video-preview":"max-video-preview:-1"},"canonical":"https:\/\/pozitronplus.com\/hr\/proizvod\/pozitron-plus-zivotni-prostor-20m-prethodna-linija-proizvoda\/","og_locale":"hr_HR","og_type":"article","og_title":"Pozitron Plus \u017dIVOTNI PROSTOR 20m | PRETHODNA LINIJA PROIZVODA","og_description":"POZITRON PLUS \u2013 \u017dIVOTNI PROSTOR 20m poma\u017ee va\u0161em organizmu u obrani od zra\u010denja ve\u0107ine tehni\u010dkih ure\u0111aja i be\u017ei\u010dnih tehnologija.","og_url":"https:\/\/pozitronplus.com\/hr\/proizvod\/pozitron-plus-zivotni-prostor-20m-prethodna-linija-proizvoda\/","og_site_name":"Pozitron Plus","article_publisher":"https:\/\/www.facebook.com\/PozitronPlusProtection","article_modified_time":"2026-03-03T18:32:39+00:00","og_image":[{"width":1000,"height":1000,"url":"https:\/\/pozitronplus.com\/wp-content\/uploads\/2019\/06\/Pozitron-Plus-20m-ZIVOTNI-PROSTOR-PRETHODNA-LINIJA-PROIZVODA-25.jpg","type":"image\/jpeg"}],"twitter_card":"summary_large_image","twitter_misc":{"Procijenjeno vrijeme \u010ditanja":"3 minute"},"schema":{"@context":"https:\/\/schema.org","@graph":[{"@type":"WebPage","@id":"https:\/\/pozitronplus.com\/hr\/proizvod\/pozitron-plus-zivotni-prostor-20m-prethodna-linija-proizvoda\/","url":"https:\/\/pozitronplus.com\/hr\/proizvod\/pozitron-plus-zivotni-prostor-20m-prethodna-linija-proizvoda\/","name":"Pozitron Plus \u017dIVOTNI PROSTOR 20m | PRETHODNA LINIJA PROIZVODA","isPartOf":{"@id":"https:\/\/pozitronplus.com\/hr\/#website"},"primaryImageOfPage":{"@id":"https:\/\/pozitronplus.com\/hr\/proizvod\/pozitron-plus-zivotni-prostor-20m-prethodna-linija-proizvoda\/#primaryimage"},"image":{"@id":"https:\/\/pozitronplus.com\/hr\/proizvod\/pozitron-plus-zivotni-prostor-20m-prethodna-linija-proizvoda\/#primaryimage"},"thumbnailUrl":"https:\/\/pozitronplus.com\/wp-content\/uploads\/2019\/06\/Pozitron-Plus-20m-ZIVOTNI-PROSTOR-PRETHODNA-LINIJA-PROIZVODA-25.jpg","datePublished":"2022-06-02T12:37:29+00:00","dateModified":"2026-03-03T18:32:39+00:00","description":"POZITRON PLUS \u2013 \u017dIVOTNI PROSTOR 20m poma\u017ee va\u0161em organizmu u obrani od zra\u010denja ve\u0107ine tehni\u010dkih ure\u0111aja i be\u017ei\u010dnih tehnologija.","breadcrumb":{"@id":"https:\/\/pozitronplus.com\/hr\/proizvod\/pozitron-plus-zivotni-prostor-20m-prethodna-linija-proizvoda\/#breadcrumb"},"inLanguage":"hr","potentialAction":[{"@type":"ReadAction","target":["https:\/\/pozitronplus.com\/hr\/proizvod\/pozitron-plus-zivotni-prostor-20m-prethodna-linija-proizvoda\/"]}]},{"@type":"ImageObject","inLanguage":"hr","@id":"https:\/\/pozitronplus.com\/hr\/proizvod\/pozitron-plus-zivotni-prostor-20m-prethodna-linija-proizvoda\/#primaryimage","url":"https:\/\/pozitronplus.com\/wp-content\/uploads\/2019\/06\/Pozitron-Plus-20m-ZIVOTNI-PROSTOR-PRETHODNA-LINIJA-PROIZVODA-25.jpg","contentUrl":"https:\/\/pozitronplus.com\/wp-content\/uploads\/2019\/06\/Pozitron-Plus-20m-ZIVOTNI-PROSTOR-PRETHODNA-LINIJA-PROIZVODA-25.jpg","width":1000,"height":1000},{"@type":"BreadcrumbList","@id":"https:\/\/pozitronplus.com\/hr\/proizvod\/pozitron-plus-zivotni-prostor-20m-prethodna-linija-proizvoda\/#breadcrumb","itemListElement":[{"@type":"ListItem","position":1,"name":"Home","item":"https:\/\/pozitronplus.com\/hr\/"},{"@type":"ListItem","position":2,"name":"Online Trgovina","item":"https:\/\/pozitronplus.com\/hr\/online-trgovina\/"},{"@type":"ListItem","position":3,"name":"Pozitron Plus \u017dIVOTNI PROSTOR 20m [PRETHODNA LINIJA PROIZVODA]"}]},{"@type":"WebSite","@id":"https:\/\/pozitronplus.com\/hr\/#website","url":"https:\/\/pozitronplus.com\/hr\/","name":"Pozitron Plus","description":"Pozitron Plus","publisher":{"@id":"https:\/\/pozitronplus.com\/hr\/#organization"},"potentialAction":[{"@type":"SearchAction","target":{"@type":"EntryPoint","urlTemplate":"https:\/\/pozitronplus.com\/hr\/?s={search_term_string}"},"query-input":{"@type":"PropertyValueSpecification","valueRequired":true,"valueName":"search_term_string"}}],"inLanguage":"hr"},{"@type":"Organization","@id":"https:\/\/pozitronplus.com\/hr\/#organization","name":"Medi Spa d.o.o.","url":"https:\/\/pozitronplus.com\/hr\/","logo":{"@type":"ImageObject","inLanguage":"hr","@id":"https:\/\/pozitronplus.com\/hr\/#\/schema\/logo\/image\/","url":"https:\/\/pozitronplus.com\/wp-content\/uploads\/2019\/11\/Pozitron-Plus-New-Design.png","contentUrl":"https:\/\/pozitronplus.com\/wp-content\/uploads\/2019\/11\/Pozitron-Plus-New-Design.png","width":399,"height":409,"caption":"Medi Spa d.o.o."},"image":{"@id":"https:\/\/pozitronplus.com\/hr\/#\/schema\/logo\/image\/"},"sameAs":["https:\/\/www.facebook.com\/PozitronPlusProtection","https:\/\/www.youtube.com\/channel\/UCHrklf6QjKGeco-8RVsK6Uw","https:\/\/www.instagram.com\/pozitron_plus\/"]}]}},"_links":{"self":[{"href":"https:\/\/pozitronplus.com\/hr\/wp-json\/wp\/v2\/product\/37426","targetHints":{"allow":["GET"]}}],"collection":[{"href":"https:\/\/pozitronplus.com\/hr\/wp-json\/wp\/v2\/product"}],"about":[{"href":"https:\/\/pozitronplus.com\/hr\/wp-json\/wp\/v2\/types\/product"}],"replies":[{"embeddable":true,"href":"https:\/\/pozitronplus.com\/hr\/wp-json\/wp\/v2\/comments?post=37426"}],"wp:featuredmedia":[{"embeddable":true,"href":"https:\/\/pozitronplus.com\/hr\/wp-json\/wp\/v2\/media\/47835"}],"wp:attachment":[{"href":"https:\/\/pozitronplus.com\/hr\/wp-json\/wp\/v2\/media?parent=37426"}],"wp:term":[{"taxonomy":"product_brand","embeddable":true,"href":"https:\/\/pozitronplus.com\/hr\/wp-json\/wp\/v2\/product_brand?post=37426"},{"taxonomy":"product_cat","embeddable":true,"href":"https:\/\/pozitronplus.com\/hr\/wp-json\/wp\/v2\/product_cat?post=37426"},{"taxonomy":"product_tag","embeddable":true,"href":"https:\/\/pozitronplus.com\/hr\/wp-json\/wp\/v2\/product_tag?post=37426"}],"curies":[{"name":"wp","href":"https:\/\/api.w.org\/{rel}","templated":true}]}}