{"id":37547,"date":"2022-04-23T01:04:19","date_gmt":"2022-04-22T23:04:19","guid":{"rendered":"https:\/\/pozitronplus.com\/product\/pozitron-plus-vitality-collar-zastitna-ogrlica\/"},"modified":"2026-03-04T00:30:37","modified_gmt":"2026-03-03T23:30:37","slug":"pozitron-plus-vitality-collar-zastitna-ogrlica","status":"publish","type":"product","link":"https:\/\/pozitronplus.com\/hr\/proizvod\/pozitron-plus-vitality-collar-zastitna-ogrlica\/","title":{"rendered":"Pozitron Plus VITALITY COLLAR &#8211; ZA\u0160TITNA OGRLICA"},"content":{"rendered":"<p><strong>Pozitron Plus VITALITY COLLAR \u2013 ZA\u0160TITNA OGRLICA<\/strong> jedinstveni je <strong>NANO-TECH<\/strong> proizvod 21. stolje\u0107a, koji poma\u017ee u <strong>ZA\u0160TITI ZDRAVLJA<\/strong>, <strong>POVE\u0106ANJU PROTOKA ENERGIJE<\/strong>, <strong>JA\u010cANJU IMUNOSNOG SUSTAVA I PRODU\u017dIVANJU \u017dIVOTNOG VIJEKA va\u0161eg psa<\/strong>.<\/p>\n<p>Veterinarska struka upozorava da negativni u\u010dinci poja\u010danog elektromagnetskog zra\u010denja (pove\u0107ana potro\u0161nja pse\u0107eg imuniteta za borbu protiv agresivnih frekvencija) u znatno mla\u0111oj dobi po\u010dinju uzrokovati probleme sa srcem, \u017eiv\u010danim sustavom, bolni degenerativni sindrom kralje\u017enice, kostiju i zglobova. , slabe cirkulaciju uzrokuju hormonalne poreme\u0107aje, izrazito slabe imunitet i uvelike pove\u0107avaju rizik od autoimunih i kancerogenih bolesti kod pasa.<\/p>\n<p>Pove\u0107ano tehni\u010dko zra\u010denje uzrokuje potro\u0161nju unutarnje energije pasa danju i no\u0107u, posebno kod pasa koji \u017eive kao \u010dlanovi na\u0161ih obitelji. Sve to utje\u010de na pove\u0107anu potro\u0161nju energije obrambenih snaga psa, koje se prirodno odupiru nametnutim agresivnim frekvencijama zra\u010denja. Time se smanjuje protok energije kroz tijelo psa, \u0161to <strong>JAKO<\/strong>slabi imunitet psa, te otvara daleko ve\u0107u vjerojatnost lo\u0161eg zdravlja i razvoja bolesti.<\/p>\n<p><strong>Pozitron Plus VITALITY COLLAR &#8211; ZA\u0160TITNA OGRLICA<\/strong>proizvedena je zahvaljuju\u0107i sofisticiranim mogu\u0107nostima koje pru\u017ea <strong>NANO-TEHNOLOGIJA<\/strong>. Osim \u0161to podi\u017eu vitalnu energiju pse\u0107eg organizma, programirane frekvencije <strong>DOG PROTECT-a<\/strong> neutraliziraju patogeni spektar elektromagnetskog zra\u010denja iz okoline. Na taj na\u010din dodatno \u0161tite imunolo\u0161ki sustav psa koji se ne mora aktivirati za obranu tijela od agresivnih frekvencija zra\u010denja, pa tijelo zadr\u017eava vi\u0161e unutarnje energije. Dakle, DOG PROTECT frekvencije tijekom dana i no\u0107i pru\u017eaju natprosje\u010dnu za\u0161titu zdravlja va\u0161eg psa od \u0161tetnog djelovanja <strong>PRIRODNO ZRA\u010cENJE <\/strong>(npr <strong>podzemnog toka vode<\/strong> na mjestu gdje pas spava), \u0161tetni u\u010dinci <strong>ELEKTROMAGNETSKOG ZRA\u010cENJA<\/strong> tehni\u010dki ure\u0111aji iz okoline kojom je okru\u017een (<strong>ra\u010dunalo<\/strong>, <strong>WI-FI be\u017ei\u010dni signali<\/strong>, <strong>3G<\/strong>, <strong>4G<\/strong>, <strong>5G mre\u017ea<\/strong>, <strong>TV<\/strong>, <strong>strujni krugovi <\/strong>, <strong>itd. <\/strong>&#8230;) i <strong>EMR<\/strong>koja dolazi izvana (<strong>repetitori<\/strong>, <strong>antene<\/strong>, <strong>sateliti<\/strong>, <strong>radari<\/strong>, <strong>trafostanice<\/strong> itd&#8230;).<\/p>\n<p>Ova vrsta za\u0161tite je <strong>IZUZETNO KORISNA<\/strong> i <strong>DOBRO DO\u0160LA<\/strong> posebno za pse koji \u017eive u stanovima i ku\u0107ama, jer organizam psa nije evoluirao da se prilagodi sve agresivnijim utjecajima <strong>ELEKTRO-SMOG-a<\/strong>, s obzirom na brzi razvoj modernih tehnologija oko nas.<\/p>\n<p><strong>DOG PROTECT<\/strong> ugra\u0111en je u pse\u0107u ogrlicu &#8211; <strong>VITALITY COLLAR<\/strong>, posti\u017ee za\u0161titni u\u010dinak u radijusu od <strong>2 metra<\/strong>, te funkcionira kao <strong>MALI ODA\u0160ILJA\u010c PROGRAMIRANOG SPEKTRA FIZIOLO\u0160KIH FREKVENCIJA<\/strong>, koje su kompatibilne s fiziolo\u0161kim frekvencijama tijela psa.<\/p>\n<p>Stoga se pod njegovim utjecajem tijelo psa lak\u0161e osloba\u0111a od nakupljenog <strong>stresa<\/strong>, <strong>napetosti<\/strong>, <strong>nervoze<\/strong> i <strong>tjeskobe<\/strong>, a tijelo postaje energetski ja\u010de i prirodno otpornije na mnoge bolesti, ali i na <strong>\u0161tetno djelovanje patogenih zra\u010denja<\/strong> iz na\u0161eg okoli\u0161a.<\/p>\n<p>Preporu\u010da se da pas stalno nosi za\u0161titnu ogrlicu, a idealno ju je koristiti u kombinaciji sa <strong>ZA\u0160TITNOM PLO\u010cOM &#8211; DOG PLACE<\/strong> za pse\u0107u ku\u0107icu ili kreveti\u0107, \u0161to je najbolja mogu\u0107a za\u0161tita mjesta gdje pas spava. U tom slu\u010daju mo\u017eete skinuti za\u0161titni ovratnik tijekom no\u0107i (ali ne morate).<\/p>\n<p><strong>KOJE SU PREDNOSTI REDOVITE UPOTREBE VITALITY OGRLICE?<\/strong><\/p>\n<p>Redovito kori\u0161tenje <strong>Pozitron Plus VITALITY COLLAR &#8211; ZA\u0160TITNE OGRLICE<\/strong>, poma\u017ee u za\u0161titi zdravlja tijela va\u0161eg ljubimca od sve agresivnijeg utjecaja <strong>ELEKTRO SMOG-a<\/strong> koji stvaraju strujni krugovi, tehni\u010dki ure\u0111aji i be\u017ei\u010dne tehnologije u va\u0161em \u017eivotnom prostoru.<\/p>\n<p>Tako\u0111er, redovito kori\u0161tenje ogrlice poma\u017ee tijelu psa da ima bolji protok energije kroz sve organe i organske sustave, \u0161to ga \u010dini energetski ja\u010dim. Bolji protok energije omogu\u0107uje bolje funkcioniranje obrambenih snaga organizma i posljedi\u010dno ja\u010di imunitet. Tako va\u0161 pas postaje otporniji na mnoge akutne i kroni\u010dne bolesti, rje\u0111e obolijeva, a kada se razboli br\u017ee se oporavlja od bolesti. Ako je va\u0161 pas ve\u0107 bolestan, no\u0161enje <strong>Pozitron Plus VITALITY OGRLICE &#8211; ZA\u0160TITNE OGRLICE<\/strong> moglo bi u kratkom vremenskom razdoblju omogu\u0107iti vidljive pozitivne promjene na bolje, upravo zbog pove\u0107anja protoka energije organizma (prema dosada\u0161njim testovima veterinarskih klinika u <strong>Australiji<\/strong>, <strong>Sloveniji<\/strong> i <strong>Hrvatskoj<\/strong>) zabilje\u017eeni su izvrsni pozitivni rezultati. Od <strong>80 posto <\/strong>ispitanih starijih pasa koji su imali kroni\u010dne zdravstvene probleme, psi s ogrlicom <strong>VITALITY COLLAR<\/strong> imali su mnogo manje \u0161anse da dobiju krpelja od onih bez ogrlice. Stoga izbjegava lijepljenje na ko\u017eu za\u0161ti\u0107enih pasa, ali jo\u0161 uvijek istra\u017eujemo ovaj segment i dajemo samo neslu\u017ebene podatke.<\/p>\n<p>Svojim spektrom programiranih frekvencija, <strong>Pozitron Plus VITALITY COLLAR &#8211; ZA\u0160TITNA OGRLICA<\/strong> ima sna\u017eno umiruju\u0107e djelovanje na autonomni \u017eiv\u010dani sustav psa, pa se pas lak\u0161e rje\u0161ava <strong>nagomilanog stresa<\/strong>, <strong>napetosti<\/strong>, <strong>tjeskobe <\/strong>i <strong>anksioznosti<\/strong>. Zahvaljuju\u0107i tome pas \u0107e biti <strong>miran<\/strong>, <strong>manje pla\u0161ljiv<\/strong>, <strong>manje nervozan<\/strong>, <strong>manje anksiozan<\/strong>, <strong>manje agresiva<\/strong>n i <strong>rijetko bolestan<\/strong>. Stariji psi postaju \u017eivahniji, vra\u0107a im se volja za igrom, mo\u017ee se primijetiti ubla\u017eavanje nekih kroni\u010dnih tegoba koje ih mu\u010de ve\u0107 du\u017ee vrijeme, rje\u0111e obolijevaju, a kad obole, period rehabilitacije je br\u017ei do oporavka. Mladi psi pod utjecajem ogrlice bit \u0107e poslu\u0161niji, smireniji i lak\u0161i za dresuru s ve\u0107im uspjehom. Stoga se kori\u0161tenje <strong>Pozitron Plus VITALITY COLLAR &#8211; ZA\u0160TITNE OGRLICE<\/strong> preporu\u010da svim dobnim skupinama pasa koji \u017eive u stanovima i ku\u0107ama kao \u010dlanovi na\u0161ih obitelji. Pomo\u0107i \u0107e starijim psima s ve\u0107 zabilje\u017eenim kroni\u010dnim zdravstvenim problemima da ubla\u017ee tegobe i pomo\u0107i mla\u0111im psima da rijetko obolijevaju i dugoro\u010dno ostanu zdravi. Vijek trajanja <strong>VITALITY OGRLICE<\/strong> je oko 3 godine, a jamstveni rok je 1 godina.<\/p>\n<p><strong>Pozitron Plus VITALITY COLLAR &#8211; ZA\u0160TITNA OGRLICA<\/strong> je moderan, visokosofisticiran <strong>NANO-TECH PROIZVOD<\/strong>, koji poma\u017ee u za\u0161titi zdravlja va\u0161eg psa, te mu pru\u017ea <strong>MNOGO VI\u0160E SIGURNOSTI<\/strong> u okru\u017eenju modernih tehnologija.<\/p>\n","protected":false},"excerpt":{"rendered":"<p><strong>Pozitron Plus VITALITY OGRLICA &#8211; ZA\u0160TITNA OGRLICA <\/strong> postavlja se oko vrata va\u0161eg psa umjesto trenutne ogrlice, a radijus pozitivnog za\u0161titnog u\u010dinka je oko 2 metra. <strong>POZITRON PLUS &#8211; DOG PROTECT <\/strong> je implementiran unutar ogrlice, a funkcionira kao <strong>MALI ODA\u0160ILJA\u010c PROGRAMIRANOG SPEKTRA FIZIOLO\u0160KIH FREKVENCIJA<\/strong>, koji je kompatibilan s fiziolo\u0161kim frekvencijama tijela psa.<\/p>\n<p>Sna\u017ean utjecaj fiziolo\u0161kih frekvencija ogrlice poti\u010de puno bolji protok energije kroz sve energetske centre, otklanja energetske blokade, djeluje umiruju\u0107e na autonomni \u017eiv\u010dani sustav. Stoga se pse\u0107i organizam pod utjecajem <strong>DOG PROTECT-a<\/strong> lak\u0161e rje\u0161ava nagomilanog stresa, napetosti, nervoze i tjeskobe. Zahvaljuju\u0107i tome pas \u0107e biti osjetno smireniji i zadovoljniji, manje pla\u0161ljiv, manje nervozan, manje anksiozan, manje agresivan itd. Stariji psi postaju \u017eivlji, vra\u0107a im se volja za igrom, mo\u017eete primijetiti olak\u0161anje nekih kroni\u010dnih bolesti koje ih mu\u010de ve\u0107 du\u017ee vrijeme. obolijevaju, a kad obole, period rehabilitacije do oporavka je br\u017ei.<\/p>\n<p>Zahvaljuju\u0107i utjecaju <strong>VITALITY COLLAR &#8211; ZA\u0160TITNE OGRLICE<\/strong>, pas kontinuirano ima puno bolji protok energije kroz sve organe i organske sustave, posljedi\u010dno razvijaju\u0107i znatno ja\u010di imunitet i otpornost na mnoge bolesti, a samim time razvija i ve\u0107u otpornost na \u0161tetno zra\u010denje iz ljudske okoline.<\/p>\n<p>\u2014\u2014\u2014\u2014\u2014\u2014\u2014\u2014\u2014\u2014\u2014\u2014\u2014\u2014\u2014\u2014\u2014\u2014\u2014\u2014\u2014-<\/p>\n<p><span style=\"color: #ff0000;\"><strong>Najni\u017ea cijena proizvoda u razdoblju od 30 dana.<\/strong><\/span> \u2013 <span class=\"Y2IQFc\" lang=\"en\">Prethodna cijena i popusti: M-VELI\u010cINA (Plava &amp; Crvena) <strong>\u20ac46.16<\/strong> &#8211; L-VELI\u010cINA (Plava &amp; Crvena) <strong>\u20ac50.17<\/strong>.<\/span><\/p>\n<p dir=\"ltr\" data-placeholder=\"Prijevod\"><span class=\"Y2IQFc\" lang=\"en\">\u2014\u2014\u2014\u2014\u2014\u2014\u2014\u2014\u2014\u2014\u2014\u2014\u2014\u2014\u2014\u2014\u2014\u2014\u2014\u2014\u2014-<\/span><\/p>\n<p dir=\"ltr\" data-placeholder=\"Prijevod\"><strong>Preporukom do besplatnih proizvoda:<\/strong><\/p>\n<p dir=\"ltr\" data-placeholder=\"Prijevod\"><a href=\"https:\/\/pozitronplus.com\/hr\/preporucite-i-preuzmite-pozitron-plus-proizvode-besplatno\/\"><img decoding=\"async\" class=\"alignnone wp-image-49207 size-medium\" src=\"http:\/\/pozitronplus.com\/wp-content\/uploads\/2025\/12\/JEDINSTVENA-PONUDA-BESPLATNI-PROIZVODI.jpg\" alt=\"\" width=\"300\" height=\"37\" \/><\/a><\/p>\n<p><span class=\"Y2IQFc\" lang=\"en\">\u2014\u2014\u2014\u2014\u2014\u2014\u2014\u2014\u2014\u2014\u2014\u2014\u2014\u2014\u2014\u2014\u2014\u2014\u2014\u2014\u2014-<\/span><\/p>\n","protected":false},"featured_media":37555,"comment_status":"open","ping_status":"closed","template":"","meta":{"_exactmetrics_skip_tracking":false,"_exactmetrics_sitenote_active":false,"_exactmetrics_sitenote_note":"","_exactmetrics_sitenote_category":0,"site-sidebar-layout":"no-sidebar","site-content-layout":"plain-container","ast-site-content-layout":"normal-width-container","site-content-style":"unboxed","site-sidebar-style":"unboxed","ast-global-header-display":"","ast-banner-title-visibility":"","ast-main-header-display":"","ast-hfb-above-header-display":"","ast-hfb-below-header-display":"","ast-hfb-mobile-header-display":"","site-post-title":"","ast-breadcrumbs-content":"","ast-featured-img":"","footer-sml-layout":"","ast-disable-related-posts":"","theme-transparent-header-meta":"disabled","adv-header-id-meta":"","stick-header-meta":"","header-above-stick-meta":"","header-main-stick-meta":"","header-below-stick-meta":"","astra-migrate-meta-layouts":"set","ast-page-background-enabled":"default","ast-page-background-meta":{"desktop":{"background-color":"","background-image":"","background-repeat":"repeat","background-position":"center center","background-size":"auto","background-attachment":"scroll","background-type":"","background-media":"","overlay-type":"","overlay-color":"","overlay-opacity":"","overlay-gradient":""},"tablet":{"background-color":"","background-image":"","background-repeat":"repeat","background-position":"center center","background-size":"auto","background-attachment":"scroll","background-type":"","background-media":"","overlay-type":"","overlay-color":"","overlay-opacity":"","overlay-gradient":""},"mobile":{"background-color":"","background-image":"","background-repeat":"repeat","background-position":"center center","background-size":"auto","background-attachment":"scroll","background-type":"","background-media":"","overlay-type":"","overlay-color":"","overlay-opacity":"","overlay-gradient":""}},"ast-content-background-meta":{"desktop":{"background-color":"var(--ast-global-color-5)","background-image":"","background-repeat":"repeat","background-position":"center center","background-size":"auto","background-attachment":"scroll","background-type":"","background-media":"","overlay-type":"","overlay-color":"","overlay-opacity":"","overlay-gradient":""},"tablet":{"background-color":"var(--ast-global-color-5)","background-image":"","background-repeat":"repeat","background-position":"center center","background-size":"auto","background-attachment":"scroll","background-type":"","background-media":"","overlay-type":"","overlay-color":"","overlay-opacity":"","overlay-gradient":""},"mobile":{"background-color":"var(--ast-global-color-5)","background-image":"","background-repeat":"repeat","background-position":"center center","background-size":"auto","background-attachment":"scroll","background-type":"","background-media":"","overlay-type":"","overlay-color":"","overlay-opacity":"","overlay-gradient":""}}},"product_brand":[],"product_cat":[216],"product_tag":[],"class_list":{"0":"post-37547","1":"product","2":"type-product","3":"status-publish","4":"has-post-thumbnail","6":"product_cat-zastita-za-psa-i-macku","7":"product_shipping_class-fiksna-cijena-hr","8":"desktop-align-left","9":"tablet-align-left","10":"mobile-align-left","12":"first","13":"instock","14":"taxable","15":"shipping-taxable","16":"purchasable","17":"product-type-variable"},"yoast_head":"<title>Pozitron Plus VITALITY COLLAR - ZA\u0160TITNA OGRLICA | Web Shop<\/title>\n<meta name=\"description\" content=\"Pozitron Plus VITALITY COLLAR - ZA\u0160TITNA OGRLICA je moderan NANO-TECH PROIZVOD, koji poma\u017ee u za\u0161titi zdravlja va\u0161eg psa.\" \/>\n<meta name=\"robots\" content=\"index, follow, max-snippet:-1, max-image-preview:large, max-video-preview:-1\" \/>\n<link rel=\"canonical\" href=\"https:\/\/pozitronplus.com\/hr\/proizvod\/pozitron-plus-vitality-collar-zastitna-ogrlica\/\" \/>\n<meta property=\"og:locale\" content=\"hr_HR\" \/>\n<meta property=\"og:type\" content=\"article\" \/>\n<meta property=\"og:title\" content=\"Pozitron Plus VITALITY COLLAR - ZA\u0160TITNA OGRLICA | Web Shop\" \/>\n<meta property=\"og:description\" content=\"Pozitron Plus VITALITY COLLAR - ZA\u0160TITNA OGRLICA je moderan NANO-TECH PROIZVOD, koji poma\u017ee u za\u0161titi zdravlja va\u0161eg psa.\" \/>\n<meta property=\"og:url\" content=\"https:\/\/pozitronplus.com\/hr\/proizvod\/pozitron-plus-vitality-collar-zastitna-ogrlica\/\" \/>\n<meta property=\"og:site_name\" content=\"Pozitron Plus\" \/>\n<meta property=\"article:publisher\" content=\"https:\/\/www.facebook.com\/PozitronPlusProtection\" \/>\n<meta property=\"article:modified_time\" content=\"2026-03-03T23:30:37+00:00\" \/>\n<meta property=\"og:image\" content=\"http:\/\/pozitronplus.com\/wp-content\/uploads\/2022\/04\/Pozitron-Plus-Zastita-Za-Psa-M-L.jpg\" \/>\n\t<meta property=\"og:image:width\" content=\"1000\" \/>\n\t<meta property=\"og:image:height\" content=\"1000\" \/>\n\t<meta property=\"og:image:type\" content=\"image\/jpeg\" \/>\n<meta name=\"twitter:card\" content=\"summary_large_image\" \/>\n<meta name=\"twitter:label1\" content=\"Procijenjeno vrijeme \u010ditanja\" \/>\n\t<meta name=\"twitter:data1\" content=\"4 minute\" \/>\n<script type=\"application\/ld+json\" class=\"yoast-schema-graph\">{\"@context\":\"https:\\\/\\\/schema.org\",\"@graph\":[{\"@type\":\"WebPage\",\"@id\":\"https:\\\/\\\/pozitronplus.com\\\/hr\\\/proizvod\\\/pozitron-plus-vitality-collar-zastitna-ogrlica\\\/\",\"url\":\"https:\\\/\\\/pozitronplus.com\\\/hr\\\/proizvod\\\/pozitron-plus-vitality-collar-zastitna-ogrlica\\\/\",\"name\":\"Pozitron Plus VITALITY COLLAR - ZA\u0160TITNA OGRLICA | Web Shop\",\"isPartOf\":{\"@id\":\"https:\\\/\\\/pozitronplus.com\\\/hr\\\/#website\"},\"primaryImageOfPage\":{\"@id\":\"https:\\\/\\\/pozitronplus.com\\\/hr\\\/proizvod\\\/pozitron-plus-vitality-collar-zastitna-ogrlica\\\/#primaryimage\"},\"image\":{\"@id\":\"https:\\\/\\\/pozitronplus.com\\\/hr\\\/proizvod\\\/pozitron-plus-vitality-collar-zastitna-ogrlica\\\/#primaryimage\"},\"thumbnailUrl\":\"https:\\\/\\\/pozitronplus.com\\\/wp-content\\\/uploads\\\/2022\\\/04\\\/Pozitron-Plus-Zastita-Za-Psa-M-L.jpg\",\"datePublished\":\"2022-04-22T23:04:19+00:00\",\"dateModified\":\"2026-03-03T23:30:37+00:00\",\"description\":\"Pozitron Plus VITALITY COLLAR - ZA\u0160TITNA OGRLICA je moderan NANO-TECH PROIZVOD, koji poma\u017ee u za\u0161titi zdravlja va\u0161eg psa.\",\"breadcrumb\":{\"@id\":\"https:\\\/\\\/pozitronplus.com\\\/hr\\\/proizvod\\\/pozitron-plus-vitality-collar-zastitna-ogrlica\\\/#breadcrumb\"},\"inLanguage\":\"hr\",\"potentialAction\":[{\"@type\":\"ReadAction\",\"target\":[\"https:\\\/\\\/pozitronplus.com\\\/hr\\\/proizvod\\\/pozitron-plus-vitality-collar-zastitna-ogrlica\\\/\"]}]},{\"@type\":\"ImageObject\",\"inLanguage\":\"hr\",\"@id\":\"https:\\\/\\\/pozitronplus.com\\\/hr\\\/proizvod\\\/pozitron-plus-vitality-collar-zastitna-ogrlica\\\/#primaryimage\",\"url\":\"https:\\\/\\\/pozitronplus.com\\\/wp-content\\\/uploads\\\/2022\\\/04\\\/Pozitron-Plus-Zastita-Za-Psa-M-L.jpg\",\"contentUrl\":\"https:\\\/\\\/pozitronplus.com\\\/wp-content\\\/uploads\\\/2022\\\/04\\\/Pozitron-Plus-Zastita-Za-Psa-M-L.jpg\",\"width\":1000,\"height\":1000},{\"@type\":\"BreadcrumbList\",\"@id\":\"https:\\\/\\\/pozitronplus.com\\\/hr\\\/proizvod\\\/pozitron-plus-vitality-collar-zastitna-ogrlica\\\/#breadcrumb\",\"itemListElement\":[{\"@type\":\"ListItem\",\"position\":1,\"name\":\"Home\",\"item\":\"https:\\\/\\\/pozitronplus.com\\\/hr\\\/\"},{\"@type\":\"ListItem\",\"position\":2,\"name\":\"Online Trgovina\",\"item\":\"https:\\\/\\\/pozitronplus.com\\\/hr\\\/online-trgovina\\\/\"},{\"@type\":\"ListItem\",\"position\":3,\"name\":\"Pozitron Plus VITALITY COLLAR &#8211; ZA\u0160TITNA OGRLICA\"}]},{\"@type\":\"WebSite\",\"@id\":\"https:\\\/\\\/pozitronplus.com\\\/hr\\\/#website\",\"url\":\"https:\\\/\\\/pozitronplus.com\\\/hr\\\/\",\"name\":\"Pozitron Plus\",\"description\":\"Pozitron Plus\",\"publisher\":{\"@id\":\"https:\\\/\\\/pozitronplus.com\\\/hr\\\/#organization\"},\"potentialAction\":[{\"@type\":\"SearchAction\",\"target\":{\"@type\":\"EntryPoint\",\"urlTemplate\":\"https:\\\/\\\/pozitronplus.com\\\/hr\\\/?s={search_term_string}\"},\"query-input\":{\"@type\":\"PropertyValueSpecification\",\"valueRequired\":true,\"valueName\":\"search_term_string\"}}],\"inLanguage\":\"hr\"},{\"@type\":\"Organization\",\"@id\":\"https:\\\/\\\/pozitronplus.com\\\/hr\\\/#organization\",\"name\":\"Medi Spa d.o.o.\",\"url\":\"https:\\\/\\\/pozitronplus.com\\\/hr\\\/\",\"logo\":{\"@type\":\"ImageObject\",\"inLanguage\":\"hr\",\"@id\":\"https:\\\/\\\/pozitronplus.com\\\/hr\\\/#\\\/schema\\\/logo\\\/image\\\/\",\"url\":\"https:\\\/\\\/pozitronplus.com\\\/wp-content\\\/uploads\\\/2019\\\/11\\\/Pozitron-Plus-New-Design.png\",\"contentUrl\":\"https:\\\/\\\/pozitronplus.com\\\/wp-content\\\/uploads\\\/2019\\\/11\\\/Pozitron-Plus-New-Design.png\",\"width\":399,\"height\":409,\"caption\":\"Medi Spa d.o.o.\"},\"image\":{\"@id\":\"https:\\\/\\\/pozitronplus.com\\\/hr\\\/#\\\/schema\\\/logo\\\/image\\\/\"},\"sameAs\":[\"https:\\\/\\\/www.facebook.com\\\/PozitronPlusProtection\",\"https:\\\/\\\/www.youtube.com\\\/channel\\\/UCHrklf6QjKGeco-8RVsK6Uw\",\"https:\\\/\\\/www.instagram.com\\\/pozitron_plus\\\/\"]}]}<\/script>","yoast_head_json":{"title":"Pozitron Plus VITALITY COLLAR - ZA\u0160TITNA OGRLICA | Web Shop","description":"Pozitron Plus VITALITY COLLAR - ZA\u0160TITNA OGRLICA je moderan NANO-TECH PROIZVOD, koji poma\u017ee u za\u0161titi zdravlja va\u0161eg psa.","robots":{"index":"index","follow":"follow","max-snippet":"max-snippet:-1","max-image-preview":"max-image-preview:large","max-video-preview":"max-video-preview:-1"},"canonical":"https:\/\/pozitronplus.com\/hr\/proizvod\/pozitron-plus-vitality-collar-zastitna-ogrlica\/","og_locale":"hr_HR","og_type":"article","og_title":"Pozitron Plus VITALITY COLLAR - ZA\u0160TITNA OGRLICA | Web Shop","og_description":"Pozitron Plus VITALITY COLLAR - ZA\u0160TITNA OGRLICA je moderan NANO-TECH PROIZVOD, koji poma\u017ee u za\u0161titi zdravlja va\u0161eg psa.","og_url":"https:\/\/pozitronplus.com\/hr\/proizvod\/pozitron-plus-vitality-collar-zastitna-ogrlica\/","og_site_name":"Pozitron Plus","article_publisher":"https:\/\/www.facebook.com\/PozitronPlusProtection","article_modified_time":"2026-03-03T23:30:37+00:00","og_image":[{"width":1000,"height":1000,"url":"http:\/\/pozitronplus.com\/wp-content\/uploads\/2022\/04\/Pozitron-Plus-Zastita-Za-Psa-M-L.jpg","type":"image\/jpeg"}],"twitter_card":"summary_large_image","twitter_misc":{"Procijenjeno vrijeme \u010ditanja":"4 minute"},"schema":{"@context":"https:\/\/schema.org","@graph":[{"@type":"WebPage","@id":"https:\/\/pozitronplus.com\/hr\/proizvod\/pozitron-plus-vitality-collar-zastitna-ogrlica\/","url":"https:\/\/pozitronplus.com\/hr\/proizvod\/pozitron-plus-vitality-collar-zastitna-ogrlica\/","name":"Pozitron Plus VITALITY COLLAR - ZA\u0160TITNA OGRLICA | Web Shop","isPartOf":{"@id":"https:\/\/pozitronplus.com\/hr\/#website"},"primaryImageOfPage":{"@id":"https:\/\/pozitronplus.com\/hr\/proizvod\/pozitron-plus-vitality-collar-zastitna-ogrlica\/#primaryimage"},"image":{"@id":"https:\/\/pozitronplus.com\/hr\/proizvod\/pozitron-plus-vitality-collar-zastitna-ogrlica\/#primaryimage"},"thumbnailUrl":"https:\/\/pozitronplus.com\/wp-content\/uploads\/2022\/04\/Pozitron-Plus-Zastita-Za-Psa-M-L.jpg","datePublished":"2022-04-22T23:04:19+00:00","dateModified":"2026-03-03T23:30:37+00:00","description":"Pozitron Plus VITALITY COLLAR - ZA\u0160TITNA OGRLICA je moderan NANO-TECH PROIZVOD, koji poma\u017ee u za\u0161titi zdravlja va\u0161eg psa.","breadcrumb":{"@id":"https:\/\/pozitronplus.com\/hr\/proizvod\/pozitron-plus-vitality-collar-zastitna-ogrlica\/#breadcrumb"},"inLanguage":"hr","potentialAction":[{"@type":"ReadAction","target":["https:\/\/pozitronplus.com\/hr\/proizvod\/pozitron-plus-vitality-collar-zastitna-ogrlica\/"]}]},{"@type":"ImageObject","inLanguage":"hr","@id":"https:\/\/pozitronplus.com\/hr\/proizvod\/pozitron-plus-vitality-collar-zastitna-ogrlica\/#primaryimage","url":"https:\/\/pozitronplus.com\/wp-content\/uploads\/2022\/04\/Pozitron-Plus-Zastita-Za-Psa-M-L.jpg","contentUrl":"https:\/\/pozitronplus.com\/wp-content\/uploads\/2022\/04\/Pozitron-Plus-Zastita-Za-Psa-M-L.jpg","width":1000,"height":1000},{"@type":"BreadcrumbList","@id":"https:\/\/pozitronplus.com\/hr\/proizvod\/pozitron-plus-vitality-collar-zastitna-ogrlica\/#breadcrumb","itemListElement":[{"@type":"ListItem","position":1,"name":"Home","item":"https:\/\/pozitronplus.com\/hr\/"},{"@type":"ListItem","position":2,"name":"Online Trgovina","item":"https:\/\/pozitronplus.com\/hr\/online-trgovina\/"},{"@type":"ListItem","position":3,"name":"Pozitron Plus VITALITY COLLAR &#8211; ZA\u0160TITNA OGRLICA"}]},{"@type":"WebSite","@id":"https:\/\/pozitronplus.com\/hr\/#website","url":"https:\/\/pozitronplus.com\/hr\/","name":"Pozitron Plus","description":"Pozitron Plus","publisher":{"@id":"https:\/\/pozitronplus.com\/hr\/#organization"},"potentialAction":[{"@type":"SearchAction","target":{"@type":"EntryPoint","urlTemplate":"https:\/\/pozitronplus.com\/hr\/?s={search_term_string}"},"query-input":{"@type":"PropertyValueSpecification","valueRequired":true,"valueName":"search_term_string"}}],"inLanguage":"hr"},{"@type":"Organization","@id":"https:\/\/pozitronplus.com\/hr\/#organization","name":"Medi Spa d.o.o.","url":"https:\/\/pozitronplus.com\/hr\/","logo":{"@type":"ImageObject","inLanguage":"hr","@id":"https:\/\/pozitronplus.com\/hr\/#\/schema\/logo\/image\/","url":"https:\/\/pozitronplus.com\/wp-content\/uploads\/2019\/11\/Pozitron-Plus-New-Design.png","contentUrl":"https:\/\/pozitronplus.com\/wp-content\/uploads\/2019\/11\/Pozitron-Plus-New-Design.png","width":399,"height":409,"caption":"Medi Spa d.o.o."},"image":{"@id":"https:\/\/pozitronplus.com\/hr\/#\/schema\/logo\/image\/"},"sameAs":["https:\/\/www.facebook.com\/PozitronPlusProtection","https:\/\/www.youtube.com\/channel\/UCHrklf6QjKGeco-8RVsK6Uw","https:\/\/www.instagram.com\/pozitron_plus\/"]}]}},"_links":{"self":[{"href":"https:\/\/pozitronplus.com\/hr\/wp-json\/wp\/v2\/product\/37547","targetHints":{"allow":["GET"]}}],"collection":[{"href":"https:\/\/pozitronplus.com\/hr\/wp-json\/wp\/v2\/product"}],"about":[{"href":"https:\/\/pozitronplus.com\/hr\/wp-json\/wp\/v2\/types\/product"}],"replies":[{"embeddable":true,"href":"https:\/\/pozitronplus.com\/hr\/wp-json\/wp\/v2\/comments?post=37547"}],"wp:featuredmedia":[{"embeddable":true,"href":"https:\/\/pozitronplus.com\/hr\/wp-json\/wp\/v2\/media\/37555"}],"wp:attachment":[{"href":"https:\/\/pozitronplus.com\/hr\/wp-json\/wp\/v2\/media?parent=37547"}],"wp:term":[{"taxonomy":"product_brand","embeddable":true,"href":"https:\/\/pozitronplus.com\/hr\/wp-json\/wp\/v2\/product_brand?post=37547"},{"taxonomy":"product_cat","embeddable":true,"href":"https:\/\/pozitronplus.com\/hr\/wp-json\/wp\/v2\/product_cat?post=37547"},{"taxonomy":"product_tag","embeddable":true,"href":"https:\/\/pozitronplus.com\/hr\/wp-json\/wp\/v2\/product_tag?post=37547"}],"curies":[{"name":"wp","href":"https:\/\/api.w.org\/{rel}","templated":true}]}}